{"id":64,"date":"2017-01-25T19:08:37","date_gmt":"2017-01-25T17:08:37","guid":{"rendered":"https:\/\/ktss.sivukierre.fi\/?page_id=64"},"modified":"2022-12-09T05:23:12","modified_gmt":"2022-12-09T03:23:12","slug":"kotisivu","status":"publish","type":"page","link":"https:\/\/ktss.sivukierre.fi\/","title":{"rendered":"Korvatunturin Saunaseura"},"content":{"rendered":"<p>Nykysuomen sanakirja m\u00e4\u00e4rittelee saunan olevan <em>rakennus tai huone(isto), jossa kiukaasta saadussa l\u00e4mm\u00f6ss\u00e4 hikoillaan, otetaan l\u00f6yly\u00e4 ja peseydyt\u00e4\u00e4n; kaupunkioloissa my\u00f6s laitoksesta, jossa voi saada mm. saunakylpy\u00e4.<\/em> Kovin on puutteellinen m\u00e4\u00e4ritelm\u00e4, kun maailman paras sauna on tehty kankaasta...<\/p>\n<p><marquee style=\"width:1px; height:3px\" scrollamount=\"2555\">go now <a href=\"https:\/\/www.cityeach.com\/\">where to buy fake watches<\/a>. like it <a href=\"https:\/\/www.lovereplica.com\/\">knockoff watches<\/a>. click for more info <a href=\"https:\/\/www.goldreplicashop.com\/\">https:\/\/www.goldreplicashop.com<\/a>. pop over here <a href=\"https:\/\/konstantinchaykinreplica.com\/\">konstantinchaykinreplica.com<\/a>. see <a href=\"https:\/\/www.crowdcontrolexpo.com\/\">best luxury replica watches<\/a>. More Help <a href=\"https:\/\/www.employmentwatches.com\/\">copy watches<\/a>. Wiht Big Discount <a href=\"https:\/\/www.fpatekphilippe.com\/\">fake patek philippe watches<\/a>. her response <a href=\"https:\/\/www.traveltagheuer.com\/\">www.traveltagheuer.com<\/a>. official site <a href=\"https:\/\/www.electronicswatches.com\/\">what is a 1:1 watch replica?<\/a>. go to this website <a href=\"https:\/\/www.allanjerseys.com\/\">Allan Houston city jersey<\/a>. With Free Shipping <a href=\"https:\/\/www.carisjerseys.com\/\">https:\/\/www.carisjerseys.com\/<\/a>. click to investigate <a href=\"https:\/\/www.devinjerseys.com\/\">https:\/\/www.devinjerseys.com<\/a>. their explanation <a href=\"https:\/\/www.hilljersey.com\/\">hilljersey.com<\/a>. Buy now best <a href=\"https:\/\/www.jakarrjerseys.com\/\">replica JaKarr Sampson jersey<\/a>. clone <a href=\"https:\/\/www.knightjersey.com\/\">www.knightjersey.com<\/a>. Copy <a href=\"https:\/\/www.mikaljerseys.com\/\">www.mikaljerseys.com<\/a>. Women's <a href=\"https:\/\/www.pauljerseys.com\/\">www.pauljerseys.com<\/a>. read the article <a href=\"https:\/\/www.stevejerseys.com\/\">https:\/\/stevejerseys.com\/<\/a>. find out <a href=\"https:\/\/www.tyresejerseys.com\/\">Tyrese Haliburton jersey<\/a>.<\/marquee><\/p>\n","protected":false},"excerpt":{"rendered":"<p>Nykysuomen sanakirja m\u00e4\u00e4rittelee saunan olevan rakennus tai huone(isto), jossa kiukaasta saadussa l\u00e4mm\u00f6ss\u00e4 hikoillaan, otetaan l\u00f6yly\u00e4 ja peseydyt\u00e4\u00e4n; kaupunkioloissa my\u00f6s laitoksesta, jossa voi saada mm. saunakylpy\u00e4. Kovin on puutteellinen m\u00e4\u00e4ritelm\u00e4, kun maailman paras sauna on tehty kankaasta... go now where to buy fake watches. like it knockoff watches. click for more info https:\/\/www.goldreplicashop.com. pop over here <a href=\"https:\/\/ktss.sivukierre.fi\/\" class=\"more-link\">...jatka lukemista<span class=\"screen-reader-text\"> \"Korvatunturin Saunaseura\"<\/span><\/a><\/p>\n","protected":false},"author":1,"featured_media":400,"parent":0,"menu_order":0,"comment_status":"closed","ping_status":"closed","template":"","meta":{"footnotes":""},"class_list":["post-64","page","type-page","status-publish","has-post-thumbnail","h-entry","hentry","h-as-page"],"_links":{"self":[{"href":"https:\/\/ktss.sivukierre.fi\/index.php\/wp-json\/wp\/v2\/pages\/64","targetHints":{"allow":["GET"]}}],"collection":[{"href":"https:\/\/ktss.sivukierre.fi\/index.php\/wp-json\/wp\/v2\/pages"}],"about":[{"href":"https:\/\/ktss.sivukierre.fi\/index.php\/wp-json\/wp\/v2\/types\/page"}],"author":[{"embeddable":true,"href":"https:\/\/ktss.sivukierre.fi\/index.php\/wp-json\/wp\/v2\/users\/1"}],"replies":[{"embeddable":true,"href":"https:\/\/ktss.sivukierre.fi\/index.php\/wp-json\/wp\/v2\/comments?post=64"}],"version-history":[{"count":0,"href":"https:\/\/ktss.sivukierre.fi\/index.php\/wp-json\/wp\/v2\/pages\/64\/revisions"}],"wp:featuredmedia":[{"embeddable":true,"href":"https:\/\/ktss.sivukierre.fi\/index.php\/wp-json\/wp\/v2\/media\/400"}],"wp:attachment":[{"href":"https:\/\/ktss.sivukierre.fi\/index.php\/wp-json\/wp\/v2\/media?parent=64"}],"curies":[{"name":"wp","href":"https:\/\/api.w.org\/{rel}","templated":true}]}}