{"id":53,"date":"2017-01-25T18:26:10","date_gmt":"2017-01-25T16:26:10","guid":{"rendered":"https:\/\/ktss.sivukierre.fi\/?page_id=53"},"modified":"2023-02-03T15:39:03","modified_gmt":"2023-02-03T13:39:03","slug":"kuvia","status":"publish","type":"page","link":"https:\/\/ktss.sivukierre.fi\/index.php\/kuvia\/","title":{"rendered":"Kuvia"},"content":{"rendered":"<p>Lapissa, useimmiten - In Lapland, mostly<\/p>\n<p style=\"padding-left: 30px;\"><a href=\"\/images\/Sarek1\/index.html\" target=\"_blank\" rel=\"noopener\">Sarek1<\/a> \/ <a href=\"\/images\/Kuppis\/index.html\" target=\"_blank\" rel=\"noopener\">Kuppis<\/a> \/ <a href=\"\/images\/Pyhiinvaellus\/index.html\" target=\"_blank\" rel=\"noopener\">Pyhiinvaellus <\/a>\/ <a href=\"\/images\/Hyy\/index.html\" target=\"_blank\" rel=\"noopener\">Hyy<\/a> \/ <a href=\"\/images\/Kessi\/index.html\" target=\"_blank\" rel=\"noopener\">Inari ja Kessi<\/a> \/ <a href=\"\/images\/Tuiskukurussa\/index.html\" target=\"_blank\" rel=\"noopener\">J\u00e4ljill\u00e4 Tuiskukurussa<\/a> \/ <a href=\"https:\/\/photos.google.com\/share\/AF1QipNsm5C3Y0-j0goOSvdtnBg6hFP27QnuzGbYd7_QFyrl239-TXD7-LbeUVoQNheIaA?key=aV94MWROUURwUjZUMDExX3daVVNBSUM5cWRqYUZB\" target=\"_blank\" rel=\"noopener\">Pyhiinvaellus2<\/a> \/ <a href=\"\/images\/Vetokeikka\/index.html\" target=\"_blank\" rel=\"noopener\">Vetokeikka<\/a>\/ <a href=\"\/images\/Paasiainen2007\/index.html\" target=\"_blank\" rel=\"noopener\">Kamojenrikkomareissu<\/a><\/p>\n<p>Anti-Hymer -retki - Anti-Hymer trip<\/p>\n<p style=\"padding-left: 30px;\"><a href=\"\/images\/Anti-Hymer Trip\/index.html\" target=\"_blank\" rel=\"noopener\">Tarinan tueksi<\/a> \/ <a href=\"\/images\/Wolfsschanze\/index.html\" target=\"_blank\" rel=\"noopener\">Poland, Gizycko, Wolfschanze<\/a> \/ <a href=\"\/images\/Sapuskat\/index.html\" target=\"_blank\" rel=\"noopener\">Sapuskat<\/a><\/p>\n<p>Espanjan haminoilla - Spain and vicinity<\/p>\n<p style=\"padding-left: 30px;\"><a href=\"\/images\/201011_Almunecar\/album\/index.html\" target=\"_blank\" rel=\"noopener\">Almunecar<\/a> \/ <a href=\"\/images\/201010_Sevilla\/album\/index.html\" target=\"_blank\" rel=\"noopener\">Sevilla<\/a> \/ <a href=\"\/images\/Cordoba_201011\/album\/index.html\" target=\"_blank\" rel=\"noopener\">Cordoba<\/a> \/ <a href=\"\/images\/Marokko_201011\/index.html\" target=\"_blank\" rel=\"noopener\">Marokko<\/a> \/ <a href=\"\/images\/201012_Granada\/album\/index.html\" target=\"_blank\" rel=\"noopener\">Granada<\/a><\/p>\n<p>Niit\u00e4 n\u00e4it\u00e4 - This and that<\/p>\n<p style=\"padding-left: 30px;\"><a href=\"\/images\/Saunasarja1\/index.html\" target=\"_blank\" rel=\"noopener\">Saunasarja1<\/a> \/ <a href=\"\/images\/skydive\/index.html\" target=\"_blank\" rel=\"noopener\">Jumpsis j\u00f6mpsis<\/a><\/p>\n<p><img loading=\"lazy\" decoding=\"async\" class=\"size-large wp-image-525 alignnone\" src=\"https:\/\/ktss.sivukierre.fi\/wp-content\/uploads\/2017\/08\/IMG-20170806-WA0000-768x1024.jpg\" alt=\"\" width=\"640\" height=\"853\" srcset=\"https:\/\/ktss.sivukierre.fi\/wp-content\/uploads\/2017\/08\/IMG-20170806-WA0000-768x1024.jpg 768w, https:\/\/ktss.sivukierre.fi\/wp-content\/uploads\/2017\/08\/IMG-20170806-WA0000-225x300.jpg 225w, https:\/\/ktss.sivukierre.fi\/wp-content\/uploads\/2017\/08\/IMG-20170806-WA0000.jpg 1200w\" sizes=\"auto, (max-width: 640px) 100vw, 640px\" \/><\/p>\n","protected":false},"excerpt":{"rendered":"<p>Lapissa, useimmiten - In Lapland, mostly Sarek1 \/ Kuppis \/ Pyhiinvaellus \/ Hyy \/ Inari ja Kessi \/ J\u00e4ljill\u00e4 Tuiskukurussa \/ Pyhiinvaellus2 \/ Vetokeikka\/ Kamojenrikkomareissu Anti-Hymer -retki - Anti-Hymer trip Tarinan tueksi \/ Poland, Gizycko, Wolfschanze \/ Sapuskat Espanjan haminoilla - Spain and vicinity Almunecar \/ Sevilla \/ Cordoba \/ Marokko \/ Granada Niit\u00e4 n\u00e4it\u00e4 <a href=\"https:\/\/ktss.sivukierre.fi\/index.php\/kuvia\/\" class=\"more-link\">...jatka lukemista<span class=\"screen-reader-text\"> \"Kuvia\"<\/span><\/a><\/p>\n","protected":false},"author":1,"featured_media":24,"parent":0,"menu_order":1,"comment_status":"closed","ping_status":"closed","template":"","meta":{"footnotes":""},"class_list":["post-53","page","type-page","status-publish","has-post-thumbnail","h-entry","hentry","h-as-page"],"_links":{"self":[{"href":"https:\/\/ktss.sivukierre.fi\/index.php\/wp-json\/wp\/v2\/pages\/53","targetHints":{"allow":["GET"]}}],"collection":[{"href":"https:\/\/ktss.sivukierre.fi\/index.php\/wp-json\/wp\/v2\/pages"}],"about":[{"href":"https:\/\/ktss.sivukierre.fi\/index.php\/wp-json\/wp\/v2\/types\/page"}],"author":[{"embeddable":true,"href":"https:\/\/ktss.sivukierre.fi\/index.php\/wp-json\/wp\/v2\/users\/1"}],"replies":[{"embeddable":true,"href":"https:\/\/ktss.sivukierre.fi\/index.php\/wp-json\/wp\/v2\/comments?post=53"}],"version-history":[{"count":1,"href":"https:\/\/ktss.sivukierre.fi\/index.php\/wp-json\/wp\/v2\/pages\/53\/revisions"}],"predecessor-version":[{"id":1136,"href":"https:\/\/ktss.sivukierre.fi\/index.php\/wp-json\/wp\/v2\/pages\/53\/revisions\/1136"}],"wp:featuredmedia":[{"embeddable":true,"href":"https:\/\/ktss.sivukierre.fi\/index.php\/wp-json\/wp\/v2\/media\/24"}],"wp:attachment":[{"href":"https:\/\/ktss.sivukierre.fi\/index.php\/wp-json\/wp\/v2\/media?parent=53"}],"curies":[{"name":"wp","href":"https:\/\/api.w.org\/{rel}","templated":true}]}}