{"id":395,"date":"2017-02-17T14:20:25","date_gmt":"2017-02-17T12:20:25","guid":{"rendered":"https:\/\/ktss.sivukierre.fi\/?page_id=395"},"modified":"2017-02-17T18:18:51","modified_gmt":"2017-02-17T16:18:51","slug":"lammitysohje1","status":"publish","type":"page","link":"https:\/\/ktss.sivukierre.fi\/index.php\/lammitysohje1\/","title":{"rendered":"L\u00e4mmitysohje"},"content":{"rendered":"<hr \/>\n<p align=\"left\">Jotta ei totuus unohtuisi, ohjeistamme t\u00e4ss\u00e4 oletussaunamme l\u00e4mmitt\u00e4misen:<\/p>\n<ol>\n<li>\n<p align=\"left\">Kaikki alkaa puista, jotka\u00a0 sijaitsevat joko <a href=\"\/images\/Anti-Hymer%20Trip\/images\/sauna1.jpg\" target=\"_blank\">saunan seinustalla<\/a> tai <a href=\"\/images\/Anti-Hymer%20Trip\/images\/puuvaja1.jpg\" target=\"_blank\">vajassa<\/a>. Saunapuut ovat niit\u00e4 lyhyemm\u00e4n sorttisia. Pitemm\u00e4t poltellaan takassa.<\/p>\n<\/li>\n<li>\n<p align=\"left\">Klapien tulee olla <a href=\"\/images\/Anti-Hymer%20Trip\/images\/klapit1.jpg\" target=\"_blank\">normikoon<\/a> t\u00e4ytt\u00e4vi\u00e4. Peukalos\u00e4\u00e4nt\u00f6n\u00e4 tai poropeukaloille nyrkkis\u00e4\u00e4nt\u00f6n\u00e4 on, ett\u00e4 varastointikokoiset halot tulee pilkkoa kukin kahdeksi-kolmeksi klapiksi. Niit\u00e4 varataan noin <a href=\"\/images\/Anti-Hymer%20Trip\/images\/klapit1.jpg\" target=\"_blank\">kehikollinen<\/a> vastaten 2-3 pes\u00e4llist\u00e4. Vain hyvin kuivattu koivu kelpaa!<\/p>\n<\/li>\n<li>\n<p align=\"left\">Tuhkatkin vied\u00e4\u00e4n pes\u00e4st\u00e4 pihan per\u00e4lle.<\/p>\n<\/li>\n<li>\n<p align=\"left\">Jos syttyj\u00e4 ylip\u00e4\u00e4t\u00e4\u00e4n k\u00e4ytet\u00e4\u00e4n, k\u00e4ytet\u00e4\u00e4n kourallista <a href=\"\/images\/Anti-Hymer%20Trip\/images\/tuohi1.jpg\" target=\"_blank\">tuohta<\/a> ja <b>vain<\/b> tuohta! On kaivon ry\u00f6n\u00e4\u00e4miseen verrattava majesteettirikos polttaa saunan pes\u00e4ss\u00e4 MIT\u00c4\u00c4N muuta kuin tuohta ja koivua. Rikokseen syyllistyneilt\u00e4 perseet tervataan.<\/p>\n<\/li>\n<li>\n<p align=\"left\">Sytyt asetetaan alimmaksi kahden <a href=\"\/images\/Anti-Hymer%20Trip\/images\/klapit2.jpg\" target=\"_blank\">perusklapin<\/a> v\u00e4liin. Toinen <a href=\"\/images\/Anti-Hymer%20Trip\/images\/pesa1.jpg\" target=\"_blank\">kerros<\/a> klapeja hieman vinoon perusklapien p\u00e4\u00e4lle, jotteiv\u00e4t sytyt littaannu tukehduksiin. Pes\u00e4\u00e4 ei t\u00e4ytet\u00e4 t\u00e4yteen, vaan se t\u00e4ytet\u00e4\u00e4n <a href=\"\/images\/Anti-Hymer%20Trip\/images\/pesa1.jpg\" target=\"_blank\">ylit\u00e4yteen<\/a> - kuten Erkkikin aikanaan reppuja hyppyvaljaisiin pakkautti! Ja Erkki jos kuka tiesi.<\/p>\n<\/li>\n<li>\n<p align=\"left\"><a href=\"\/images\/Anti-Hymer%20Trip\/images\/luukut1.jpg\" target=\"_blank\">Savuluukkuj\u00f6\u00f6ti<\/a> avataan, <a href=\"\/images\/Anti-Hymer%20Trip\/images\/luukut1.jpg\" target=\"_blank\">l\u00f6ylyluukku<\/a> suljetaan, tuhkaluukku raolleen ja torven <a href=\"\/images\/Anti-Hymer%20Trip\/images\/luukut2.jpg\" target=\"_blank\">liperikaulus<\/a> suljetaan.<\/p>\n<\/li>\n<li>\n<p align=\"left\"><a href=\"\/images\/Anti-Hymer%20Trip\/images\/pesa1.jpg\" target=\"_blank\">TULTA<\/a>, ja <a href=\"\/images\/Anti-Hymer%20Trip\/images\/olut1.jpg\" target=\"_blank\">l\u00e4mmitysoluen<\/a> saa avata.<\/p>\n<\/li>\n<li>\n<p align=\"left\">L\u00e4mp\u00f6tilasta, tuulista ja ilmanpaineista riippuen kiuas <a href=\"\/images\/Anti-Hymer%20Trip\/images\/savu1.jpg\" target=\"_blank\">\u00f6kkyytt\u00e4\u00e4<\/a> ensin sis\u00e4\u00e4n, ja saattaa sit\u00e4 tulla pesuhuoneen puolelta padankin luukusta ennenkuin hormi l\u00e4mpi\u00e4\u00e4 vetokuntoon. Kun Jupiter osuu Joutsenen t\u00e4hdist\u00f6\u00f6n, savuttaa p\u00f6ntt\u00f6 varmasti. Siit\u00e4 ei pid\u00e4 v\u00e4litt\u00e4\u00e4, vaan tilannetta tulee <a href=\"\/images\/Anti-Hymer%20Trip\/images\/savu2.jpg\" target=\"_blank\">tarkkailla<\/a> verannalla olutta juoden.<\/p>\n<\/li>\n<li>\n<p align=\"left\">Pes\u00e4llinen palaa n. 30 minuutissa. Pes\u00e4\u00e4 ei pid\u00e4 polttaa aivan loppuun, vaan seuraava t\u00e4ytt\u00f6 tehd\u00e4\u00e4n, kun pes\u00e4n pohjalla on viel\u00e4 kunnon hiillos.<\/p>\n<\/li>\n<li>\n<p align=\"left\">Kun toinenkin on palanut, kurkistetaan l\u00f6ylyluukusta: jos alimmat kivet jo punoittavat, t\u00e4ytet\u00e4\u00e4n puoli pes\u00e4llist\u00e4, muuten t\u00e4ysi.<\/p>\n<\/li>\n<li>\n<p align=\"left\">Kun viimeinen pes\u00e4llinen on <a href=\"\/images\/Anti-Hymer%20Trip\/images\/pesa2.jpg\" target=\"_blank\">helvetin esikartanoasteella<\/a>, jossa ei en\u00e4\u00e4 esiinny sinisi\u00e4k\u00e4\u00e4n liekkej\u00e4, mutta jossa <a href=\"\/images\/Anti-Hymer%20Trip\/images\/luukut3.jpg\" target=\"_blank\">ylimm\u00e4tkin kivet<\/a> hohkavat alta punaisina, l\u00e4mmitet\u00e4\u00e4n loput <b>sis\u00e4\u00e4n<\/b>: Tuuletusluukut ja ikkuna avataan (talvella vain v\u00e4h\u00e4n), <a href=\"\/images\/Anti-Hymer%20Trip\/images\/luukut1.jpg\" target=\"_blank\">savuj\u00f6\u00f6ti<\/a> suljetaan ja <b> <a href=\"\/images\/Anti-Hymer%20Trip\/images\/luukut4.jpg\" target=\"_blank\">l\u00f6ylyluukku avataan<\/a><\/b> n. 3-4 cm raolleen. Jos sit\u00e4 ei tehd\u00e4, muodostuu varmasti h\u00e4k\u00e4\u00e4, joka vie varomattomilta hengen.<\/p>\n<\/li>\n<li>\n<p align=\"left\">Mik\u00e4li ei haluta peseyty\u00e4 p\u00e4\u00e4rakennuksen sis\u00e4tiloissa, pata t\u00e4ytet\u00e4\u00e4n t\u00e4yteen (sit\u00e4 ei ylit\u00e4yteen!) ja pannaan tulille. Padan polttoaineen kanssa ei ole niin noko nuukaa, kunhan on puu- ja pahviper\u00e4ist\u00e4.<\/p>\n<\/li>\n<li>\n<p align=\"left\">Sis\u00e4\u00e4nl\u00e4mmitysvaihe kest\u00e4\u00e4 20-30 minuuttia, jona aikana valmistaudutaan henkisesti saunomiseen: ker\u00e4t\u00e4\u00e4n tarvittavat lis\u00e4oluet joita aloitellaan juoda, haetaan liinavaatekaapista puhtaat persikanaluset ja varataan puhdistautumiseen tarkoitettuja pinta-aktiivisia aineita, mik\u00e4li saunalla oleva Sunlight ei hipi\u00e4lle kelpaa.<\/p>\n<\/li>\n<li>\n<p align=\"left\">Kun saunan pes\u00e4st\u00e4 kurkkii musta kolli korkeintaan muutamin kek\u00e4lesilmin, avataan ikkuna t\u00e4ysin ja heitet\u00e4\u00e4n h\u00e4k\u00e4l\u00f6ylyt KUUMALLA vedell\u00e4: tuhkaluukku suljetaan, savuj\u00f6\u00f6ti avataan, kaulus suljetaan ja l\u00f6ylyaukkoon nepataan kolmisen kertaa puolil\u00f6ylykauhallista vett\u00e4 kerrallaan siten, ett\u00e4 l\u00f6ylyluukku suljetaan HETI vedenheiton j\u00e4lkeen. T\u00e4ll\u00f6in h\u00f6yry puuskahtaa torvesta pihalle vieden mukanaan h\u00e4\u00e4n rippeet ja mahdollisen irtoh\u00f6t\u00f6n kivilt\u00e4. <strong><a href=\"\/images\/Anti-Hymer%20Trip\/images\/luukut1.jpg\" target=\"_blank\">Savuluukkuj\u00f6\u00f6ti<\/a> ja liperikaulus suljetaan<\/strong>!!!<\/p>\n<\/li>\n<li>\n<p align=\"left\">Sauna lakaistaan ja perseenaluset levitet\u00e4\u00e4n. Henkil\u00f6t riisuutukoot takkahuoneen puolelle, ja sitten eikun...<\/p>\n<\/li>\n<li>\n<p align=\"left\"><b>SAUNOMAAN!<\/b> Josta jatkossa tarkemmat, EU-direktiivit t\u00e4ytt\u00e4v\u00e4t Sulttaanin Saunomiohjeet tuonnempana...<\/p>\n<\/li>\n<\/ol>\n","protected":false},"excerpt":{"rendered":"<p>Jotta ei totuus unohtuisi, ohjeistamme t\u00e4ss\u00e4 oletussaunamme l\u00e4mmitt\u00e4misen: Kaikki alkaa puista, jotka\u00a0 sijaitsevat joko saunan seinustalla tai vajassa. Saunapuut ovat niit\u00e4 lyhyemm\u00e4n sorttisia. Pitemm\u00e4t poltellaan takassa. Klapien tulee olla normikoon t\u00e4ytt\u00e4vi\u00e4. Peukalos\u00e4\u00e4nt\u00f6n\u00e4 tai poropeukaloille nyrkkis\u00e4\u00e4nt\u00f6n\u00e4 on, ett\u00e4 varastointikokoiset halot tulee pilkkoa kukin kahdeksi-kolmeksi klapiksi. Niit\u00e4 varataan noin kehikollinen vastaten 2-3 pes\u00e4llist\u00e4. Vain hyvin kuivattu koivu <a href=\"https:\/\/ktss.sivukierre.fi\/index.php\/lammitysohje1\/\" class=\"more-link\">...jatka lukemista<span class=\"screen-reader-text\"> \"L\u00e4mmitysohje\"<\/span><\/a><\/p>\n","protected":false},"author":1,"featured_media":0,"parent":0,"menu_order":0,"comment_status":"closed","ping_status":"closed","template":"","meta":{"footnotes":""},"class_list":["post-395","page","type-page","status-publish","h-entry","hentry","h-as-page"],"_links":{"self":[{"href":"https:\/\/ktss.sivukierre.fi\/index.php\/wp-json\/wp\/v2\/pages\/395","targetHints":{"allow":["GET"]}}],"collection":[{"href":"https:\/\/ktss.sivukierre.fi\/index.php\/wp-json\/wp\/v2\/pages"}],"about":[{"href":"https:\/\/ktss.sivukierre.fi\/index.php\/wp-json\/wp\/v2\/types\/page"}],"author":[{"embeddable":true,"href":"https:\/\/ktss.sivukierre.fi\/index.php\/wp-json\/wp\/v2\/users\/1"}],"replies":[{"embeddable":true,"href":"https:\/\/ktss.sivukierre.fi\/index.php\/wp-json\/wp\/v2\/comments?post=395"}],"version-history":[{"count":0,"href":"https:\/\/ktss.sivukierre.fi\/index.php\/wp-json\/wp\/v2\/pages\/395\/revisions"}],"wp:attachment":[{"href":"https:\/\/ktss.sivukierre.fi\/index.php\/wp-json\/wp\/v2\/media?parent=395"}],"curies":[{"name":"wp","href":"https:\/\/api.w.org\/{rel}","templated":true}]}}