{"id":362,"date":"2017-02-16T19:44:17","date_gmt":"2017-02-16T17:44:17","guid":{"rendered":"https:\/\/ktss.sivukierre.fi\/?page_id=362"},"modified":"2017-05-23T20:36:41","modified_gmt":"2017-05-23T17:36:41","slug":"varustelistan-tynkaa","status":"publish","type":"page","link":"https:\/\/ktss.sivukierre.fi\/index.php\/varustelistan-tynkaa\/","title":{"rendered":"Varustelistan tynk\u00e4\u00e4"},"content":{"rendered":"<p>Reissussa tarvitaan paljon tarpeetonta tavaraa, jota ilman ei voi olla. Omin voimin kulkija saa t\u00e4st\u00e4 \u00a0 <strong>vinkkej\u00e4 retkivarusteisiin<\/strong> (<a href=\"\/documents\/Vinkkeja retkivarusteisiin.pdf\" target=\"_blank\" rel=\"noopener noreferrer\">.pdf<\/a> ja <a href=\"\/documents\/Vinkkeja retkivarusteisiin.rtf\" target=\"_blank\" rel=\"noopener noreferrer\">.rtf<\/a>) ja py\u00f6rien p\u00e4\u00e4ll\u00e4 reissaavalle on tarjolla <strong>vinkkej\u00e4 karavaanareille<\/strong> (<a href=\"\/documents\/Vinkkeja karavaanareille.pdf\" target=\"_blank\" rel=\"noopener noreferrer\">.pdf<\/a> ja <a href=\"\/documents\/Vinkkeja karavaanareille.rtf\" target=\"_blank\" rel=\"noopener noreferrer\">.rtf<\/a>) .<\/p>\n<p>Ehdotuksia listalla esiintym\u00e4tt\u00f6mist\u00e4 v\u00e4ltt\u00e4m\u00e4tt\u00f6myyksist\u00e4 otetaan vastaan yhteydenottosivun kautta...<\/p>\n<p>&nbsp;<\/p>\n<p>&nbsp;<\/p>\n<p>&nbsp;<\/p>\n<p>&nbsp;<\/p>\n<p>&nbsp;<\/p>\n<p>&nbsp;<\/p>\n<p>&nbsp;<\/p>\n<p>&nbsp;<\/p>\n<p>&nbsp;<\/p>\n<p>&nbsp;<\/p>\n<p>&nbsp;<\/p>\n<p>&nbsp;<\/p>\n<p>&nbsp;<\/p>\n<p>&nbsp;<\/p>\n<p>&nbsp;<\/p>\n<p>&nbsp;<\/p>\n<p>&nbsp;<\/p>\n<p>&nbsp;<\/p>\n<p>&nbsp;<\/p>\n<p>&nbsp;<\/p>\n","protected":false},"excerpt":{"rendered":"<p>Reissussa tarvitaan paljon tarpeetonta tavaraa, jota ilman ei voi olla. Omin voimin kulkija saa t\u00e4st\u00e4 \u00a0 vinkkej\u00e4 retkivarusteisiin (.pdf ja .rtf) ja py\u00f6rien p\u00e4\u00e4ll\u00e4 reissaavalle on tarjolla vinkkej\u00e4 karavaanareille (.pdf ja .rtf) . Ehdotuksia listalla esiintym\u00e4tt\u00f6mist\u00e4 v\u00e4ltt\u00e4m\u00e4tt\u00f6myyksist\u00e4 otetaan vastaan yhteydenottosivun kautta... &nbsp; &nbsp; &nbsp; &nbsp; &nbsp; &nbsp; &nbsp; &nbsp; &nbsp; &nbsp; &nbsp; &nbsp; &nbsp; &nbsp; <a href=\"https:\/\/ktss.sivukierre.fi\/index.php\/varustelistan-tynkaa\/\" class=\"more-link\">...jatka lukemista<span class=\"screen-reader-text\"> \"Varustelistan tynk\u00e4\u00e4\"<\/span><\/a><\/p>\n","protected":false},"author":1,"featured_media":0,"parent":0,"menu_order":0,"comment_status":"closed","ping_status":"closed","template":"","meta":{"footnotes":""},"class_list":["post-362","page","type-page","status-publish","h-entry","hentry","h-as-page"],"_links":{"self":[{"href":"https:\/\/ktss.sivukierre.fi\/index.php\/wp-json\/wp\/v2\/pages\/362","targetHints":{"allow":["GET"]}}],"collection":[{"href":"https:\/\/ktss.sivukierre.fi\/index.php\/wp-json\/wp\/v2\/pages"}],"about":[{"href":"https:\/\/ktss.sivukierre.fi\/index.php\/wp-json\/wp\/v2\/types\/page"}],"author":[{"embeddable":true,"href":"https:\/\/ktss.sivukierre.fi\/index.php\/wp-json\/wp\/v2\/users\/1"}],"replies":[{"embeddable":true,"href":"https:\/\/ktss.sivukierre.fi\/index.php\/wp-json\/wp\/v2\/comments?post=362"}],"version-history":[{"count":0,"href":"https:\/\/ktss.sivukierre.fi\/index.php\/wp-json\/wp\/v2\/pages\/362\/revisions"}],"wp:attachment":[{"href":"https:\/\/ktss.sivukierre.fi\/index.php\/wp-json\/wp\/v2\/media?parent=362"}],"curies":[{"name":"wp","href":"https:\/\/api.w.org\/{rel}","templated":true}]}}