{"id":359,"date":"2017-02-16T19:28:18","date_gmt":"2017-02-16T17:28:18","guid":{"rendered":"https:\/\/ktss.sivukierre.fi\/?page_id=359"},"modified":"2018-03-09T00:20:23","modified_gmt":"2018-03-08T22:20:23","slug":"karavaanareille","status":"publish","type":"page","link":"https:\/\/ktss.sivukierre.fi\/index.php\/karavaanareille\/","title":{"rendered":"Karavaanareille"},"content":{"rendered":"<p>Karavaanarihomma on vain sivujuonne Korvatunturin Saunaseura y.v.r.y:n toiminnassa sik\u00e4li, ett\u00e4 sit\u00e4 harrastaa liikkumatapana vain osa seurasta. Muu osa ei harrasta, ja muusta osasta puolet jopa ep\u00e4ilee kaikkia karavaanareita homoiksi, sukupuoleen katsomatta. Varsinaista karavaanariutta sanan puhtaimmassa merkityksess\u00e4 me emme harrasta, sill\u00e4 meit\u00e4 ei esim. kiinnosta naapurikaravaanin vesij\u00e4rjestelm\u00e4n mahdollisen paineastian olemassaolo tai sen merkki ja malli. Tahi kaasul\u00e4mmittimen nimellisteho. Meit\u00e4 ei itse asiassa kiinnosta naapurikaravaanari ollenkaan, ja yrit\u00e4mme parhaamme mukaan v\u00e4ltell\u00e4 paikkoja, joissa voisi joutua keskusteluihin (ja tulla nolatuksi) em. varustelukysymyksiss\u00e4.<\/p>\n<p>Meit\u00e4 kiinnostaa vain asuntoauton k\u00e4tev\u00e4 kuljetus-, huolto- ja majoituskyky, kun tarkoituksena on\u00a0 menn\u00e4 johonkin tekem\u00e4\u00e4n jotakin eik\u00e4 kotiin ehdi y\u00f6ksi. Kuten esimerkiksi harrastamaan kymmeneksi viikoksi tutustumista eurooppalaiseen ruoka-, olut- ja viinikulttuuriin sek\u00e4 selvin\u00e4 hetkin\u00e4 valittujen n\u00e4ht\u00e4vyyksien tutkimiseen.<\/p>\n<p>My\u00f6nn\u00e4mme kyll\u00e4, ett\u00e4 kuulumme yhdistykseen, sill\u00e4\u00a0valtakunnallisesta alan<a href=\"http:\/\/caravan-lehti.fi\" target=\"_blank\" rel=\"noopener\"> lehdest\u00e4<\/a> l\u00f6ytyy\u00a0luettavia(kin) matkakertomuksia, tuotetestej\u00e4\u00a0ja varustevinkkej\u00e4.<\/p>\n<hr \/>\n<ul>\n<li><a href=\"\/index.php\/varustelistan-tynkaa\/\">Varustelistan tynk\u00e4\u00e4<\/a><\/li>\n<li><a href=\"\/index.php\/2018\/03\/08\/turistin-uhat\/\">Jalankulkijan turvallisuusvalmistelut<\/a><\/li>\n<li><a href=\"\/index.php\/2018\/03\/08\/karavaanarin-uhat\/\">Turvallisuudesta karavaanareille erityisesti: murrot ja ry\u00f6st\u00f6t<\/a><\/li>\n<\/ul>\n<hr \/>\n<p>&nbsp;<\/p>\n","protected":false},"excerpt":{"rendered":"<p>Karavaanarihomma on vain sivujuonne Korvatunturin Saunaseura y.v.r.y:n toiminnassa sik\u00e4li, ett\u00e4 sit\u00e4 harrastaa liikkumatapana vain osa seurasta. Muu osa ei harrasta, ja muusta osasta puolet jopa ep\u00e4ilee kaikkia karavaanareita homoiksi, sukupuoleen katsomatta. Varsinaista karavaanariutta sanan puhtaimmassa merkityksess\u00e4 me emme harrasta, sill\u00e4 meit\u00e4 ei esim. kiinnosta naapurikaravaanin vesij\u00e4rjestelm\u00e4n mahdollisen paineastian olemassaolo tai sen merkki ja malli. Tahi <a href=\"https:\/\/ktss.sivukierre.fi\/index.php\/karavaanareille\/\" class=\"more-link\">...jatka lukemista<span class=\"screen-reader-text\"> \"Karavaanareille\"<\/span><\/a><\/p>\n","protected":false},"author":1,"featured_media":0,"parent":0,"menu_order":0,"comment_status":"open","ping_status":"closed","template":"","meta":{"footnotes":""},"class_list":["post-359","page","type-page","status-publish","h-entry","hentry","h-as-page"],"_links":{"self":[{"href":"https:\/\/ktss.sivukierre.fi\/index.php\/wp-json\/wp\/v2\/pages\/359","targetHints":{"allow":["GET"]}}],"collection":[{"href":"https:\/\/ktss.sivukierre.fi\/index.php\/wp-json\/wp\/v2\/pages"}],"about":[{"href":"https:\/\/ktss.sivukierre.fi\/index.php\/wp-json\/wp\/v2\/types\/page"}],"author":[{"embeddable":true,"href":"https:\/\/ktss.sivukierre.fi\/index.php\/wp-json\/wp\/v2\/users\/1"}],"replies":[{"embeddable":true,"href":"https:\/\/ktss.sivukierre.fi\/index.php\/wp-json\/wp\/v2\/comments?post=359"}],"version-history":[{"count":0,"href":"https:\/\/ktss.sivukierre.fi\/index.php\/wp-json\/wp\/v2\/pages\/359\/revisions"}],"wp:attachment":[{"href":"https:\/\/ktss.sivukierre.fi\/index.php\/wp-json\/wp\/v2\/media?parent=359"}],"curies":[{"name":"wp","href":"https:\/\/api.w.org\/{rel}","templated":true}]}}