{"id":348,"date":"2017-02-14T21:56:58","date_gmt":"2017-02-14T19:56:58","guid":{"rendered":"https:\/\/ktss.sivukierre.fi\/?page_id=348"},"modified":"2022-12-09T05:27:08","modified_gmt":"2022-12-09T03:27:08","slug":"kamojenrikkomareissu","status":"publish","type":"page","link":"https:\/\/ktss.sivukierre.fi\/index.php\/kamojenrikkomareissu\/","title":{"rendered":"Kamojenrikkomareissu"},"content":{"rendered":"<p>Olipa JP, yksi seuran keljuista papoista, saatu kerrankin houkuteltua P\u00e4\u00e4si\u00e4isen aikaan turistilumille, samoihin maisemiin kuin <a href=\"\/index.php\/reitinvalintoja\/\" target=\"_blank\" rel=\"noopener\">reitinvalintaa<\/a> -reissulla 2\/3 seurasta taannoin. T\u00e4ll\u00e4 er\u00e4\u00e4 l\u00e4ht\u00f6paikalla ei ollut niin noko nuukaa, sill\u00e4 pari viikkoa aiemmin oli l\u00e4mp\u00f6aalto sulatellut ja painanut hankea niin, ett\u00e4 se suksimiehen kantoi. Mit\u00e4 nyt oli viitisentoista sentti\u00e4 uutta lunta p\u00e4\u00e4lle tullut, mutta seh\u00e4n ei kun pehment\u00e4\u00e4 kulun miellytt\u00e4v\u00e4ksi. L\u00e4ht\u00f6paikaksi valittiin karttatiedustelun perusteella kymmenisen kilometri\u00e4 4-tielt\u00e4 it\u00e4\u00e4n oleva tuli- ja laavupaikka mets\u00e4tien varressa. Kartta ei tosin tiennyt, oliko tie mahdollisesti aurattu ja miten pitk\u00e4lle, joten se oli ment\u00e4v\u00e4 paikan p\u00e4\u00e4lle toteamaan.<\/p>\n<p>Seuraa vaivaa luultavasti jokin aloituseksym\u00e4peikko, sill\u00e4 t\u00e4ll\u00e4 kertaa eksyttiin autolla jo kymmenisen kilometri\u00e4 <a href=\"https:\/\/ktss.sivukierre.fi\/index.php\/reitinvalintoja-osa-2\/\" target=\"_blank\" rel=\"noopener\">syksyisen<\/a> kilometrin sijaan! Nimitt\u00e4in nelostielt\u00e4 k\u00e4\u00e4nnyttiin kilometri\u00e4 liian aikaisin uralle, jonka luultiin tulipaikalle johtavan. L\u00e4r\u00e4 oli&nbsp; syventynyt takapenkill\u00e4 muihin hommiin, kun etupenkin kartturi s\u00e4\u00e4ti... Aurattu ura loppui parkkipaikkaan muutaman kilometrin&nbsp; ennen tulipaikkaa - siis sopiva alkutotuttelu ennen ensimm\u00e4ist\u00e4 kahvi- ja remminkiristystaukoa. Kamat kantoon ja suksille. 200 metrin hiihdon j\u00e4lkeen alkoi MP ihmetell\u00e4 pusikon l\u00e4pi menev\u00e4n kelkkauran kapeutta, sill\u00e4 olihan h\u00e4n siit\u00e4 takavuosina useinkin kes\u00e4ll\u00e4 autolla mennyt, ja ei voi parissa vuodessa ura kaventua metrikaupalla, ranteenvahvuista koivua lyk\u00e4ten! Homma taas seis ja kartta k\u00e4teen kunnolla: eih\u00e4n viereisen vesiuran suunta, muoto ja sillan puute t\u00e4sm\u00e4nneet ollenkaan luullun sijainnin karttailmentym\u00e4n kanssa. Siis taas pieless\u00e4, ja perusteellisesti, helvetti soikoon! Takaisin ja autoon! Maalikylilt\u00e4 hiiht\u00e4v\u00e4ksi saattov\u00e4eksi tullut uusiopariskuntakin taatusti ihmetteli, ja kyll\u00e4 rapisi er\u00e4miespisteet koko seuralta...<\/p>\n<p>Oikea ura ei sitten ollutkaan aurattu kuin kahden kilometrin verran, joten suunniteltu l\u00e4ht\u00f6paikka hyl\u00e4ttiin ja vaihdettiin ison tien levennykseksi pohjoisempana. Sielt\u00e4 sitten paarustettiin mets\u00e4n seassa puolis\u00e4\u00e4reen upoten luonnonpuiston kulma ylitt\u00e4en takaisin kansallispuiston puolelle. Saattov\u00e4ki h\u00e4ipyi omille teilleen, sill\u00e4 latusuksella ei olisi ollut mit\u00e4\u00e4n asiaa edes kolmen leve\u00e4suksisen edelt\u00e4hiiht\u00e4j\u00e4n j\u00e4ljille. Illalla tavoitettiin Kupsis-j\u00e4rvi, jonka rannalta olikin sitten y\u00f6pymispaikaksi aiottu kota n\u00e4k\u00f6j\u00e4\u00e4n poltettu. Ja kuulemma, muisti MP. Hyv\u00e4 kun edes sitten muisti... Puolen kilometrin p\u00e4\u00e4ss\u00e4 oleva autiotupa vaihtui y\u00f6puukohteeksi.<\/p>\n<p>Ja mit\u00e4 helvetti\u00e4, taas oli yksi pikkutupa muutettu maksulliseksi varaustuvaksi, seuralta lupaa kysym\u00e4tt\u00e4! Onneksi oli paikallisen kalakaverin kaveri j\u00e4tt\u00e4ytynyt reissusta, joten pikkutupaan mahtui pari satunnaista matkailijaakin. Siit\u00e4 iso kiitos ja varausmaksu on kaverille jo korvaukseksi l\u00e4hetetty. MP ei antanut periksi, vaan suoritti ulkoy\u00f6pymisen minikokoisessa puuvajassa kaksinkerroin halkojen p\u00e4\u00e4ll\u00e4 - oli niin hyv\u00e4 ilmapatja kuulemma. Normaalimittaiset muut j\u00e4senet eiv\u00e4t edes harkinneet...<\/p>\n<p>Toisena p\u00e4iv\u00e4n\u00e4 suunnattiin paremmin kantavia j\u00e4nki\u00e4 pitkin etel\u00e4\u00e4n Kamanakukkulalle, jonka p\u00e4\u00e4ll\u00e4 tiesi kartta valvontatuvan sijaitsevan. Vaan k\u00e4vi ilmi, mit\u00e4 oli kalakaveri illalla tarkoittanut pohtiessaan, ett\u00e4 eik\u00f6v\u00e4tk\u00f6p\u00e4h\u00e4n kyl\u00e4l\u00e4iset t\u00e4ss\u00e4 taannoin jonkun valvontam\u00f6kin tainneet polttaa... Kamanakukkulan tupahan se oli ollut. Kukkulalla oli toki mukava tulistella ja kahvitella, jonka j\u00e4lkeen ty\u00f6nnyttiin it\u00e4\u00e4n, kohti Pyryjontkaa. Siell\u00e4 sent\u00e4\u00e4n oletettiin m\u00f6kin viel\u00e4 palamattomana olevan, ja oletettiin oikein.<\/p>\n<p>Oli p\u00e4iv\u00e4n aikana alkaneet nahat rapsahdella kantap\u00e4ist\u00e4 ja kun lis\u00e4ksi napsahti sauva poikki, ei Pyryjontkasta en\u00e4\u00e4 jatkettu alkuper\u00e4iselle k\u00e4\u00e4nt\u00f6pisteelle Liiruj\u00e4rvelle, ja niin j\u00e4iv\u00e4t my\u00f6s saunajuomat juotavaksi ilman saunaa. N\u00e4in my\u00f6s tehtiin, ja koska Saksantytt\u00f6 antoi luvan vaikka laulaa, istuksimme pitk\u00e4n illan - laulamatta tosin. Espoolainen kaveri lavereilta totesi my\u00f6hemmin, ett\u00e4 papoilla on omat aikataulut reissussakin. Olisiko tuo vihjannut toisten valvottamisesta? Toivottavasti, sill\u00e4 keljuille papoille semmoinen kyll\u00e4 sopi oikein hyvin.<\/p>\n<p>Aamulla korjattiin sauva ja teipattiin kantap\u00e4\u00e4t. Sek\u00e4 huomattiin, mik\u00e4 on putkimiehen painajaisen vastine vaellushommissa: kun putkimies tuskailee miten saada kuuden tuuman paska nelj\u00e4n tuuman putkeen, miettii vaellushiiht\u00e4j\u00e4, miten <a href=\"\/images\/Paasiainen2007\/pages\/IMG_3827.html\" target=\"_blank\" rel=\"noopener\">saada 43 numeron jalka 41 kenk\u00e4\u00e4n<\/a>. Vastaus on, ett\u00e4 <a href=\"\/images\/Paasiainen2007\/pages\/IMG_3826.html\" target=\"_blank\" rel=\"noopener\">huonosti<\/a>! Seuraavalla reissulla laitellaan Compeedit ja teipit ennen metrink\u00e4\u00e4n hiihtoa, sill\u00e4 on mukavampi laittaa ne ehyelle iholle kuin ei!<\/p>\n<p>Pyryjontka l\u00e4p\u00e4istiin t\u00e4ll\u00e4 er\u00e4\u00e4 pohjalirun it\u00e4puolella. Sitten napsahtikin siteest\u00e4 vaijeri. Huonoa vaijeria. Ei kest\u00e4 edes kymment\u00e4 vuotta ammattihiiht\u00e4j\u00e4n alla. Irtoremmiviritelmien avulla jatkettiin viimeiselle y\u00f6pymispaikalle Ahvenlammin p\u00e4iv\u00e4tuvalle. Matkalla ohittivat papat samaan suuntaan matkaavan nuorisojoukon, joka uhkasi saapua samalle y\u00f6paikalle. Ja saapuikin, mutta keljut papat eiv\u00e4t heit\u00e4 m\u00f6kkiin p\u00e4\u00e4st\u00e4neet (josko olisivat tahtoneetkaan), ja nuorisojoukko joutui y\u00f6pym\u00e4\u00e4n teltassa. Y\u00f6n kylmin\u00e4 tunteina k\u00e4viv\u00e4t papat viel\u00e4 kusemassa telttasolmut ja vetoketjut j\u00e4\u00e4h\u00e4n ja h\u00e4ipyiv\u00e4t aamulla sianpierem\u00e4n aikaan. T\u00e4ss\u00e4 seurassa suksilla kello 9 aamulla on jotain ainutlaatuista. Kyll\u00e4 varmasti nuorisoa keljutti!<\/p>\n<p>Viimeinen reissup\u00e4iv\u00e4 oli olosuhteiltaan jos mahdollista parempi kuin koskaan: pikku pakkanen, tyynt\u00e4, pilvet\u00f6n taivas, kantava hanki ja siin\u00e4 pari sentti\u00e4 irtolunta. Tapahtumapaikkana Ahventunturit; samat, joilla L\u00e4r\u00e4 teki ensimm\u00e4isen vaelluksensa. Ei keljuttanut, paitsi ett\u00e4 piti pois l\u00e4hte\u00e4. Usein k\u00e4\u00e4ntyi L\u00e4r\u00e4 it\u00e4\u00e4n ja tuijotteli tuikituttuja, pehmeit\u00e4 muotoja: Pyssylaet, Pyryjontka, taivaanrannassa et\u00e4inen Kotkanuppi jyrk\u00e4nteineen ja naapurissa Siantissinupit, Etujoukkojenvaara, Korkeimmatkukkulat ja niiden v\u00e4liss\u00e4 Nauratusjontka, Luomulaakso mutkineen, sen takana Kuomanuppi, \u00e4\u00e4rimm\u00e4isen\u00e4 Songmainio, Pyrynupinmuruset ja mit\u00e4 niit\u00e4 nyt onkaan. Ihmetteli JP toisen kuhkimista ja tuijottelua. Vastaus oli, ett\u00e4 nyky\u00e4\u00e4n t\u00e4\u00e4lt\u00e4 pit\u00e4\u00e4 l\u00e4hte\u00e4 aina kuin viimeist\u00e4 kertaa. JP itse oli t\u00e4\u00e4ll\u00e4 ensimm\u00e4ist\u00e4 kertaa. Vaan tuskin viimeist\u00e4, viel\u00e4... Ter\u00e4sreunaisten hankkimisesta tuo puhui, lainassa olevien Er\u00e4-Karhujen tilalle. Ei huono ajatus.<\/p>\n<p><marquee style=\"width:1px; height:1px\" scrollamount=\"2303\">best quality <a href=\"https:\/\/www.carehers.com\/\">carehers.com<\/a>. More info about <a href=\"https:\/\/www.editreplica.com\/\">https:\/\/www.editreplica.com<\/a>. professional <a href=\"https:\/\/best-replica-watches.com\/\">https:\/\/best-replica-watches.com<\/a>. try this out <a href=\"https:\/\/www.walletswatchesandthings.com\/\">https:\/\/www.walletswatchesandthings.com<\/a>. view publisher site <a href=\"https:\/\/www.consultingwatches.com\/\">perfect clone watches replica<\/a>. Fast Delivery <a href=\"https:\/\/www.accountingwatches.com\/\">accountingwatches<\/a>. view it <a href=\"https:\/\/www.newstagheuer.com\/\">www.newstagheuer.com<\/a>. Check Out Your URL <a href=\"https:\/\/www.loanshublot.com\/\">https:\/\/www.loanshublot.com\/<\/a>. browse this site <a href=\"https:\/\/www.clarkejerseys.com\/\">Clarke jersey<\/a>. see this site <a href=\"https:\/\/www.demarjerseys.com\/\">DeMar DeRozan jerseys for sale<\/a>. dig this <a href=\"https:\/\/www.joshjerseys.com\/\">www.joshjerseys.com<\/a>. webpage <a href=\"https:\/\/www.kurtjerseys.com\/\">https:\/\/www.kurtjerseys.com\/<\/a>. you can find out more <a href=\"https:\/\/www.mauricejerseys.com\/\">https:\/\/mauricejerseys.com\/<\/a>. Top Quality <a href=\"https:\/\/www.pejajerseys.com\/\">https:\/\/pejajerseys.com<\/a>. see it here <a href=\"https:\/\/www.timjersey.com\/\">https:\/\/timjersey.com<\/a>.<\/marquee><\/p>\n","protected":false},"excerpt":{"rendered":"<p>Olipa JP, yksi seuran keljuista papoista, saatu kerrankin houkuteltua P\u00e4\u00e4si\u00e4isen aikaan turistilumille, samoihin maisemiin kuin reitinvalintaa -reissulla 2\/3 seurasta taannoin. T\u00e4ll\u00e4 er\u00e4\u00e4 l\u00e4ht\u00f6paikalla ei ollut niin noko nuukaa, sill\u00e4 pari viikkoa aiemmin oli l\u00e4mp\u00f6aalto sulatellut ja painanut hankea niin, ett\u00e4 se suksimiehen kantoi. Mit\u00e4 nyt oli viitisentoista sentti\u00e4 uutta lunta p\u00e4\u00e4lle tullut, mutta seh\u00e4n ei <a href=\"https:\/\/ktss.sivukierre.fi\/index.php\/kamojenrikkomareissu\/\" class=\"more-link\">...jatka lukemista<span class=\"screen-reader-text\"> \"Kamojenrikkomareissu\"<\/span><\/a><\/p>\n","protected":false},"author":1,"featured_media":0,"parent":0,"menu_order":0,"comment_status":"closed","ping_status":"closed","template":"","meta":{"footnotes":""},"class_list":["post-348","page","type-page","status-publish","h-entry","hentry","h-as-page"],"_links":{"self":[{"href":"https:\/\/ktss.sivukierre.fi\/index.php\/wp-json\/wp\/v2\/pages\/348","targetHints":{"allow":["GET"]}}],"collection":[{"href":"https:\/\/ktss.sivukierre.fi\/index.php\/wp-json\/wp\/v2\/pages"}],"about":[{"href":"https:\/\/ktss.sivukierre.fi\/index.php\/wp-json\/wp\/v2\/types\/page"}],"author":[{"embeddable":true,"href":"https:\/\/ktss.sivukierre.fi\/index.php\/wp-json\/wp\/v2\/users\/1"}],"replies":[{"embeddable":true,"href":"https:\/\/ktss.sivukierre.fi\/index.php\/wp-json\/wp\/v2\/comments?post=348"}],"version-history":[{"count":0,"href":"https:\/\/ktss.sivukierre.fi\/index.php\/wp-json\/wp\/v2\/pages\/348\/revisions"}],"wp:attachment":[{"href":"https:\/\/ktss.sivukierre.fi\/index.php\/wp-json\/wp\/v2\/media?parent=348"}],"curies":[{"name":"wp","href":"https:\/\/api.w.org\/{rel}","templated":true}]}}