{"id":346,"date":"2017-02-14T21:45:52","date_gmt":"2017-02-14T19:45:52","guid":{"rendered":"https:\/\/ktss.sivukierre.fi\/?page_id=346"},"modified":"2020-12-13T20:19:44","modified_gmt":"2020-12-13T18:19:44","slug":"reitinvalintoja-osa-2","status":"publish","type":"page","link":"https:\/\/ktss.sivukierre.fi\/index.php\/reitinvalintoja-osa-2\/","title":{"rendered":"Reitinvalintoja, osa 2"},"content":{"rendered":"<p>Seura ja hang-around -klubi suorittivat kanoottiretken syksyll\u00e4. Perinteisesti seuran kanoottiretkell\u00e4 ei ole niin v\u00e4li\u00e4 onko kanootin alla vett\u00e4 vai ei - p\u00e4\u00e4asia on, ett\u00e4 kanootti liikkuu. N\u00e4in oli t\u00e4ll\u00e4kin kertaa...<\/p>\n<p>Maastoutumiskohta oli kartasta katsottu mets\u00e4autotien p\u00e4\u00e4 Poisjuossutlampiin l\u00e4nnen suunnasta laskevista puroista etel\u00e4isemm\u00e4n\u00a0 kohdalla. Siihen se tie nimitt\u00e4in etel\u00e4st\u00e4 p\u00e4in p\u00e4\u00e4ttyi kartalla. Siit\u00e4h\u00e4n oli puronuomaa noudatellen vain kolmen kilometrin veto Reidarj\u00e4rvelle, josta on helppo nakki uitella kanootti sinne johonkin jontkan pohjaan, jossa kivenkolossa koti odottaa. N\u00e4in siis suunniteltiin.<\/p>\n<p>H\u00e4m\u00e4riss\u00e4 keikkui seuran asuntolaatikko mets\u00e4tien viimeisi\u00e4 kilometrej\u00e4. Meni er\u00e4\u00e4n notkon j\u00e4lkeen tie niin hirve\u00e4\u00e4n kuntoon, ett\u00e4 pikkuautoilla ei olisi ollut mit\u00e4\u00e4n asiaa. Onneksi piilohymer-matkailuautot ovat huomattavasti maastokelpoisempia korkean maavaransa takia, ja niinp\u00e4 raivauspartio k\u00e4\u00e4nteli isommat kivet ja katkoi kaatuneet puut per\u00e4ss\u00e4 keikkuvan asuntoauton tielt\u00e4. Kunnes oli pakko pys\u00e4hty\u00e4, ja laskettiin kanootti katolta ynn\u00e4 retkirompe heitettiin kankaalle. Tien loppuun oli puolisen kilometri\u00e4, josta tuli siis v\u00e4h\u00e4n ylim\u00e4\u00e4r\u00e4ist\u00e4 vetoa. Auto palautettiin edellisen notkelman pakeille, puolisen kilometri\u00e4 taaksep\u00e4in. Leiri tehtiin tien p\u00e4\u00e4ss\u00e4 purolle ensimm\u00e4iseen mahdolliseen paikkaan, sill\u00e4 ilta sai.<\/p>\n<p>Aamulla sitten ryhdyttiin tositoimiin: seura nouti kanootin laskupaikalta ja jatkoi meno mieless\u00e4 leirin ohi yl\u00f6s puron vartta. Muut retkikamppeet (ja hang-around -klubilaiset) j\u00e4tettiin leiriin (nukkumaan), my\u00f6hemp\u00e4\u00e4 noutoa odottelemaan. Puronvarsi rytisi ja hiki lensi, mutta l\u00e4hes lensi Colemankin varvikossa. Ensimm\u00e4isell\u00e4 huilitauolla silm\u00e4ili L\u00e4r\u00e4 etel\u00e4npuoleista vaaraa: ei se nyt niin kivikkoiselta n\u00e4ytt\u00e4nyt kuin muistikuvassa kartasta, mutta eih\u00e4n 1:100 000:aan mik\u00e4\u00e4n peruskartta ole... Veto jatkui tauolta viel\u00e4 pari sataa metri\u00e4 ja etumaaston aukean paikan piti paljastua vajaan kilometrin pitkitt\u00e4iseksi lammensuikulaksi. Mutta mit\u00e4 helvetti\u00e4, aukea oli saman kokoinen poikittainen suo! N\u00e4in ei voi olla, kartta t\u00e4nne perkele! Voi pojat, ollaan pohjoisemman puron varressa puoliv\u00e4liss\u00e4 Niksnaks-j\u00e4rvelle! L\u00e4ht\u00f6piste oli kilometrin pohjoisempana luullusta, ja suunta on ollut tuommoiset 30 astetta vikaan. Linnuntiet\u00e4 Reidarj\u00e4rvelle on kaksi kilometri\u00e4, mutta v\u00e4liss\u00e4 on sadan metrin m\u00f6ykky . J\u00e4sen MP ehdotti silti eiku suoraan -vaihtoehtoa, mutta h\u00e4visi 2-1. Vaara siis kierrettiin l\u00e4hes Niksnaks-j\u00e4rven kautta ja kohteelle p\u00e4\u00e4stiin lopulta noin viiden kilometrin ketunlenkin j\u00e4lkeen.<\/p>\n<p>Onneksi oli hang-around -klubi sen verran laiskaa, ettei l\u00e4htenyt kaman heittoon per\u00e4\u00e4n. Sit\u00e4 - tynnyrit mukaan lukien - sitten raahattiin oikeaa puronvartta yl\u00f6s, jonka ylityst\u00e4 ei kukaan ollut keikkuvassa laatikossa illalla pannut merkille, selv\u00e4st\u00e4 notkelmasta huolimatta! Onneksi t\u00e4m\u00e4 on vain harrastus...<\/p>\n<p>P\u00e4\u00e4stiinp\u00e4 sitten tutulle k\u00f6nn\u00e4\u00e4lle Jontkanpohjaj\u00e4rven liepeille, josta on aiemminkin juttua ollut. MP meni noutamaan kiven alta vanhaa kotaa, josta piti sauna v\u00e4rkk\u00e4ill\u00e4. Asuink\u00e4ytt\u00f6\u00f6n oli matkassa uusi, tilausty\u00f6n\u00e4 KTSS-mittojen mukaan teetetty luxusmalli. Vaan oli nussi vanhan kodan p\u00f6llinyt! Vain punainen (!) suojavaate oli j\u00e4ljell\u00e4. Mit\u00e4s, piilohan oli hyvin valmisteltu: materiaali k\u00e4\u00e4rittyn\u00e4 punaiseen kankaaseen tienoon l\u00e4hes ainoan karttaan merkityn ja lis\u00e4ksi polulle n\u00e4kyv\u00e4n siirtolohkareen kulman alle. Kukas sit\u00e4 nyt menisi tutkimaan - paitsi kaikki, jotka polkua kulkevat silm\u00e4t auki! Pikkaisen harmitti, ettei piilon valinnassa toimittu kuten Erkki opetti mattia tekem\u00e4\u00e4n. Iso harmi olisi ollut, jos muuta majoitetta ei matkassa olisi ollut. No, nyt oli sek\u00e4 uusi kota ett\u00e4 kolme telttaa, mutta eip\u00e4 voi en\u00e4\u00e4 pohjoisessakaan kulkijaan luottaa. Luuta ovea vasten -ajat ovat i\u00e4ksi menneet.<\/p>\n<p>Mit\u00e4 tulee hang-around -klubiin, on kehitys kehittynyt. Jos kohta edellisell\u00e4 reissulla oli vihannesten vesipitoisuus tuommoiset 95-97%, oli se nyt sit\u00e4, mit\u00e4 kotikuivurilla aikaansaa - ehk\u00e4p\u00e4 5%. Hang-around -klubi oli jopa L\u00e4r\u00e4lle valmistanut n\u00e4ytteeksi 15:n ison perunan verran kuiviketta, joka painoi alta sata grammaa. Siis 15 isoa perunaa! Sitten ei tarvittukaan kuin viimesyksyisi\u00e4\u00a0 suppilovahveroita, malttia liotukseen, salakalaa, tomaattipyrett\u00e4, sipulia, \u00e4ip\u00e4n ruohomaustelajitelma (kotikuivattua omasta penkist\u00e4 sekin, tietty), ripaus suolaa ja hieman sitruunapippuria ja vot - tuloksena oli semmoinen <a href=\"https:\/\/photos.google.com\/share\/AF1QipOMA2Ci22eK_95gJRVBFJLD4LzGO3E_0SlV53uG-R1J_vGvtbFhC_fnquOCvd8Dbg?key=SUFMRU9CbkZiaHNZTzlGYkpuR0psM05FOWlhSDBR\" target=\"_blank\" rel=\"noopener\">kalakeitto<\/a> jotta eip\u00e4 v\u00e4h\u00e4n! Hang-around -j\u00e4senet valmistelivat viimeisen\u00e4 iltana viel\u00e4 samanlaisen tuiman-loistavan kasvispl\u00e4j\u00e4yksen kuin kotitunturireissulla vuotta aiemmin. T\u00e4st\u00e4 oli seurauksena, ett\u00e4 Bl\u00e5 Bandit, Mountain Houset, Reiterit sun muut kaupalliset (yleens\u00e4 my\u00f6s laktoosia sis\u00e4lt\u00e4v\u00e4t), l\u00e4hinn\u00e4 muoviselle sahajauholle maistuvat ja tolkuttoman kalliit kuivamuonam\u00f6hn\u00e4t julistettiin pannaan seuran reissuilla t\u00e4st\u00e4 eteenp\u00e4in hamaan iankaikkisuuteen. On nimitt\u00e4in sill\u00e4 viisiin, ett\u00e4 eip\u00e4 ole kummoinenkaan vaiva muutamana iltana ennen reissua pottua, sipulia, porkkanaa, kes\u00e4kurpitsaa, omenia ja mit\u00e4 nyt milloinkin kuivailla, kun on kohtuullinen kuivuri k\u00e4yt\u00f6ss\u00e4. Semmoisessa voittaa hinnassa ja ennen kaikkea maussa niin paljon, ett\u00e4 vaiva kannattaa ehdottomasti n\u00e4hd\u00e4!<\/p>\n<p>Hang-around -klubi kunnostautui muutenkin. Seuralaiset tekiv\u00e4t poukkoilevia tutkimusretki\u00e4 suuntaan jos toiseenkin tarkoituksena silm\u00e4ill\u00e4 uutta leiri- ja mahdollista saunan paikkaa. Vaan eip\u00e4 sopivaa kivikko-vesikko-polttopuisto -tihentym\u00e4\u00e4 l\u00f6ytynyt. Mutta klubipa l\u00f6ysi - ihan 50 metrin p\u00e4\u00e4st\u00e4, mist\u00e4 moni seuralainen useastikin ohitse pyyh\u00e4lsi, varmaankin kaukaisuuteen tuijottavin silmin. Nimitt\u00e4in l\u00f6ytyi Jontkanpohjaj\u00e4rven rannasta hieman nyyk\u00e4ht\u00e4nyt kiuas, jonka JP tunnetuilla kivimiehen taidoillaan kohtsilt\u00e4\u00e4n korjasi. Polttopuuta l\u00f6ytyi sadan metrin p\u00e4\u00e4st\u00e4 riitt\u00e4miin ja aivan vierest\u00e4 tikkutaimikko runkopuiksi. Kun p\u00f6llitty kota korvattiin kolmella kevytpeitteell\u00e4, niin siit\u00e4h\u00e4n ei voi olla seurauksena kuin sauna! Ja katso, n\u00e4in tapahtui.<\/p>\n<p>Tapahtui my\u00f6s (ilmeisesti hyvien l\u00f6ylyjen sumentaman arvostelukyvyn vuoksi), ett\u00e4 seura hyv\u00e4ksyi hang-around -klubilaiset ehdokasj\u00e4seniksi. Koeajan arvioidaan muodostuvan n. 35 vuodeksi, mutta sit\u00e4 voidaan mahdollisesti lyhent\u00e4\u00e4 innovaatioiden ja retkiaktiivisuuden kautta. Puhtailla raha- ja alkoholilahjuksilla sit\u00e4 voidaan varmasti lyhent\u00e4\u00e4.<\/p>\n","protected":false},"excerpt":{"rendered":"<p>Seura ja hang-around -klubi suorittivat kanoottiretken syksyll\u00e4. Perinteisesti seuran kanoottiretkell\u00e4 ei ole niin v\u00e4li\u00e4 onko kanootin alla vett\u00e4 vai ei - p\u00e4\u00e4asia on, ett\u00e4 kanootti liikkuu. N\u00e4in oli t\u00e4ll\u00e4kin kertaa... Maastoutumiskohta oli kartasta katsottu mets\u00e4autotien p\u00e4\u00e4 Poisjuossutlampiin l\u00e4nnen suunnasta laskevista puroista etel\u00e4isemm\u00e4n\u00a0 kohdalla. Siihen se tie nimitt\u00e4in etel\u00e4st\u00e4 p\u00e4in p\u00e4\u00e4ttyi kartalla. Siit\u00e4h\u00e4n oli puronuomaa noudatellen <a href=\"https:\/\/ktss.sivukierre.fi\/index.php\/reitinvalintoja-osa-2\/\" class=\"more-link\">...jatka lukemista<span class=\"screen-reader-text\"> \"Reitinvalintoja, osa 2\"<\/span><\/a><\/p>\n","protected":false},"author":1,"featured_media":0,"parent":0,"menu_order":0,"comment_status":"closed","ping_status":"closed","template":"","meta":{"footnotes":""},"class_list":["post-346","page","type-page","status-publish","h-entry","hentry","h-as-page"],"_links":{"self":[{"href":"https:\/\/ktss.sivukierre.fi\/index.php\/wp-json\/wp\/v2\/pages\/346","targetHints":{"allow":["GET"]}}],"collection":[{"href":"https:\/\/ktss.sivukierre.fi\/index.php\/wp-json\/wp\/v2\/pages"}],"about":[{"href":"https:\/\/ktss.sivukierre.fi\/index.php\/wp-json\/wp\/v2\/types\/page"}],"author":[{"embeddable":true,"href":"https:\/\/ktss.sivukierre.fi\/index.php\/wp-json\/wp\/v2\/users\/1"}],"replies":[{"embeddable":true,"href":"https:\/\/ktss.sivukierre.fi\/index.php\/wp-json\/wp\/v2\/comments?post=346"}],"version-history":[{"count":0,"href":"https:\/\/ktss.sivukierre.fi\/index.php\/wp-json\/wp\/v2\/pages\/346\/revisions"}],"wp:attachment":[{"href":"https:\/\/ktss.sivukierre.fi\/index.php\/wp-json\/wp\/v2\/media?parent=346"}],"curies":[{"name":"wp","href":"https:\/\/api.w.org\/{rel}","templated":true}]}}