{"id":343,"date":"2017-02-14T21:35:01","date_gmt":"2017-02-14T19:35:01","guid":{"rendered":"https:\/\/ktss.sivukierre.fi\/?page_id=343"},"modified":"2017-02-14T21:35:01","modified_gmt":"2017-02-14T19:35:01","slug":"reitinvalintoja","status":"publish","type":"page","link":"https:\/\/ktss.sivukierre.fi\/index.php\/reitinvalintoja\/","title":{"rendered":"Reitinvalintoja"},"content":{"rendered":"<p>2\/3 seurasta p\u00e4\u00e4tti viett\u00e4\u00e4 er\u00e4\u00e4n P\u00e4\u00e4si\u00e4isen pitk\u00e4st\u00e4 aikaa Saarisel\u00e4n turistihiihtoalueella. P\u00e4\u00e4tavoitteena lungin hiiht\u00e4misen ohella mik\u00e4p\u00e4 muu kuin saunominen Luirolla. Ajanv\u00e4hyyden vuoksi muuhun ei oikein aikaa riitt\u00e4nytk\u00e4\u00e4n. Suksienjalkautus- ja autonseisottamispisteeksi havittelimme jotain nelostien leventym\u00e4\u00e4 jonkin Kopsukselle johtavan reitin alussa. V\u00e4ltt\u00e4m\u00e4tt\u00f6m\u00e4lt\u00e4 n\u00e4ytti my\u00f6s, ett\u00e4 alla pit\u00e4isi olla edes joskus kelkalla ajettu ura - olivatpa taas nimitt\u00e4in molemmilla tellut alla ja vaikkakin vuosien takainen niin kuitenkin ikituoreessa muistissa oli viel\u00e4 pohjia my\u00f6ten tapahtunut kahlaus \"tellunkantavilla\" kev\u00e4thangilla er\u00e4\u00e4ll\u00e4 <a href=\"https:\/\/ktss.sivukierre.fi\/index.php\/pikareissu-ivalojoella\/\" target=\"_blank\">Ivalojoen pikareissulla<\/a>...<\/p>\n<p>Sopivaa uranp\u00e4\u00e4t\u00e4 ei kuitenkaan tuntunut l\u00f6ytyv\u00e4n Tankavaaran ja Kakslauttasen v\u00e4lilt\u00e4 eik\u00e4 Tankavaaran opastuskeskuksen opastushenkil\u00f6k\u00e4\u00e4n mahdollisista huoltourista tiennyt. Koska Kiilop\u00e4\u00e4n nylkyriparkkihintojakaan emme halunneet maksaa, l\u00f6ysimme itsemme pakkaamasta rinkkapossujamme Muotkan majan parkkipaikalta. Siit\u00e4 sitten hilpasimme koneuraa pitkin Niilanp\u00e4\u00e4n aidalle ja turistiuraa pitkin Suomulle. Hiihtoaikaa kului tuommoiset nelisen tuntia - ura kantoi ja suksi luisti.<\/p>\n<p>Vaan ei kantanut ja luistanut kaikilla. Valmistelimme juuri pehmovuoteitamme paikan parhaaseen nukkumasoppeen - puuliiterin sahuu- ja hakkuupaikalle (joustavaa alustaa monta kymment\u00e4 sentti\u00e4, ei voi kuin suositella),\u00a0 kun illan viimeisiss\u00e4 h\u00e4m\u00e4riss\u00e4 paikalle saapui kaksi is\u00e4poikayhdistelm\u00e4\u00e4. Kaksi telttaa pystyttiv\u00e4t - toisen kaivoivat maata my\u00f6ten, toisen pystyttiv\u00e4t kovaksi poljetulle lumelle ja aterioitsivat nuotiolla suuren espanjalaisretkueen ylij\u00e4\u00e4m\u00e4pastat. Sek\u00e4 kertoivat olevansa hieman v\u00e4syneit\u00e4 hiihdetty\u00e4\u00e4n ja kahlattuaan 12 tuntia samaa etappia, mihin me olimme saaneet menem\u00e4\u00e4n nelj\u00e4. Heid\u00e4n l\u00e4ht\u00f6pisteens\u00e4 oli Tievatupa - siis pari sataa metri\u00e4 omastamme! Tunsimme sympatiaa, mutta my\u00f6s v\u00e4h\u00e4n ihmettelimme, miksei valmis ura kelvannut -\u00a0 ei edes sen j\u00e4lkeen, kun kelin luonne aivan varmasti oli jo ensimm\u00e4isen kilometrin j\u00e4lkeen selvinnyt ja uuden suunnan ottaminen ei olisi isoakaan ketunlenkki\u00e4 aiheuttanut. Toki, se mik\u00e4 ei tapa, se vahvistaa, mutta mukana oli sent\u00e4\u00e4n varhaisteinej\u00e4, joilta ei viel\u00e4 voi t\u00e4ysmiehen suoritusta odottaa. Miehetkin olivat niin sanotusti aivan tasaraha ja leppoisaksi aiottu kev\u00e4thiihtely oli k\u00e4\u00e4ntynyt k\u00e4rsimykseksi. Muuttui heid\u00e4n saunalenkkins\u00e4 Luirolle paljon pienemm\u00e4ksi pyr\u00e4hdykseksi v\u00e4hentyneiden menohalujen my\u00f6t\u00e4.<\/p>\n<p>Me jatkoimme kiltisti valmista uraa pitkin Aittavaaraa yl\u00f6s ja Vintil\u00e4tunturin l\u00e4nnest\u00e4 kiert\u00e4en Tuiskukuruun. Valmistelimme juuri hyv\u00e4n levon j\u00e4lkeen loppupyr\u00e4hdyst\u00e4 Luirolle, kun Tuiskukurun suunnasta saapui yksin\u00e4inen nuorimies, joka oli edellisen y\u00f6n my\u00f6s Suomulla viett\u00e4nyt muun ryhm\u00e4ns\u00e4 kanssa. H\u00e4n kiipesi heti yl\u00e4ritsille oikoseksi ja kertoi olevansa v\u00e4h\u00e4n v\u00e4synyt. Oli kuulemma herrasmiehen\u00e4 kahlannut uraa auki takana tulevalle loppuryhm\u00e4lle - kolmelle partiotyt\u00f6lle. Oli kuulemma upottanut aivan riitt\u00e4v\u00e4sti. Uskoimme t\u00e4m\u00e4n, mutta my\u00f6s v\u00e4h\u00e4n ihmettelimme, miksei valmis ura ollut kelvannut. Toisaalta, matkassa olivat h\u00e4nell\u00e4 er\u00e4-70:t, jotka kyll\u00e4 n\u00e4kem\u00e4mme mukaan jotenkin kantoivat tuollakin kelill\u00e4 ja osalla etapista Suomun varressa oli varmasti kelkkaura. T\u00e4m\u00e4n totesimme itsekin parin p\u00e4iv\u00e4n p\u00e4\u00e4st\u00e4, kun aamukirpe\u00e4n j\u00e4lkeen itsekin Tuiskukurun l\u00e4pi hyv\u00e4ll\u00e4 hankikannolla sujuttelimme - mit\u00e4 nyt viimeinen kilometri ennen Suomun varren kelkkauraa alkoi pett\u00e4\u00e4 meist\u00e4 painavamman alla, mutta kilometrin sit\u00e4 kahlaa vaikka kontaten, kun matkan kilometriksi tiet\u00e4\u00e4!<\/p>\n<p>Selkesi siin\u00e4 sitten varsinainen syy nuorenmiehen uupumukseen: h\u00e4nen pari p\u00e4iv\u00e4\u00e4 aiemmin tekem\u00e4ns\u00e4 <a href=\"\/images\/Tuiskukurussa\/pages\/IMG_4354.html\" target=\"_blank\">ura<\/a> kulki omastamme noin metrin - viiden metrin p\u00e4\u00e4ss\u00e4 purolta poisp\u00e4in - juuri siin\u00e4 kohdassa, miss\u00e4 puronvarren talvisaikaan tasainen rantaniitty\/ryteikk\u00f6 muuttui nopeasti jyrkkenev\u00e4ksi kurun sein\u00e4m\u00e4ksi. Omamme kulki tasaisella hangella. Nuorenmiehen ladun alemman ja ylemm\u00e4n suksenj\u00e4ljen ero oli kymmenisen sentti\u00e4 - pystysuunnassa. Uppoumasyvyys oli ehk\u00e4p\u00e4 tuommoiset nilkkaan - puolis\u00e4\u00e4reen. Semmoista kun polkee kolmisenkin kilometri\u00e4, niin tiet\u00e4\u00e4 polkeneensa. N\u00e4ytti silt\u00e4, kuin koko kurun pohjaa olisi ep\u00e4ilty leve\u00e4ksi joeksi, joka oli vain keskelt\u00e4 sula metrin - parin leveydelt\u00e4 ja muu osa odotti vain varomatonta kulkijaa humpsahtamaan hyiseen kylpyyn. Todellisuudessahan alla tosiaan oli koivuryteikk\u00f6\u00e4, varpuja tai hein\u00e4\u00e4 kasvava rantapenkka, jonka n\u00e4ki yhdell\u00e4 silm\u00e4yksell\u00e4 puron vastarannalta - jos ymm\u00e4rsi katsoa.<\/p>\n<p>Arvelimme, ett\u00e4 olisiko nykyretkeilij\u00f6iden kelin-, maaston- ja kartanluvussa jotain oleellista muutosta entiseen verraten? Rehellisyyden nimiss\u00e4 pit\u00e4\u00e4 kuitenkin muistella omia oppirahojen makselua, kun puronvarret koluttiin aina sit\u00e4 alinta (ryteikk\u00f6ist\u00e4 ja mutkittelevaa kalamiesten-) polkua pitkin ja suorin reitti oli paras reitti - niikuin kerrankin juuri samalla etapilla suorasuuntauksella Suomun pikkulammilta Vintil\u00e4- ja Pikkutunturin yli viimeinen kilometri 30 asteen kulmassa kamalassa kivikossa k\u00e4yr\u00e4n suuntaisesti... Taitaa olla niin, ett\u00e4 kokemus karttuu vain kokemalla - ellei satu olemaan matkassa kokeneempaa neuvojaa. Omatoimiset retkeilij\u00e4t usein ovat tietotaidollisesti samalla viivalla, kun johdetuille (ja maksullisille) retkille ei haluta ja muuta kokeneempaa seuraa ei v\u00e4ltt\u00e4m\u00e4tt\u00e4 ole. Kantap\u00e4\u00e4n kautta oppimisessa on vaan se vaara, ett\u00e4 paha ensikokemus torppaa orastavan retkeilyinnostuksen alkuunsa, kun toista kertaa ei reissuun haluta - ei ainakaan ennen kuin aika on kullannut muistot - ja ehk\u00e4 maalaisj\u00e4rki on muutenkin kasvanut i\u00e4n my\u00f6t\u00e4. Mekin tunnemme n\u00e4it\u00e4 tapauksia viljalti, kuten my\u00f6s tapauksia, ettei koskaan en\u00e4\u00e4.<\/p>\n<p>Niin tai n\u00e4in, mutta Luiroj\u00e4rven tuliter\u00e4 sauna on todella hyv\u00e4. Kolmas kerta sitten toden sanoi. Ensimm\u00e4inen lautah\u00f6kkeli olikin jo ennen kansallispuistoa, mutta toinen yritys oli k\u00e4sitt\u00e4m\u00e4t\u00f6n m\u00f6hl\u00e4ys sek\u00e4 paikan, rakenteiden ett\u00e4 mitoituksen puolesta. Mutta t\u00e4m\u00e4 on hyv\u00e4! Kuten my\u00f6s muukin varustus Luirolla: puuta on, ja sen pilkkomiseksi v\u00e4lineet kunnossa. Jopa kunnon halkaisukirves! Hilltonissa (tai Hilttonissa) tilaa ja kunnon kuivaushuoneet. Jopa paskimot varustettu odotushuoneella - vain jonotusnumeroautomaatti puuttuu...<\/p>\n<p>Jokohan retkeilij\u00e4\u00e4n niin paljon luotetaan, ett\u00e4 kunnon kirveit\u00e4 uskalletaan hankkia vesijohtoputkivartisten kiinalaiskirveiden tilalle, joiden katkaisuprofiilinen ter\u00e4 v\u00e4\u00e4ntyy mutkalle, kun kelo-oksaan kunnolla kajauttaa? Semmoinen mokoma sitten l\u00f6ytyi Tuiskukurun k\u00e4mp\u00e4lt\u00e4 ja kyll\u00e4 oli aina mukana kulkevalle Fiskarsin tonniselle k\u00e4ytt\u00f6\u00e4! Ollaankohan Tuiskukurua vasiten ajamassa alas, kun k\u00e4mp\u00e4n perushuoltokin on j\u00e4tetty retuper\u00e4lle - paskimot ja roskimot tupaten t\u00e4ysi\u00e4, vuotava katto saa rauhassa vuotaa, puuntekov\u00e4lineet ovat kelvottomia, k\u00e4mp\u00e4n lattia alkaa olla s\u00e4lein\u00e4, ovet ovat linka l\u00e4nk\u00e4 ja niin edelleen ynn\u00e4 poisp\u00e4in? Onkohan t\u00e4m\u00e4 sit\u00e4 UKK-puiston keskitt\u00e4misstrategiaa - k\u00e4mppi\u00e4 v\u00e4h\u00e4n mutta laatua paljon? K\u00e4mp\u00e4n tarvetta tai tarpeettomuutta voidaan sitten perustella k\u00e4vij\u00e4m\u00e4\u00e4rill\u00e4, mutta se saadaan kyll\u00e4 alas antamalla paikan rappeutua. Ja mit\u00e4s huonokuntoisella k\u00e4mp\u00e4ll\u00e4 tekeek\u00e4\u00e4n, kun sit\u00e4 ei juurikaan edes k\u00e4ytet\u00e4? K\u00e4tev\u00e4\u00e4 tarkoitushakuista manipulointia, ehk\u00e4...<\/p>\n<p>Tuosta keskitt\u00e4misstrategiasta l\u00f6ytyi kamalin skenaario pessimistisen kulkijan merkinn\u00f6ist\u00e4 Tuiskun vieraskirjassa, jonka mukaan Suomen Latu havittelisi hotellitason palveluita Luirolle, aina tiet\u00e4 my\u00f6ten? T\u00e4m\u00e4n on pakko olla urbaania legendaa. Jos ei ole, olemme me, koko Korvatunturin Saunaseura kaikki tyynni valmiita kytkeytym\u00e4\u00e4n kaivurin kauhaan ja sy\u00f6m\u00e4\u00e4n avaimen. On nimitt\u00e4in Anti-Hymer -reissun j\u00e4ljilt\u00e4 riitt\u00e4v\u00e4n tukevat <a href=\"\/images\/Anti-Hymer%20Trip\/target14.html\" target=\"_blank\">ketjut ja lukot<\/a> jo olemassa...<\/p>\n","protected":false},"excerpt":{"rendered":"<p>2\/3 seurasta p\u00e4\u00e4tti viett\u00e4\u00e4 er\u00e4\u00e4n P\u00e4\u00e4si\u00e4isen pitk\u00e4st\u00e4 aikaa Saarisel\u00e4n turistihiihtoalueella. P\u00e4\u00e4tavoitteena lungin hiiht\u00e4misen ohella mik\u00e4p\u00e4 muu kuin saunominen Luirolla. Ajanv\u00e4hyyden vuoksi muuhun ei oikein aikaa riitt\u00e4nytk\u00e4\u00e4n. Suksienjalkautus- ja autonseisottamispisteeksi havittelimme jotain nelostien leventym\u00e4\u00e4 jonkin Kopsukselle johtavan reitin alussa. V\u00e4ltt\u00e4m\u00e4tt\u00f6m\u00e4lt\u00e4 n\u00e4ytti my\u00f6s, ett\u00e4 alla pit\u00e4isi olla edes joskus kelkalla ajettu ura - olivatpa taas nimitt\u00e4in molemmilla <a href=\"https:\/\/ktss.sivukierre.fi\/index.php\/reitinvalintoja\/\" class=\"more-link\">...jatka lukemista<span class=\"screen-reader-text\"> \"Reitinvalintoja\"<\/span><\/a><\/p>\n","protected":false},"author":1,"featured_media":0,"parent":0,"menu_order":0,"comment_status":"closed","ping_status":"closed","template":"","meta":{"footnotes":""},"class_list":["post-343","page","type-page","status-publish","h-entry","hentry","h-as-page"],"_links":{"self":[{"href":"https:\/\/ktss.sivukierre.fi\/index.php\/wp-json\/wp\/v2\/pages\/343","targetHints":{"allow":["GET"]}}],"collection":[{"href":"https:\/\/ktss.sivukierre.fi\/index.php\/wp-json\/wp\/v2\/pages"}],"about":[{"href":"https:\/\/ktss.sivukierre.fi\/index.php\/wp-json\/wp\/v2\/types\/page"}],"author":[{"embeddable":true,"href":"https:\/\/ktss.sivukierre.fi\/index.php\/wp-json\/wp\/v2\/users\/1"}],"replies":[{"embeddable":true,"href":"https:\/\/ktss.sivukierre.fi\/index.php\/wp-json\/wp\/v2\/comments?post=343"}],"version-history":[{"count":0,"href":"https:\/\/ktss.sivukierre.fi\/index.php\/wp-json\/wp\/v2\/pages\/343\/revisions"}],"wp:attachment":[{"href":"https:\/\/ktss.sivukierre.fi\/index.php\/wp-json\/wp\/v2\/media?parent=343"}],"curies":[{"name":"wp","href":"https:\/\/api.w.org\/{rel}","templated":true}]}}