{"id":340,"date":"2017-02-14T21:23:31","date_gmt":"2017-02-14T19:23:31","guid":{"rendered":"https:\/\/ktss.sivukierre.fi\/?page_id=340"},"modified":"2017-02-21T01:26:26","modified_gmt":"2017-02-20T23:26:26","slug":"kurmeeta-ja-kuninkaallisia-kotitunturilla","status":"publish","type":"page","link":"https:\/\/ktss.sivukierre.fi\/index.php\/kurmeeta-ja-kuninkaallisia-kotitunturilla\/","title":{"rendered":"Kurmeeta ja kuninkaallisia kotitunturilla"},"content":{"rendered":"<p>Olipa aikaa kulunut jo NN vuotta Korvatunturin Saunaseuran edellisest\u00e4 reissusta kotitunturille. Asian tila korjattiin er\u00e4\u00e4n\u00e4 syyskuuna. Liikkeell\u00e4 oli koko seura vahvistettuna yhdell\u00e4 toisen sukupolven hang-around -j\u00e4senell\u00e4 ja kahdella untuvikolla. N\u00e4m\u00e4 saattavat p\u00e4\u00e4st\u00e4 anomaan seuran j\u00e4senyytt\u00e4 hang-around -klubin kautta joskus noin 70 vuoden kuluttua.<\/p>\n<p>Matka alhaalta yl\u00f6s taitettiin seuran k\u00e4ytt\u00f6ns\u00e4 hankkimallaan asuntoautolla. Vanhasta Hiacesta oli luovuttu jo aikap\u00e4iv\u00e4\u00e4 sitten. Katolle nostettiin seuran Coleman ja Jaruzelskilta lainattu muovikaksikko. Kuusamosta nostettiin mukaan t\u00e4ydennyst\u00e4 j\u00e4senist\u00f6\u00f6n. Satunnaisen v\u00e4liy\u00f6pymyksen saavuttiin perille Kemihaaran. Siell\u00e4 joukkio ensin kyseli kalalupa-asiat paikalliselta matkailualan yritt\u00e4j\u00e4lt\u00e4 herra Peltoniemelt\u00e4 ja totta viek\u00f6\u00f6n, Maa- ja Mets\u00e4talousministeri\u00f6n verkkosivuilta l\u00f6ytyneet karttapiirrokset olivat juuri niin ristiriidassa todellisten lupa-alueiden kanssa kuin ep\u00e4iltiinkin: kartan mukaan kalastuskielto loppui\u00a0 kymmenisen kilometri\u00e4 ennen kuin se varsinaisesti loppui. Piru viek\u00f6\u00f6n, t\u00e4h\u00e4n palaamme toisaalla turhaan hankittujen valtakunta- ja l\u00e4\u00e4nilupien innoittamina!<\/p>\n<p>L\u00e4ht\u00f6valmisteluja suoritettiin kuka enemm\u00e4n kuka v\u00e4hemm\u00e4n taudin kourissa mutta yht\u00e4kaikki, l\u00e4ht\u00f6valmiina oli ensin untuvikkokaksikko, rinkat pulleaakin pulleampina, mutta siit\u00e4 huolimatta muovikassit k\u00e4siss\u00e4 lis\u00e4elintarvikkeita t\u00e4ynn\u00e4ns\u00e4. T\u00e4ss\u00e4 vaiheessa otettiin komento ensimm\u00e4isen kerran seis: pakko on 90 litran Condoriin viiden p\u00e4iv\u00e4n retkiev\u00e4\u00e4t mahtua muiden varusteiden joukkoon. Pikaisen uudelleenpakkauksen j\u00e4lkeen n\u00e4in tapahtuikin, ja rinkkojen piukea sointi nousi muutaman s\u00e4velaskeleen.\u00a0 Reittikyselyihin osoiteltiin ruskealla yhten\u00e4isviivalla vedetty\u00e4 polkua puron varressa, osoittautuen kyseinen j\u00e4lki kuitenkin korkeusk\u00e4yr\u00e4ksi. Siin\u00e4 mieless\u00e4 oli ehk\u00e4 hyv\u00e4, ett\u00e4 kaksikko l\u00e4hti tallustamaan m\u00f6nkij\u00e4lle - ja jopa lastenvaunuille ja polkupy\u00f6rille - kelpaavaa merkitty\u00e4 paripy\u00f6r\u00e4uraa Kemihaaran pihasta kohti Manto-ojaa. T\u00e4ll\u00f6in\u00a0 suunnistukseen riitti Vieriharjuun johtavan, merkityn risteyksen havainnointi. JP tosin ep\u00e4ili, ett\u00e4 Vislauskuusikossa repun viilekkeet l\u00f6ystyv\u00e4t viimeist\u00e4\u00e4n - ja oikeassa oli. Meno nimitt\u00e4in vaikutti sen verran kumaraiselta.<\/p>\n<p>Toisaalla <a href=\"\/images\/Pyhiinvaellus2\/index.html\" target=\"_blank\">melottiin<\/a> Naltiohaaraa yl\u00f6sp\u00e4in. Pari ensimm\u00e4ist\u00e4 kilometri\u00e4 kyll\u00e4kin pikemminkin sauvottiin ja vedettiin rannalta, ennen kuin joki upposi j\u00e4nk\u00e4\u00e4n ja vesi sek\u00e4 syveni ett\u00e4 rauhoittui. Ennen j\u00e4nk\u00e4osuutta kuitenkin y\u00f6p\u00e4istiin tulilla maaten, oltiinhan reissuun l\u00e4hetty hyv\u00e4naikaa iltap\u00e4iv\u00e4n puolella. Sen verran kumminkin oli alkutaival aamusella inkkaripartion mielest\u00e4 ollut raskaampaa, ett\u00e4 p\u00e4\u00e4ttiv\u00e4t j\u00e4tt\u00e4\u00e4 melomisen sikseen, t\u00e4lt\u00e4 er\u00e4\u00e4. L\u00e4r\u00e4 &amp; Jr. vaihtoivat inkkariin mieluusti ja j\u00e4ttiv\u00e4t kaksikon rannalle, sill\u00e4 karttatiedustelun ja vanhojen kokemusten valossa pikkujoki on j\u00e4ng\u00e4n syd\u00e4mess\u00e4 melottavimmillaan, jos kohta mutkaisimillaankin. Niinp\u00e4 nelj\u00e4n kilometrin linnuntiehen mahtui viiden tunnin vastavirtaan mutkittelu, ja pahimmissa paikoissa rannalta veto. Illansuussa sitten Vierihaaran tuvalle ulottui inkkaripartio. L\u00e4r\u00e4n muutaman p\u00e4iv\u00e4n it\u00e4nyt flunssa nousi vihdoin oraalle ja kaatoi \u00e4ij\u00e4n petiin.<\/p>\n<p>Pedin uumenista havahtuihe h\u00e4n illan h\u00e4myss\u00e4 siihen, ett\u00e4 koukkuselk\u00e4partio saapui paikalle, kantamuksiensa alla \u00e4hkyen. Olivat untuvikkomme Kassi ja Jurri (nimet muutettu) joutuneet ensimm\u00e4isen\u00e4 tervaskantoy\u00f6n\u00e4\u00e4n Vislauskuusikossa niin t\u00e4pin\u00f6ihins\u00e4 savun tuoksusta (ja jallun mausta, kuulemma), ett\u00e4 laskeutuivat levolle vasta auringon noustua. Ollen siit\u00e4 seurauksena tietty viive seuraavalla etapilla. Saunan panivat nuoret kumminkin tulille, ja jatkoivat ensireissunsa herkistely\u00e4 siell\u00e4. L\u00e4r\u00e4kin k\u00e4vi kokeilemassa ja niin meni palkokasvin siemen hengityselimiin saunan surkeutta ihmetelless\u00e4, ett\u00e4 piti viel\u00e4 y\u00f6ll\u00e4 asiaa vieraskirjaan kommentoida, horjuvin kirjaimin.<\/p>\n<p>Havahtuihe L\u00e4r\u00e4 toisen kerran seuraavana aamuna, kun tupaan p\u00f6ll\u00e4hti ensin Naltiolle hilpaissut jalkapartio ja sitten vaalea naisel\u00e4j\u00e4 kyselem\u00e4\u00e4n ett\u00e4 mit\u00e4s \u00e4ij\u00e4t viel\u00e4 makaa. Potemistaan valitteli L\u00e4r\u00e4, ja vieras kertoi nilkan kivikossa py\u00f6r\u00e4ytt\u00e4neens\u00e4. Kyseli L\u00e4r\u00e4 miten kaukana k\u00e4mp\u00e4lt\u00e4 vahinko sattui, mutta h\u00e4mm\u00e4styksekseen sai kuulla, ett\u00e4 vahinko sattui aivan toisaalla - olipahan jotenkin vieras Kemihaaraan ukkonsa kainalosauvanaan nilkutellut\u00a0 ja lainannut sitten polkupy\u00f6r\u00e4n, jolla k\u00e4mp\u00e4lle konkeloinut. Tarkensi L\u00e4r\u00e4 viel\u00e4 kuulemansa: oli vieras siis py\u00f6r\u00e4illyt 10 km maastossa p\u00e4\u00e4osin yhdell\u00e4 jalalla polkien, jotta sai lis\u00e4ev\u00e4st\u00e4 toimitetuksi kohtapuoliin Nuortilta alkavan rinkkaselk\u00e4vaelluksen Vierihaara-etapille. T\u00e4mm\u00f6iselle retkihenkisyydelle oli L\u00e4r\u00e4ll\u00e4 vain yksi m\u00e4\u00e4ritelm\u00e4: lapinhulluutta! Painuipa L\u00e4r\u00e4 siit\u00e4 saman tien takaisin pehkuihinsa sairastuksenjatkoille.<\/p>\n<p>T\u00e4ll\u00e4 v\u00e4lin JP ja MP yhdess\u00e4 vaalean vieraan kanssa diagnosoivat L\u00e4r\u00e4n tautia ja totesivat antibioottien tarpeen. Semmoista olisi saanut tilattua taksikyydill\u00e4 Savukoskelta seuraavaksi p\u00e4iv\u00e4ksi Kemihaaraan, mutta vieras totesi my\u00f6s moista m\u00f6mm\u00f6\u00e4 Kemihaaran majoituksessaan omistavansa. Sen h\u00e4n sitten toimitti seuraavana p\u00e4iv\u00e4n\u00e4 puistopomon m\u00f6nkij\u00e4kyydiss\u00e4 eteenp\u00e4in. JP ja MP jatkoivat iltap\u00e4iv\u00e4ll\u00e4 viel\u00e4 Rakitsanojan baariin, kun menojalkaa yh\u00e4 vipatti.<\/p>\n<p>M\u00f6nkij\u00e4t saavuttivat seuraavana p\u00e4iv\u00e4n\u00e4 L\u00e4r\u00e4n ja Juniorin hilkkua ennen Rakitsanojaa. Luovutti puistopomo antibioottikuljetuksen ja kertoili hieman yst\u00e4v\u00e4llisest\u00e4 l\u00e4\u00e4kkeiden luovuttajasta: t\u00e4m\u00e4 oli itse It\u00e4kairan Prinsessa, jonka kuninkaallisen korkeuden L\u00e4r\u00e4 oli siis tiet\u00e4m\u00e4tt\u00e4\u00e4n edellisp\u00e4iv\u00e4n\u00e4 tavannut! Tieto selitti hyvinkin havaittua retkihenkisyytt\u00e4. Prinsessan merkint\u00f6j\u00e4 oli L\u00e4r\u00e4 lueskellut useaan otteeseen jo vuosikymmenien takaa, it\u00e4rajan k\u00e4mppi\u00e4 aikoinaan enemm\u00e4nkin kolutessaan. Kirjoitukset kieliv\u00e4t kirjoittajansa vahvasta kiintymyksest\u00e4 nimenomaan n\u00e4ihin It\u00e4-Lapin mets\u00e4isiin rajaseutuihin. Niin vahvasta, ett\u00e4 edes kaksinkertaiseksi turvonnut nilkka ei prinsessaa maisemasta irti saanut! Juniorin kanssa oli prinsessa haastellut pitemp\u00e4\u00e4nkin ja todennut vakavammankin loukkaantumisen olevan sin\u00e4ns\u00e4 yhdentekev\u00e4\u00e4 - ellei per\u00e4ti toivottavaa, sill\u00e4 se saattaisi sitoa prinsessan ja valtakunnan ikuisesti yhteen. T\u00e4m\u00e4 tietysti saattaa kuulostaa aika hullulta, mutta toisaalta: mieltyyh\u00e4n joku mereenkin niin, ett\u00e4 haluaa viimeisen leposijansa sen syleilyyn. Tai syntym\u00e4kontuihinsa. Tai m\u00f6kkisaareensa. Tai pienelle polulle, joka mets\u00e4n halki vie. Miksei sitten yht\u00e4 hyvin laajaan It\u00e4kairaan?<\/p>\n<p>Vierihaaran sauna ansaitseekin omat lukunsa. Ensimm\u00e4inen testaus tapahtui sen verran flunssaisissa m\u00f6mm\u00f6iss\u00e4, ett\u00e4 testauksen kattavuuden ja tasapuolisuuden vuoksi se uusittiin koko seuran voimin reissun loppupuolella. Saunan t\u00e4rkein ominaisuus on, ett\u00e4 siell\u00e4 saa l\u00f6ylyj\u00e4 - seh\u00e4n se on kyseisen laitoksen funktio p\u00e4hkin\u00e4nkuoressa. Vierihaaran saunassa sit\u00e4 ei saanut, ei sitten helevettil\u00e4inen mill\u00e4\u00e4n! Se v\u00e4h\u00e4 mink\u00e4 kiukaasta irti sai, singahti harjakattoa my\u00f6t\u00e4ilev\u00e4n sis\u00e4tilan yl\u00e4osiin ja yksin tein ulos hirsien raoista ja yl\u00e4jiirin koloista! Ei puhettakaan, ett\u00e4 l\u00f6yly olisi laskeutunut malttamattomana odottavien saunojien harteille, saati sitten alemma. Ja silti, elettiin syyskuun l\u00e4mpim\u00e4hk\u00f6j\u00e4 alkup\u00e4ivi\u00e4. Voi vain kuvitella, miten esim. 30 asteen pakkasilla kylpij\u00f6iden perseet lauteille j\u00e4\u00e4tyv\u00e4t, vaikka kuinka r\u00f6n\u00f6\u00e4 t\u00f6nter\u00f6\u00f6n syyt\u00e4isi! Ja kyll\u00e4 sit\u00e4 j\u00e4ljist\u00e4 p\u00e4\u00e4tellen on syydettykin: kiukaan ulkopelti on kokenut osittaisen metamorfoosin ilmeisen punahehkuisena. Niill\u00e4 kerroin on yritt\u00e4neet kyll\u00e4 laitettu!<\/p>\n<p>Kun l\u00f6yly\u00e4 ei ole, sit\u00e4 joko ei tule tai se karkaa. T\u00e4ss\u00e4 tapauksessa molemmat p\u00e4tev\u00e4t. Koska Korvatunturin Saunaseura ei j\u00e4t\u00e4 kive\u00e4k\u00e4\u00e4n k\u00e4\u00e4nt\u00e4m\u00e4tt\u00e4 t\u00e4mm\u00f6isiss\u00e4 tapauksissa, kaikki kiukaan kivet k\u00e4\u00e4nnettiin. Viitisen kiloa niist\u00e4 k\u00e4\u00e4nnettiin lopullisesti ja viskottiin mets\u00e4\u00e4n: pienehk\u00f6t ja murentuneet kivet, jotka n\u00e4pp\u00e4r\u00e4sti tukkivat kivitilan ilma-aukon, josta ilman tulisi virrata sis\u00e4\u00e4n, jotta se voisi tulikanavien kyljest\u00e4 l\u00e4mmet\u00e4 ja yl\u00f6s noustessaan my\u00f6s kivet kuumentaa sek\u00e4 pyrki\u00e4 saunan sis\u00e4tilan l\u00e4mmitt\u00e4m\u00e4\u00e4n. Toivomme, ett\u00e4 kyseinen modifikaatio edes v\u00e4h\u00e4n kylpemistapahtumaa edesauttaisi, vaikkei se kiukaan liian pienest\u00e4 koosta johtuvaa tehottomuutta voi korjata. Palautteet voi j\u00e4tt\u00e4\u00e4 seuran palautelaatikkoon. Seura j\u00e4tt\u00e4\u00e4 ne sitten omaan arvoonsa.<\/p>\n<p>L\u00f6ylyn karkaamiselle ei ollut teht\u00e4viss\u00e4 mit\u00e4\u00e4n. Sis\u00e4kattoa ei k\u00e4ynyt madaltaminen eik\u00e4 hirsien sek\u00e4 yl\u00e4jiirin rakojen tukkimiseksi ollut materiaalia. Viel\u00e4 v\u00e4hemm\u00e4n oli mahdollisuutta korjata ilmiselvi\u00e4 kosteusongelmia, jotka tulevat lyhent\u00e4m\u00e4\u00e4n t\u00e4m\u00e4n saunan elinik\u00e4\u00e4 kolmasosaan siit\u00e4, mit\u00e4 se voisi olla. Lahoavat puuosat pienent\u00e4v\u00e4t hygienia-, haju- ja homehaitoillaan saunomistapahtuman miellytt\u00e4vyytt\u00e4 - sik\u00e4li kun sit\u00e4 l\u00f6ylyn synty- ja karkausongelmien takia ylip\u00e4\u00e4t\u00e4\u00e4n esiintyy. Ensimm\u00e4isen\u00e4 lahoavat sis\u00e4katon laudat siin\u00e4, miss\u00e4 kosteussulku ennen aikojaan p\u00e4\u00e4ttyy ja sein\u00e4hirsi alkaa, kun rakoihin ty\u00f6ntyv\u00e4 h\u00f6yry kohtaa viile\u00e4n ulkoilman: tiivistyminen ja imeytyminen tapahtuvat. Ongelma on jo hyvin n\u00e4ht\u00e4viss\u00e4. Seuraavaksi lahoaa betonisen kiukaanalustan paikalleen j\u00e4tetty (!) muotti. Samaan aikaan lahoavat lattiaan kiinnitetyt lauteiden ja astinpenkin jalat. Seinien lahoaminen alkaa kiukaan takaa ylim\u00e4\u00e4r\u00e4isen l\u00f6ylyveden j\u00e4\u00e4dess\u00e4 lillim\u00e4\u00e4n nurkkaan kiuaspohjan puuttuvan kaadon takia. Seinien lahoaminen n\u00e4kyy ensimm\u00e4isen\u00e4 yl\u00e4jiiriss\u00e4 puutteellisen kosteussulun takia. Yleislahoaminen tapahtuu seiniss\u00e4 siksi, ettei lopputuuletukselle ole j\u00e4tetty mahdollisuuksia: kunnon avattavan ja suljettavan tuuletusluukun kohdalla on umpihirtt\u00e4. Tuuletustapahtuman mahdollisuutta pienent\u00e4v\u00e4t entisest\u00e4\u00e4n olemattomat ilmaraot lattiajiiriss\u00e4 ja kiukaan alustan ymp\u00e4rill\u00e4. Pelkk\u00e4 vesiuran muodostama tuuletusrako on riitt\u00e4m\u00e4t\u00f6n. Lattian ja sein\u00e4n v\u00e4liss\u00e4 tulisi ehdottomasti olla tuuletusrako t\u00e4llaisissa olosuhteissa.<\/p>\n<p>Korvatunturin Saunaseuran loppulausunto Vierihaaran nykyisest\u00e4 saunasta on yksimielinen ja ehdoton: t\u00e4ysi paska.<\/p>\n<p>T\u00e4m\u00e4n my\u00f6s vieraskirjassa ilmaisimme v\u00e4rikk\u00e4\u00e4mmin sanak\u00e4\u00e4ntein, mutta haluamme pyyt\u00e4\u00e4 n\u00e4in j\u00e4lkik\u00e4teen anteeksi kritiikin kohteelta, UKK-puistohallinnolta, joka onkin vain paikan hallinnoija. Omistaja ja rakennuttaja on paikallinen paliskunta ja erityisesti, ainakin valvontamieless\u00e4, Savukosken kunnan rakennustoimi. Kaikki tiet\u00e4k\u00f6\u00f6t huutia - suunnittelijasta alkaen: sis\u00e4tilojen muoto on saunaksi soveltumaton ja kiukaan mitoitus riitt\u00e4m\u00e4t\u00f6n. Teknisist\u00e4 ratkaisuista nyt puhumattakaan: luokatonta meininki\u00e4.<\/p>\n<p>L\u00e4r\u00e4 &amp; Jr. olivat todistamassa muonitustyyli\u00e4, joka ei ihan hevin noilla haminoin toistu. Seuraili L\u00e4r\u00e4 nimitt\u00e4in joutessaan sairaspussinsa pohjalta untuvikkoja, jotka ev\u00e4st\u00e4 itselleen laativat. Nousi pussien sy\u00f6vereist\u00e4 tuoretta porkkanaa, sipulia, perunaa, purjoa ja kaiken huipuksi <a href=\"\/images\/Pyhiinvaellus2\/target1.html\">kes\u00e4kurpitsaa<\/a> runsain mitoin! N\u00e4iden materiaalien vesipitoisuus on yli 80% ja kes\u00e4kurpitsalla se lienee paljon ylikin, l\u00e4hell\u00e4 kurkun lukemia. N\u00e4ill\u00e4 ev\u00e4ill\u00e4 parivaljakko aikoi viitisen p\u00e4iv\u00e4\u00e4 jaksella. N\u00e4ki L\u00e4r\u00e4 my\u00f6s varttilitran pullon \u00f6ljyksi arvelemaansa ainetta ja pyysi josko tipan saisi, puukonter\u00e4n rasvaukseen. Pyynt\u00f6\u00f6n sai L\u00e4r\u00e4 tarkentavan kysymyksen: \"oliivi vai rypsi?\" \"Samantekev\u00e4\u00e4\", sai L\u00e4r\u00e4 sanotuksi naurunpuuskansa lomasta...<\/p>\n<p>Ei siin\u00e4 mit\u00e4\u00e4n, tuore-ev\u00e4st\u00e4 oli niin paljon ja siit\u00e4 haluttiin mahdollisimman pikaisesti eroon, p\u00e4iv\u00e4n kantamisen innoittamana, ett\u00e4 v\u00e4s\u00e4siv\u00e4t noviisit loistavan, chilimausteisen kasvispadan josta liikeni enemm\u00e4n kuin tarpeeksi kaikille paikallaolijoille. Niin hyv\u00e4\u00e4 m\u00e4tt\u00f6\u00e4 ei L\u00e4r\u00e4 ole ennen autiotuvalla saanutkaan, eik\u00e4 varmasti tule saamaan sen j\u00e4lkeenk\u00e4\u00e4n - ei ainakaan untuvikkojen tekem\u00e4n\u00e4. Totesi n\u00e4ist\u00e4 nimitt\u00e4in toinen jopa vieraskirjaan, ett\u00e4 oppi numero 1 on mennyt perille: ainoa neste, jota kairaan t\u00e4stedes kannettakoon olkoon alkoholia ja sekin mahdollisimman tiivistetyss\u00e4 muodossa! N\u00e4ill\u00e4 sanoilla hr-clubissa vietett\u00e4v\u00e4 koej\u00e4senyysaika putosi 69 vuoteen...<\/p>\n<p>K\u00e4vi sitten Seura &amp; Jr. kolmeen otteeseen Rakitsan baarista Korvatunturinmurustalla, sauna mieless\u00e4. Sen paikkaa etsittiin v\u00e4h\u00e4n sielt\u00e4 t\u00e4\u00e4lt\u00e4 purojen varsilta, mutta kolmea asiaa ei saatu kohtaamaan riitt\u00e4v\u00e4n suppealla alalla: vesi, polttopuut ja kiuaskivet. Ihan jokaista puronmutkaa ei tutkittu, mutta n\u00e4ytti kovasti silt\u00e4, ettei kunnon saunapaikkoja murustan tienoilta l\u00f6ydy hakemallakaan. Harmi sin\u00e4ns\u00e4, sill\u00e4 seuraavaan reissuun noille haminoin voi menn\u00e4 kauan - jopa niin kauan, ett\u00e4 sen tekee jo seuran seuraava ik\u00e4polvi (huokaus).<\/p>\n<p>Naltiolla piipahtaneet JP ja MP kehuivat kovasti kivaa kivikkoa. M\u00f6ykky erottuu hyvin ymp\u00e4rist\u00f6st\u00e4\u00e4n ja tarjoaa huikeat n\u00e4kym\u00e4t muun muassa eri suuntiin, ja pitk\u00e4lle. Naltiolle kapusivat my\u00f6s untuvikot ja ihastuivat niin etteiv\u00e4t muistaneet ajoissa alas l\u00e4hte\u00e4. Rinkkansa sent\u00e4\u00e4n l\u00f6ysiv\u00e4t iltah\u00e4m\u00e4riss\u00e4, mutta lopputaival pitkospolun ja Vierihaaran\u00a0 risteykseen tapahtui sitten pime\u00e4ss\u00e4, ja aikaa paloi koko retkeen kuulemma 12 tuntia... Sen n\u00e4k\u00f6isesti olivat sitten teltatkin pysytyss\u00e4, kun JP ja MP niit\u00e4 ohi kulkiessaan sateelta suojailivat irtopeitteell\u00e4. Kun L\u00e4r\u00e4 ja Jr. laskettelivat reippaassa sateessa leirin kohdalle, k\u00f6mpi teltoista juuri pari kovasti pime\u00e4k\u00e4velyst\u00e4 v\u00e4synytt\u00e4 kaveria aamiaispuuhiin. Tuikkasi Jr. ohimennen pojille pikku nuotion l\u00e4mmikkeeksi ennen kuin jatkoivat meloilla alavirtaan. Menness\u00e4\u00e4n raivasivat Vierihaarasta kaikki melontaesteiksi kaatuneet koivut syrjemm\u00e4lle, kun puistop\u00e4\u00e4llikk\u00f6 oli asiasta vihjannut Rakitsan baarissa.<\/p>\n","protected":false},"excerpt":{"rendered":"<p>Olipa aikaa kulunut jo NN vuotta Korvatunturin Saunaseuran edellisest\u00e4 reissusta kotitunturille. Asian tila korjattiin er\u00e4\u00e4n\u00e4 syyskuuna. Liikkeell\u00e4 oli koko seura vahvistettuna yhdell\u00e4 toisen sukupolven hang-around -j\u00e4senell\u00e4 ja kahdella untuvikolla. N\u00e4m\u00e4 saattavat p\u00e4\u00e4st\u00e4 anomaan seuran j\u00e4senyytt\u00e4 hang-around -klubin kautta joskus noin 70 vuoden kuluttua. Matka alhaalta yl\u00f6s taitettiin seuran k\u00e4ytt\u00f6ns\u00e4 hankkimallaan asuntoautolla. Vanhasta Hiacesta oli luovuttu <a href=\"https:\/\/ktss.sivukierre.fi\/index.php\/kurmeeta-ja-kuninkaallisia-kotitunturilla\/\" class=\"more-link\">...jatka lukemista<span class=\"screen-reader-text\"> \"Kurmeeta ja kuninkaallisia kotitunturilla\"<\/span><\/a><\/p>\n","protected":false},"author":1,"featured_media":0,"parent":0,"menu_order":0,"comment_status":"closed","ping_status":"closed","template":"","meta":{"footnotes":""},"class_list":["post-340","page","type-page","status-publish","h-entry","hentry","h-as-page"],"_links":{"self":[{"href":"https:\/\/ktss.sivukierre.fi\/index.php\/wp-json\/wp\/v2\/pages\/340","targetHints":{"allow":["GET"]}}],"collection":[{"href":"https:\/\/ktss.sivukierre.fi\/index.php\/wp-json\/wp\/v2\/pages"}],"about":[{"href":"https:\/\/ktss.sivukierre.fi\/index.php\/wp-json\/wp\/v2\/types\/page"}],"author":[{"embeddable":true,"href":"https:\/\/ktss.sivukierre.fi\/index.php\/wp-json\/wp\/v2\/users\/1"}],"replies":[{"embeddable":true,"href":"https:\/\/ktss.sivukierre.fi\/index.php\/wp-json\/wp\/v2\/comments?post=340"}],"version-history":[{"count":0,"href":"https:\/\/ktss.sivukierre.fi\/index.php\/wp-json\/wp\/v2\/pages\/340\/revisions"}],"wp:attachment":[{"href":"https:\/\/ktss.sivukierre.fi\/index.php\/wp-json\/wp\/v2\/media?parent=340"}],"curies":[{"name":"wp","href":"https:\/\/api.w.org\/{rel}","templated":true}]}}