{"id":333,"date":"2017-02-14T20:25:40","date_gmt":"2017-02-14T18:25:40","guid":{"rendered":"https:\/\/ktss.sivukierre.fi\/?page_id=333"},"modified":"2017-02-14T20:25:40","modified_gmt":"2017-02-14T18:25:40","slug":"salaisia-hommia","status":"publish","type":"page","link":"https:\/\/ktss.sivukierre.fi\/index.php\/salaisia-hommia\/","title":{"rendered":"Salaisia hommia"},"content":{"rendered":"<p>Oli JP kerran joulunaikaan joutessaan katsellut Loviisan kirjaston er\u00e4kirjavalikoimia. \"Kelok\u00e4mpp\u00e4\" oli sitten tarttunut mukaan. Outo oli kirjailija, mik\u00e4 lienee Savon \u00e4ij\u00e4, entinen lehtineekeri. Mutta paremman puutteessa sai kelvata. Karaj\u00e4rvest\u00e4 siin\u00e4 puhuttiin, ja rapiasti peninkulmainen piti j\u00e4rven olla. Kyll\u00e4 sit\u00e4 JP ja muukin seura sen verran Lapin l\u00e4\u00e4ni\u00e4 tunsi, ett\u00e4 pit\u00e4isi peninkulmaiset l\u00e4t\u00e4k\u00f6t tiet\u00e4\u00e4. Mutta eip\u00e4 tiedetty. Tarina kyll\u00e4 oli lupsakka, Karaj\u00e4rven Keisarista kertoi, jostain Alpiini-nimisest\u00e4 etel\u00e4n pakolaisesta, joka aikansa kierrelty\u00e4\u00e4n asettui vihdoin Mets\u00e4hallituksen suosiollisella luvalla Karaj\u00e4rvelle \"miljuunien\" koskemattomien hehtaarien keskelle.<\/p>\n<p>Sen verran j\u00e4i JP:t\u00e4 kaivelemaan Karaj\u00e4rvi, ett\u00e4 piti ruveta kirjailijasta kyselem\u00e4\u00e4n. Muutaman tiedustelusoiton j\u00e4lkeen oli kirjailijan leski langan p\u00e4\u00e4ss\u00e4 ja siit\u00e4 se alkoi ker\u00e4 aueta! Karaj\u00e4rvi - Rahaj\u00e4rvih\u00e4n se on, saakeli viek\u00f6\u00f6n! Niill\u00e4 nurkillahan sit\u00e4 oltiin juuri syksyll\u00e4 oltu, Hammastunturissa. Tunsivat seuralaiset heti hengen yhteytt\u00e4 Keisariin; samoja kivikkoja, jokia ja j\u00e4rvi\u00e4 oli Keisari katsellut sill\u00e4 silm\u00e4ll\u00e4, jotta t\u00e4\u00e4ll\u00e4h\u00e4n on HYV\u00c4 olla! On rauhaa, on koskematonta mets\u00e4\u00e4, on hyv\u00e4\u00e4 ilmaa hengitt\u00e4\u00e4. Seuralaisilla oli viel\u00e4 yksi naula Hammastunturin puolesta vet\u00e4m\u00e4ss\u00e4 - sen nopeammin ei niille perille syv\u00e4st\u00e4 Etel\u00e4st\u00e4 mihink\u00e4\u00e4n p\u00e4\u00e4se: Ivalossa kun lentsikasta hypp\u00e4\u00e4, laittaa sukset jalkoihin ja laskee Ivalojoen rantat\u00f6rm\u00e4st\u00e4 alas ja toiselta puolen yl\u00f6s, niin siell\u00e4h\u00e4n jo melkein henkil\u00f6 on! Pari tuntia kun kulkee, niin on jo varmasti. Sopii liev\u00e4hk\u00f6sti urbanisoituneille hovipojille...<\/p>\n<p>Innostui seura JP:n keralla tutkimaan Karaj\u00e4rven keisarikunnan historiaa enemm\u00e4nkin. Selvisi muun muassa Kelok\u00e4mp\u00e4n vaiherikas historia nykyiseen Mets\u00e4hallituksen hallinnoimaan vaiheeseen asti. Niin siin\u00e4 k\u00e4vi, ett\u00e4 seura otti ja vuokrasi Kelok\u00e4mp\u00e4n er\u00e4\u00e4ksi syyskuiseksi viikonlopuksi. Houkuteltiin sinne sitten sukulaisiakin, MP lupasi veneell\u00e4ns\u00e4 turistit kuskata ja tulla itsekin Kelok\u00e4mp\u00e4n saunaan tutustumaan.<\/p>\n<p>MP kyyditsi parivaljakon alkuviikosta kanootteinensa Rahaj\u00e4rven etel\u00e4rannalle. Piti seuraavana aamuna meloskella Kelok\u00e4mp\u00e4n sivuitse yl\u00f6sp\u00e4in. Melomatta j\u00e4i - oli niin ravakka vastatuuli, ettei inkkarilla ollut mit\u00e4\u00e4n asiaa sel\u00e4lle. Joutessaan polttelivat pojat vesirajan tielt\u00e4 pois korjattuja rankoja, joita on kasap\u00e4in siell\u00e4 t\u00e4\u00e4ll\u00e4 rannoilla. Hyv\u00e4t tulet pidettiin, mutta eip\u00e4 tuntunut kasa siit\u00e4 vajenevan. Hetki jo mietittiin, josko tuikattaisiin koko kasan rumilus tuleen, mutta j\u00e4rki voitti sent\u00e4\u00e4n - vaikka syksyinen mets\u00e4 oli y\u00f6llisen r\u00e4nt\u00e4sateenkin j\u00e4ljilt\u00e4 kovin m\u00e4rk\u00e4, ei sit\u00e4 pid\u00e4 sent\u00e4\u00e4n ihan ylett\u00f6miin menn\u00e4.<\/p>\n<p>Illansuussa oli sen verran tyyntynyt, ett\u00e4 Coleman ty\u00f6nnettiin vesille. Meloa lipsuteltiin siin\u00e4 tovi, ja jo n\u00e4kyi rannalla leiri. Pian n\u00e4kyi venekin ja eip\u00e4 aikaakaan, kun vene p\u00f6rr\u00e4si poikien kanootin viereen. Kuulumisia siin\u00e4 vaihdettiin, mutta taisi olla niin, ett\u00e4 venemiehet ennemminkin halusivat varmistaa, etteiv\u00e4t pojat liiemmin kalastele. Ja kun ei juuri sill\u00e4 hetkell\u00e4 n\u00e4kynyt mit\u00e4\u00e4n kalastukseen viittaavaa melojilla n\u00e4kyviss\u00e4, ihmetteliv\u00e4t venemiehet ett\u00e4 kaikkea se etel\u00e4n miehell\u00e4 teett\u00e4\u00e4 - kuten panee vapaaehtoisesti huiskimaan melalla kiikker\u00e4ss\u00e4 kanootissa. Vaan eip\u00e4 se Lapin \u00e4ij\u00e4 etel\u00e4n turistin huveja koskaan ole ymm\u00e4rt\u00e4nyt. Eiv\u00e4tk\u00e4 JP ja L\u00e4r\u00e4 ruvenneet motiivejaan enemm\u00e4lti selvitt\u00e4m\u00e4\u00e4n - hyv\u00e4 kun p\u00e4\u00e4siv\u00e4t eroon kaula kenossa kanoottiin kurkkijoista...<\/p>\n<p>Kelok\u00e4mpp\u00e4 ohitettiin vastarannalta kanoottia kantaen, kun n\u00e4kyi olevan k\u00e4mp\u00e4ll\u00e4 asukkeja. Ja jatkettiin yl\u00e4virtaan. Y\u00f6t\u00e4 oltiin valmiilla tulipaikalla ja aamulla taas yl\u00f6sp\u00e4in. J\u00e4\u00e4tiin sitten Niks-Naks - j\u00e4rvelle pitemm\u00e4ksi aikaa tutkailemaan. Alkoi nimitt\u00e4in maasto olla pikkuhiljaa oikean n\u00e4k\u00f6ist\u00e4 poikaimme tarkoitusperiin - mit\u00e4 kamalamman n\u00e4k\u00f6ist\u00e4 kivikkoa kulkumiehen kiusaksi, sit\u00e4 parempi. Ja kivikkoahan riitti! Parivaljakko jalkautui ja alkoi kierrell\u00e4 siell\u00e4 t\u00e4\u00e4ll\u00e4. Kunnes illansuussa sitten t\u00e4rpp\u00e4si. Kivikko k\u00e4vi aivan hirve\u00e4ksi - tokkopa edes k\u00e4rpp\u00e4 siin\u00e4 viihtyisi. Mutta poikien tarkoitusperiin se sopi kuin nen\u00e4 p\u00e4\u00e4h\u00e4n: muutaman aivan jumalattoman siirtolohkareen takaa hirve\u00e4n kivikon keskelt\u00e4 l\u00f6ytyi juuri sopivan kokoinen aukko kodanpohjaksi. Ja ymp\u00e4rill\u00e4 polttamatonta kuivaa vaikka kuinka. T\u00e4ss\u00e4 se on, vuosien etsiskelyn tulos, t\u00e4ss\u00e4! Alkoi vimmainen aherrus, niin kuin aina ennekin. Kotapuut tehtiin ja L\u00e4r\u00e4 alkoi mielipuuhaansa, polttopuuhuoltoon. JP alkoi k\u00e4\u00e4nnell\u00e4 pihakivi\u00e4 parempaan asentoon ulkonuotiopaikaksi, p\u00f6yd\u00e4ksi, istumiksi ja sun muiksi tarvekaluiksi, joita k\u00e4tev\u00e4 mies v\u00e4s\u00e4\u00e4 vaikka harmaista kivist\u00e4. Ja JP kyll\u00e4 v\u00e4s\u00e4si. Ai perketi, ett\u00e4 tuli hyv\u00e4 jemmapiilo. Totesivat molemmat olevansa ensimm\u00e4ist\u00e4 kertaa lomakiinteist\u00f6n omistajia, sill\u00e4 niinh\u00e4n se on, ett\u00e4 jos mets\u00e4 on valtion ja valtio olemme me, niin kenen se mets\u00e4 onkaan?<\/p>\n<p>T\u00e4t\u00e4 samaa omistamisen periaatetta sovellettiin sitten k\u00e4yt\u00e4nn\u00f6ss\u00e4 my\u00f6s Niks-Naks - j\u00e4rven siikoihin: olihan luonnollista, ett\u00e4 j\u00e4rven l\u00e4hipalstan haltijoilla on my\u00f6s nautintaoikeus l\u00e4hivesiin. Coleman siis tyrk\u00e4ttiin illan h\u00e4myss\u00e4 vesille ja verkot laskettiin pyyntiasentoon. Kun viel\u00e4 verkkomerkiksi t\u00f6k\u00e4ttiin vaaksan pinnan alapuolelle ulottuva seiv\u00e4s, niin hyvin olivat pyytimet piilossa.<\/p>\n<p>Aamulla sitten k\u00e4ytiin hakemassa sy\u00f6m\u00e4kalat pois verkosta. Ei sen parempaa kalaa olekaan kuin pikkasen salakalastettu siika loimutettuna. N\u00e4in tuumivat pojat illalla kodassa ja ryypp\u00e4siv\u00e4t sen kunniaksi perinnejuomaa rommia ja teet\u00e4. Seuraavana p\u00e4iv\u00e4n\u00e4 alettiin valmistautua kev\u00e4ttalvella tapahtuvaan paluuseen ja pistettiin puut piiloon, kotapuut kumolleen, sytyt muovis\u00e4kkiin kiven alle, pukkis\u00e4nkytarpeet samaan paikkaan ja sitten l\u00e4hdettiin.<\/p>\n<p>Alasmenness\u00e4 laskettiin sitten K\u00e4rpp\u00e4koski turistisukulaisten iloksi ja mielen virkistykseksi. Kelok\u00e4mpp\u00e4\u00e4n astuttiin kohteliaasti kumartaen ja Alpiinin henke\u00e4 n\u00f6yr\u00e4sti tervehtien. Ensi tutustuminen k\u00e4mpp\u00e4\u00e4n sai koko seuran vakuuttuneeksi, ett\u00e4 takaisin tullaan viel\u00e4 ja mahdollisesti useinkin. Saunaa ei sitten seuran kaltaisten asiantuntijoiden silmiss\u00e4 kummoiseksikaan luokiteltu - mit\u00e4 lienee oli arkkitehti ajatellut, mutta ei ainakaan l\u00f6ylymiehen viihtymist\u00e4: lauteet olivat v\u00e4\u00e4rin mitoitettu ja sijoitettu eik\u00e4 oven sijainti saanut kummoisiakaan pisteit\u00e4. Talvella konstruktio vasiten ei toimisi - <a href=\"https:\/\/ktss.sivukierre.fi\/index.php\/pakkasennatys\/\" target=\"_blank\">kuten ei toiminutkaan<\/a>...<\/p>\n<p>Viikonloppu meni mukavasti ja MP:n uteluihin vastattiin mit\u00e4 sattui sylki suuhun tuomaan. Visusti vain oltiin hiljaa pikku lomakiinteist\u00f6st\u00e4, joka odotti kivikossa k\u00e4vij\u00f6it\u00e4\u00e4n. Joutaahan tuon my\u00f6hemminkin kertoa - vaikka siten, ett\u00e4 hiihd\u00e4tet\u00e4\u00e4n ukko paikalle ja sanotaan kodan nuotiokivien kohdalla, ett\u00e4 ala kaivaa...<\/p>\n","protected":false},"excerpt":{"rendered":"<p>Oli JP kerran joulunaikaan joutessaan katsellut Loviisan kirjaston er\u00e4kirjavalikoimia. \"Kelok\u00e4mpp\u00e4\" oli sitten tarttunut mukaan. Outo oli kirjailija, mik\u00e4 lienee Savon \u00e4ij\u00e4, entinen lehtineekeri. Mutta paremman puutteessa sai kelvata. Karaj\u00e4rvest\u00e4 siin\u00e4 puhuttiin, ja rapiasti peninkulmainen piti j\u00e4rven olla. Kyll\u00e4 sit\u00e4 JP ja muukin seura sen verran Lapin l\u00e4\u00e4ni\u00e4 tunsi, ett\u00e4 pit\u00e4isi peninkulmaiset l\u00e4t\u00e4k\u00f6t tiet\u00e4\u00e4. Mutta eip\u00e4 <a href=\"https:\/\/ktss.sivukierre.fi\/index.php\/salaisia-hommia\/\" class=\"more-link\">...jatka lukemista<span class=\"screen-reader-text\"> \"Salaisia hommia\"<\/span><\/a><\/p>\n","protected":false},"author":1,"featured_media":0,"parent":0,"menu_order":0,"comment_status":"closed","ping_status":"closed","template":"","meta":{"footnotes":""},"class_list":["post-333","page","type-page","status-publish","h-entry","hentry","h-as-page"],"_links":{"self":[{"href":"https:\/\/ktss.sivukierre.fi\/index.php\/wp-json\/wp\/v2\/pages\/333","targetHints":{"allow":["GET"]}}],"collection":[{"href":"https:\/\/ktss.sivukierre.fi\/index.php\/wp-json\/wp\/v2\/pages"}],"about":[{"href":"https:\/\/ktss.sivukierre.fi\/index.php\/wp-json\/wp\/v2\/types\/page"}],"author":[{"embeddable":true,"href":"https:\/\/ktss.sivukierre.fi\/index.php\/wp-json\/wp\/v2\/users\/1"}],"replies":[{"embeddable":true,"href":"https:\/\/ktss.sivukierre.fi\/index.php\/wp-json\/wp\/v2\/comments?post=333"}],"version-history":[{"count":0,"href":"https:\/\/ktss.sivukierre.fi\/index.php\/wp-json\/wp\/v2\/pages\/333\/revisions"}],"wp:attachment":[{"href":"https:\/\/ktss.sivukierre.fi\/index.php\/wp-json\/wp\/v2\/media?parent=333"}],"curies":[{"name":"wp","href":"https:\/\/api.w.org\/{rel}","templated":true}]}}