{"id":331,"date":"2017-02-14T20:14:29","date_gmt":"2017-02-14T18:14:29","guid":{"rendered":"https:\/\/ktss.sivukierre.fi\/?page_id=331"},"modified":"2017-02-14T20:14:29","modified_gmt":"2017-02-14T18:14:29","slug":"telemarkia-ja-poroa-aakenuksella","status":"publish","type":"page","link":"https:\/\/ktss.sivukierre.fi\/index.php\/telemarkia-ja-poroa-aakenuksella\/","title":{"rendered":"Telemarkia ja poroa Aakenuksella"},"content":{"rendered":"<p>Siihen aikaan kun telemark teki vasta tuloaan, olivat MP ja L\u00e4r\u00e4 ensimm\u00e4isten joukossa uusvanhaa tapaa kokeilemassa. Eik\u00e4 siihen keinotekoiset rinteet aina kelvanneet - telemarkhan on loistava tapa yhdist\u00e4\u00e4 laskettelu ja vaellushiihto. Niinp\u00e4 pojat olivat kauan katselleet Aakenusta sill\u00e4 silm\u00e4ll\u00e4, siell\u00e4 n\u00e4ytti olevan sen n\u00e4k\u00f6isi\u00e4 rinteit\u00e4. Niinp\u00e4 niit\u00e4 sitten kerran huhtikuussa l\u00e4hdettiin katsomaan l\u00e4hemp\u00e4\u00e4.<\/p>\n<p>Aakenuksen rinteet olivat, milt\u00e4 ne n\u00e4yttiv\u00e4tkin: neitseellisi\u00e4. Kova hanki, jonka p\u00e4\u00e4ll\u00e4 10 cm uutta lunta - kyll\u00e4 oli mukava piirt\u00e4\u00e4 oma j\u00e4lki puhtaaseen lumeen Pallilaelta alas. Ja seuraava 50 metri\u00e4 sivummalta. Ja niin edelleen, takki tyhj\u00e4ksi. Illalla hiihdettiin sitten Pyh\u00e4j\u00e4rven k\u00e4mp\u00e4lle ilta- ja y\u00f6puuhiin. Tuntui k\u00e4yv\u00e4n tuuri - k\u00e4mpp\u00e4 oli p\u00e4iv\u00e4hiiht\u00e4jien j\u00e4ljilt\u00e4 l\u00e4mmin mutta tyhj\u00e4. Kaveruksemme luulivat saavansa jakaa k\u00e4mp\u00e4n kahdestaan, kun iltakin jo alkoi h\u00e4m\u00e4rt\u00e4\u00e4.<\/p>\n<p>Turha oli toivo. H\u00e4m\u00e4r\u00e4n tihentyess\u00e4 p\u00f6r\u00e4hti pihaan moottorikelkka reki per\u00e4ss\u00e4\u00e4n. Kyydiss\u00e4 oli kaksi paikallista heppua. Toinen oli Kittil\u00e4n kyl\u00e4st\u00e4 ja toinen jostain muualta. Kittil\u00e4l\u00e4inen oli yhten\u00e4\u00e4n \u00e4\u00e4ness\u00e4 ja kaverinsa ei - t\u00e4lle ei suomi ollut \u00e4idinkieli, ja kun kaverinsa viel\u00e4 useaan otteeseen siit\u00e4 pisteli, on aivan ymm\u00e4rrett\u00e4v\u00e4\u00e4, ett\u00e4 toinen pysytteli enimm\u00e4kseen hiljaa. Kertoivat olleensa jo muutaman p\u00e4iv\u00e4n porohommissa. Oli kuulemma kittil\u00e4l\u00e4inen vain renkin\u00e4 ja t\u00e4m\u00e4 - sanotaan nyt vaikka Hermanni - oli varsinainen porois\u00e4nt\u00e4, jonka eloa v\u00e4h\u00e4n k\u00e4ytiin hoitelemassa. Vaikea oli sanoa, miten paha tauti poroilla oli, mutta muutama niist\u00e4 oli tautiinsa kuollut ja j\u00e4yk\u00e4t koparat pilkistiv\u00e4t reenpeiton alta. Oli raskas ty\u00f6 my\u00f6s vaatinut raskaat huvit ja viinakset olivat k\u00e4yneet v\u00e4hiin. N\u00e4ytti pahasti silt\u00e4, ett\u00e4 t\u00e4n\u00e4 iltana ne loppuisivat tykk\u00e4n\u00e4\u00e4n ja pahimmoillaan kesken. Niinp\u00e4 puheliaampi pirautti Kittil\u00e4\u00e4n tutulle taksikuskille ja tilasi uuden lastin. Toimittaa sen sai per heti Kittil\u00e4n ja \u00c4k\u00e4slompolon v\u00e4liselle tielle, Aakenusjoen sillalle. Heti puhelun j\u00e4lkeen metsien miehet hypp\u00e4siv\u00e4t kelkan pukille ja suuntasivat sillalle.<\/p>\n<p>Poromiesten poissa ollessa p\u00e4\u00e4ttiv\u00e4t pojat, ett\u00e4 MP:n on turha tuoda julki hyv\u00e4\u00e4 tuttavuuttaan toiseen paikalliseen porois\u00e4nt\u00e4\u00e4n, Joensuun Jukkikseen, sill\u00e4 voihan olla, ett\u00e4 n\u00e4ill\u00e4 poromiehill\u00e4 oli erilaiset sadonkorjuutavat. N\u00e4m\u00e4 eiv\u00e4t tuntuneet arvostavan aidalla tapahtuvaa erotusta, joka poikien tiet\u00e4m\u00e4n mukaan oli se vallitseva tapa. Pitiv\u00e4t parempana hakea omaisuuden tuoton suoraan talvehtivasta tokasta, turhaan vaivaamatta eloa aidalle. P\u00e4\u00e4t\u00f6s osoittautui oikeaksi, sill\u00e4 aikanaan takaisin \u00c4k\u00e4slompoloon p\u00e4\u00e4sty\u00e4\u00e4n pojat huomasivat, ettei Jukkiskaan n\u00e4it\u00e4 is\u00e4nti\u00e4 tuntenut. Tuntuipa jopa v\u00e4h\u00e4n l\u00e4mpi\u00e4v\u00e4n t\u00e4st\u00e4 sadonkorjuusta...<\/p>\n<p>Vajaan tunnin p\u00e4\u00e4st\u00e4 hurauttivat \u00e4ij\u00e4t takaisin ja nostelivat repustaan kuusi kirkasta kossupulloa. Joita ruvettiin heti miehiss\u00e4 tuhoamaan ja hurjia juttuja kertomaan. Puuhan keskeytti muutaman kerran et\u00e4\u00e4lt\u00e4 kuuluva kelkan surina, jolloin molemmat vieraamme rynt\u00e4siv\u00e4t pihalle ja alkoivat kuulostella kelkan kulkua k\u00e4mmenet torvella korvien takana. Kun \u00e4\u00e4ni tuntui et\u00e4\u00e4ntyv\u00e4n, palasivat kaverit sis\u00e4lle ja jatkoivat tomeraa kossuttelua.<\/p>\n<p>Siin\u00e4 sitten vilkkaampi keksi, ett\u00e4 porokeittohan sit\u00e4 pit\u00e4\u00e4 keitt\u00e4\u00e4 ja n\u00e4ytt\u00e4\u00e4 etel\u00e4n pojille, miten se oikeasti tehd\u00e4\u00e4n. Niinp\u00e4 \u00e4ij\u00e4t lainasivat L\u00e4r\u00e4lt\u00e4 pikkukirvest\u00e4 ja painuivat reelle. V\u00e4h\u00e4n aikaa kuului sielt\u00e4 kirveen kumahtelua ja miehet palasivat sis\u00e4\u00e4n. Toisella oli pussillinen puikulaperunoita ja toisella verisi\u00e4 poron palasia. Sitten vain vesi, potut ja poronpalat kattilaan ja per\u00e4\u00e4n summan mutikassa suolaa ja muutama pippuri. Oli vaikea sanoa, mit\u00e4 ruhon osia siin\u00e4 keiteltiin. Tuoretta tuntui kuitenkin olevan, koska MP verikuohaa keiton pinnalta separoi.<\/p>\n<p>Sitten k\u00e4ytiin sy\u00f6m\u00e4\u00e4n. Hyv\u00e4ksi kehuivat pojat paikallisen, pelkistetyn keitti\u00f6n pureskellessaan sitke\u00e4\u00e4 ja mautonta mit\u00e4 lienee ja syljeskeliv\u00e4t luunpalasia suupielest\u00e4\u00e4n. Kyll\u00e4 yksinkertaiset, luonnolliset maut aina etel\u00e4n ylimaustetut gourmet - hienostelut voittavat. Ehk\u00e4 pojat kehuivat v\u00e4h\u00e4n liikaakin, sill\u00e4 kittil\u00e4l\u00e4inen keksi, ett\u00e4 L\u00e4r\u00e4h\u00e4n voisi levitt\u00e4\u00e4 pohjoista, puhdasta ruokakulttuuria etel\u00e4\u00e4n. Oli kuulemma h\u00e4nell\u00e4 helpostikin myyt\u00e4v\u00e4n\u00e4 1500 kiloa puikuloita, jotka L\u00e4r\u00e4 voisi heti t\u00e4lt\u00e4 reissultaan etel\u00e4\u00e4n menness\u00e4\u00e4n seuran pakettiautolla alas kuskata ja myyd\u00e4 ne Helsingin marketeille - k\u00e4sist\u00e4 kuulemma puikulat siell\u00e4 revittiin.... Ja hinta Kittil\u00e4ss\u00e4 oli suorastaan naurettavan halpa, ihan vain n\u00e4in kaverille. L\u00e4r\u00e4 ei nyt t\u00e4ll\u00e4 er\u00e4\u00e4 kuitenkaan voinut bisnest\u00e4 toteuttaa, kun oli jo luvannut rahdata retkeilytavaraa Saarisel\u00e4lt\u00e4 Pit\u00e4j\u00e4nm\u00e4keen (mist\u00e4h\u00e4n tuokin h\u00e4t\u00e4valhe mieleen tuli, tuumi L\u00e4r\u00e4...) Mutta yhteystiedot L\u00e4r\u00e4 otti ja lupasi palata pikaisesti asiaan.<\/p>\n<p>Ilta sai mielenkiintoisen k\u00e4\u00e4nteen, kun Hermanni sai jossain vaiheessa kuppinsa t\u00e4yteen kielitaitoonsa kohdistuvaa vinoilua ja p\u00e4\u00e4tti painua pihalle. Puolen tunnin p\u00e4\u00e4st\u00e4 MP jo kyselem\u00e4\u00e4n, ett\u00e4 mihin mahtoi Hermanni menn\u00e4 kun ei takaisin kuulu? Pit\u00e4isik\u00f6 h\u00e4nt\u00e4 k\u00e4yd\u00e4 v\u00e4h\u00e4n huhuilemassa? \u00c4\u00e4h, mit\u00e4 turhia, totesi kaveri, kyll\u00e4 se alkuasukas siell\u00e4 p\u00e4rj\u00e4\u00e4, ne on semmoisia, v\u00e4list\u00e4 kummallisia. Pojat tyytyiv\u00e4t t\u00e4h\u00e4n arvioon, kait sit\u00e4 pata kattilan tuntee. K\u00e4vi L\u00e4r\u00e4 sitten tunnin p\u00e4\u00e4st\u00e4 pihalla ja siin\u00e4h\u00e4n se Hermanni k\u00f6ll\u00f6tti k\u00e4mp\u00e4n ulkopuolella, penkill\u00e4. Eik\u00e4 vastannut tiedusteluihin. Toisaalta, kyll\u00e4 puolentoista tunnin torkkuminen 20 asteen pakkasessa saattaa v\u00e4h\u00e4n \u00e4\u00e4nihuulia j\u00e4ykist\u00e4\u00e4kin. Raahasivat muut Hermannin sis\u00e4lle ja rojauttivat laverille. Tarjosi kittil\u00e4l\u00e4inen h\u00e4lle sitten l\u00e4mmikett\u00e4 ja huolestui tosissaan, kun kaveri kielt\u00e4ytyi. Aikoi jo ruveta apua soittelemaan, kun k\u00e4si laverilta sitten ojentuikin ja kuului, jotta anna viinaa. Kittil\u00e4l\u00e4inen t\u00e4ytti toiveen ja totesi, ett\u00e4 huoli pois, kunnossahan kaveri onkin...<\/p>\n<p>Kittil\u00e4l\u00e4inen viel\u00e4 p\u00f6yd\u00e4n \u00e4\u00e4ress\u00e4 m\u00f6hisi, kun kaikki muut olivat jo turvallaan. Kun L\u00e4r\u00e4 aamulla nousi, havahtui my\u00f6s kittil\u00e4l\u00e4inen penkill\u00e4\u00e4n, ojensi k\u00e4tens\u00e4 ja veti kolmanneksellaan olevan, viimeisen kossupullon yhdell\u00e4 huikalla tyhj\u00e4ksi. Ja totesi, ett\u00e4 maito on vasikoiden juomaa. Miehet juovat muita juomia.<\/p>\n<p>My\u00f6hemmin It\u00e4keskuksen Citymarketissa k\u00e4ydess\u00e4\u00e4n L\u00e4r\u00e4 osti pussillisen puikuloita pari markkaa kilolta alle Kittil\u00e4n netto-FOB -hinnan. Pottuja sy\u00f6dess\u00e4\u00e4n L\u00e4r\u00e4 mietiskeli, olisikohan maku ollut yht\u00e4 hyv\u00e4, jos t\u00e4m\u00e4kin annos olisi haettu omasta, t\u00e4ydest\u00e4 1500 kilon laarista pakettiauton per\u00e4st\u00e4...<\/p>\n","protected":false},"excerpt":{"rendered":"<p>Siihen aikaan kun telemark teki vasta tuloaan, olivat MP ja L\u00e4r\u00e4 ensimm\u00e4isten joukossa uusvanhaa tapaa kokeilemassa. Eik\u00e4 siihen keinotekoiset rinteet aina kelvanneet - telemarkhan on loistava tapa yhdist\u00e4\u00e4 laskettelu ja vaellushiihto. Niinp\u00e4 pojat olivat kauan katselleet Aakenusta sill\u00e4 silm\u00e4ll\u00e4, siell\u00e4 n\u00e4ytti olevan sen n\u00e4k\u00f6isi\u00e4 rinteit\u00e4. Niinp\u00e4 niit\u00e4 sitten kerran huhtikuussa l\u00e4hdettiin katsomaan l\u00e4hemp\u00e4\u00e4. Aakenuksen rinteet <a href=\"https:\/\/ktss.sivukierre.fi\/index.php\/telemarkia-ja-poroa-aakenuksella\/\" class=\"more-link\">...jatka lukemista<span class=\"screen-reader-text\"> \"Telemarkia ja poroa Aakenuksella\"<\/span><\/a><\/p>\n","protected":false},"author":1,"featured_media":0,"parent":0,"menu_order":0,"comment_status":"closed","ping_status":"closed","template":"","meta":{"footnotes":""},"class_list":["post-331","page","type-page","status-publish","h-entry","hentry","h-as-page"],"_links":{"self":[{"href":"https:\/\/ktss.sivukierre.fi\/index.php\/wp-json\/wp\/v2\/pages\/331","targetHints":{"allow":["GET"]}}],"collection":[{"href":"https:\/\/ktss.sivukierre.fi\/index.php\/wp-json\/wp\/v2\/pages"}],"about":[{"href":"https:\/\/ktss.sivukierre.fi\/index.php\/wp-json\/wp\/v2\/types\/page"}],"author":[{"embeddable":true,"href":"https:\/\/ktss.sivukierre.fi\/index.php\/wp-json\/wp\/v2\/users\/1"}],"replies":[{"embeddable":true,"href":"https:\/\/ktss.sivukierre.fi\/index.php\/wp-json\/wp\/v2\/comments?post=331"}],"version-history":[{"count":0,"href":"https:\/\/ktss.sivukierre.fi\/index.php\/wp-json\/wp\/v2\/pages\/331\/revisions"}],"wp:attachment":[{"href":"https:\/\/ktss.sivukierre.fi\/index.php\/wp-json\/wp\/v2\/media?parent=331"}],"curies":[{"name":"wp","href":"https:\/\/api.w.org\/{rel}","templated":true}]}}