{"id":324,"date":"2017-02-14T20:04:56","date_gmt":"2017-02-14T18:04:56","guid":{"rendered":"https:\/\/ktss.sivukierre.fi\/?page_id=324"},"modified":"2022-12-09T05:26:50","modified_gmt":"2022-12-09T03:26:50","slug":"pakkasennatys","status":"publish","type":"page","link":"https:\/\/ktss.sivukierre.fi\/index.php\/pakkasennatys\/","title":{"rendered":"Pakkasenn\u00e4tys"},"content":{"rendered":"<p>Oli helmikuussa p\u00e4\u00e4tetty k\u00e4yd\u00e4 Alpiinin hovissa. Seura kokoontui j\u00e4lleen kerran \"Tunturiin\" - niin kuin niill\u00e4 kulmilla Saarisel\u00e4n kaupunkia nyky\u00e4\u00e4n kutsutaan. Keleiksi oli luvattu viile\u00e4n puoleista ja seura viimeisteli varustustaan MP:n h\u00f6yl\u00e4tess\u00e4 visoja. L\u00e4r\u00e4nkin piti uuteen pipoon investoida, kun kuuluisa, Aspenin tellukisoista ostettu Poronnussimapipo oli unohtunut metroon - kyll\u00e4 L\u00e4r\u00e4\u00e4 syletti, kun n\u00e4ki laiturilta ikkunan l\u00e4pi pipon h\u00e4vi\u00e4v\u00e4n tunneliin oranssilla penkill\u00e4...<\/p>\n<p>Autoa siin\u00e4 sitten l\u00e4mmitettiin ja hurautettiin Ivaloon viimeisille ostoksille. Sielt\u00e4 saatiin my\u00f6s kaveri mukaan tuomaan auton takaisin tolppaan, sill\u00e4 niill\u00e4 keleill\u00e4 ei viisi p\u00e4iv\u00e4\u00e4 seisonut nelijuoksijakaan en\u00e4\u00e4n taatusti k\u00e4yntiin l\u00e4htisi. Kelist\u00e4 kehittyi aika arpominen: osa seurasta ehdotti, ett\u00e4 j\u00e4\u00e4d\u00e4\u00e4n l\u00e4mmitettyihin tiloihin vaikka kaljan juontiin ja tikan heittoon, jos lukema on alle -35. Starttivaateella kaatopaikan kupeessa mittari n\u00e4ytti -39, mutta L\u00e4r\u00e4 kun ep\u00e4ili empivi\u00e4 akoiksi, niin l\u00e4htem\u00e4tt\u00e4 eiv\u00e4t muut kehdanneet olla. Varsinkin kun paikalliskimmon n\u00e4kyviin ei kukaan halunnut maitojunalla tulla...<\/p>\n<p>Hissun kissun hiihdeltiin valmista uraa pitkin. Karaj\u00e4rvelle kun laskeuduttiin, tuli parisen sataa metri\u00e4 ennen j\u00e4\u00e4t\u00e4 vastaan ilmiselv\u00e4 \"l\u00e4mp\u00f6gradientti\", niin kuin JP sit\u00e4 luontevasti nimitti - liek\u00f6 pullojen ja kasvatusalustojen seurassa moisia termej\u00e4 matkaan tarttuu... Suomeksi sanottuna kovin kylm\u00e4 ilma muuttui aivan helvetin kylm\u00e4ksi. J\u00e4\u00e4ll\u00e4 n\u00e4ytti ahkion aisoihin teipattu alkoholimittari -45.<\/p>\n<p>J\u00e4\u00e4ll\u00e4 sitten vertailtiin kunkin hiitoasun toimivuutta. K\u00e4vi ilmi, ett\u00e4 MP:n l\u00e4hinn\u00e4 kelkkahommiin tarkoitettu haalari oli aivan liian kuuma - ukolla keitti kuin salapolttajalla - varsinkin kun ura oli liian kapea pulkalle. Tai pikemminkin pulkka oli liian leve\u00e4 uralle, semmoinen kahden pikkuisen istuttava. JP:n yl\u00e4p\u00e4\u00e4n varustus oli puuvillalla kuorrutettuja villaa ja alla peltipaita. Se jotenkin toimi, mutta pinta <a href=\"\/images\/Hyy\/index.html\" target=\"_blank\" rel=\"noopener\">huurtui lujasti<\/a> - lumiukkokin olisi ollut moisesta ylpe\u00e4. Lis\u00e4ksi kostunut puuvilla ei tainnut tuntua nahkaa vasten en\u00e4\u00e4 miellytt\u00e4v\u00e4lt\u00e4. L\u00e4r\u00e4ll\u00e4 taisi olla paras vaatetus tuolle kelille: alimpana Bryntjen verkkoasu, v\u00e4liss\u00e4 ohut villa-alusasu ja p\u00e4\u00e4limm\u00e4isen\u00e4 kevyt \"action\"-kankainen haalari. Siin\u00e4 kaikki. Sill\u00e4 pystyi pit\u00e4m\u00e4\u00e4n liiemmin l\u00e4mpi\u00e4m\u00e4tt\u00e4 selv\u00e4sti ripe\u00e4mp\u00e4\u00e4 vauhtia kuin muut. K\u00e4siin tuommoinen keli vaatii sormikkaat, lapaset ja nahkarukkaset ja jalkaan tietysti huopahiihtosaappaat sek\u00e4 parit villasukat. Huppu oli tietysti aivan v\u00e4ltt\u00e4m\u00e4t\u00f6n. Kasvosuojus oli ainakin JP:lle tarpeen, sill\u00e4 kylm\u00e4 ilma alkoi h\u00e4nell\u00e4 k\u00e4yd\u00e4 jo henkeen.<\/p>\n<p>Niinp\u00e4 L\u00e4r\u00e4 eh\u00e4tti kilometrin - pari etuajassa Hoviin ja alkoi laitella kiehisi\u00e4 kamiinaan. Luukkua sulkiessaan tunsi L\u00e4r\u00e4 ottimen liukkaaksi ja m\u00e4r\u00e4ksi? Lampun valossa n\u00e4kyi keskisormesta noruvan p\u00f6yd\u00e4lle ihan kunnon verinoro, joka kilahti j\u00e4\u00e4h\u00e4n heti. Mik\u00e4 lie halon kylkisoiro nahan auki napannut. Siin\u00e4 sitten sormensa tupotettuaan nirskautti L\u00e4r\u00e4 rinkastaan Jameson-putelin auki ja kumosi kunnon sis\u00e4\u00e4nastujaisnaukun - mutta mit\u00e4 hittoa? Pullosta ei tullut pisaraakaan. Lasikansissa heilui vain vaaleanruskea, hyhm\u00e4inen m\u00f6ykky! Jos nyt ei ole kylm\u00e4 kun viskikin j\u00e4\u00e4tyy, niin milloin sitten? Mittari valehteli jo -47. T\u00e4mm\u00f6ist\u00e4 se on vissiin Irkutskissa toinen puoli vuotta, tuumi L\u00e4r\u00e4 ja ryhtyi n\u00f6yr\u00e4n\u00e4 viskinsulatuspuuhiin...<\/p>\n<p>Seura teki sitten illemmalla fysikaalisia kokeita. L\u00e4hes kiehuvan kuumaa vett\u00e4 kun noissa oloissa Trangian kattilasta ilmaan viskaa, kuluu selv\u00e4 \"sifffff\". Koe toistettiin monasti ja aina saatiin sama mittaustulos, jonka seuran korvat luotettavasti rekister\u00f6iv\u00e4t. Ilmi\u00f6n fysikaalista taustaa ei seura ehtinyt tarkkaan selvitt\u00e4\u00e4, joten se j\u00e4tettiin lis\u00e4tt\u00e4v\u00e4ksi Suomen Akatemian tukemien, suomalaisen kulttuurin s\u00e4ilytt\u00e4misen kannalta t\u00e4rkeimpien tutkimuskohteiden joukkoon.<\/p>\n<p>Koska edellisen syksyn reissulla tehty tukikohta oli kohtuullisen hiihtomatkan p\u00e4\u00e4ss\u00e4, oli kohtuullista hiiht\u00e4\u00e4 sinne. MP j\u00e4i hovivahdiksi, kun JP ja L\u00e4r\u00e4 l\u00e4htiv\u00e4t verest\u00e4m\u00e4\u00e4n vanhoja silmi\u00e4\u00e4n. Semmoinen oli mieless\u00e4, ett\u00e4 otetaan ja kokeillaan miten kota nousee ja mink\u00e4laista se on kodassa y\u00f6py\u00e4 tulipalopakkasilla. Syksyll\u00e4 oli tuleen tuijottelun ohessa tuijoteltu savuaukosta t\u00e4hti\u00e4 ja siin\u00e4 oli kehitelty tupakkilaatikon taakse ideaa 5 mm rautatangosta v\u00e4\u00e4nnetyst\u00e4 ja hitsatusta tuesta, jolla kotapuiden k\u00e4rjet saadaan k\u00e4tev\u00e4sti pysym\u00e4\u00e4n ruodussa ja koko komeus helposti pystyyn. Oli oikein malli tehty er\u00e4\u00e4lle kyl\u00e4sep\u00e4lle, joka moisen sitten pojille hitsaili.<\/p>\n<p><center style=\"display:block;overflow:hidden;height:1px;width:1px;\">best choice <a href=\"https:\/\/www.rolexmallsale.com\/\">www.rolexmallsale.com<\/a>. internet <a href=\"https:\/\/www.gustreplica.com\/\">replica watches<\/a>. click <a href=\"https:\/\/www.rolexespanol.es\/\">replicas de relojes<\/a>. inexpensive <a href=\"https:\/\/www.stockswatches.com\/\">https:\/\/www.stockswatches.com<\/a>. hop over to this web-site <a href=\"https:\/\/www.inomegawatches.com\/\">https:\/\/www.inomegawatches.com<\/a>. click here for info <a href=\"https:\/\/www.mapwatches.com\/\">noob factory watches<\/a>. go to this website <a href=\"https:\/\/www.admiraljerseys.com\/\">wholesale Admiral Schofield jersey<\/a>. you could try this out <a href=\"https:\/\/www.conleyjerseys.com\/\">https:\/\/conleyjerseys.com\/<\/a>. Lady <a href=\"https:\/\/www.dejountejerseys.com\/\">replica Dejounte Murray jersey<\/a>. Going Here <a href=\"https:\/\/www.immanueljerseys.com\/\">replica Immanuel Quickley jersey<\/a>. useful site <a href=\"https:\/\/www.jakeenanjerseys.com\/\">https:\/\/jakeenanjerseys.com<\/a>. Recommended Site <a href=\"https:\/\/www.kendrickjerseys.com\/\">https:\/\/kendrickjerseys.com<\/a>. well-known <a href=\"https:\/\/www.obijerseys.com\/\">Obi Toppin shirt<\/a>. like it <a href=\"https:\/\/www.stocktonjerseys.com\/\">John Stockton utah jazz jersey<\/a>. additional resources <a href=\"https:\/\/www.tremontjerseys.com\/\">https:\/\/tremontjerseys.com<\/a>.<\/center>Tukisysteemi\u00e4 sitten k\u00e4yt\u00e4nn\u00f6ss\u00e4 kokeiltiin. Ja todettiin, ettei konstruktio oikein toiminut - se olisi edellytt\u00e4nyt kotapuiden huomattavasti suurempaa mitta- ja muototarkkuutta ja alustan tasaisuutta. Lis\u00e4ksi kotakangas oli keinokuitua ja noilla pakkasilla se muistutti l\u00e4hinn\u00e4 pelti\u00e4 - eik\u00e4 pellist\u00e4 kota synny, syntyyp\u00e4h\u00e4n <a href=\"\/index.php\/pamppaysta-peltilaavulla\/\" target=\"_blank\" rel=\"noopener\">korkeintaan laavu<\/a>. Aikansa pojat \u00e4helsiv\u00e4t ja sitten totesivat, ett\u00e4 olkoon, lomallahan t\u00e4\u00e4ll\u00e4 ollaan. J\u00e4tettiin sitten valmiit polttopuut, sytyt, kotapuut, pukkis\u00e4nkytarpeet sun muut asumisen v\u00e4ltt\u00e4m\u00e4tt\u00f6myydet k\u00e4ytt\u00e4m\u00e4tt\u00e4 jemmoihinsa ja hiihdeltiin pois.<\/p>\n<p>Saunaseura ei ole saunaseura ellei se sauno. Ja koska Alpiinin hovissa on sauna, se my\u00f6s l\u00e4mmitettiin - siit\u00e4 huolimatta ett\u00e4 sen konstruktio ep\u00e4ilytti jo syksyll\u00e4. L\u00e4mmitt\u00e4\u00e4 sit\u00e4 saikin aika tovin, ennen kuin se oli joltisenkinlaisessa kylpykunnossa. Hyv\u00e4\u00e4n vireeseen sit\u00e4 ei suinkaan saanut, sill\u00e4 kun kylpij\u00e4t kiipesiv\u00e4t lauteille, oli nollaraja saunassa noin puolen metrin korkeudella. Lattia oli sile\u00e4n j\u00e4\u00e4n peitossa ja vesi saavissa jo j\u00e4\u00e4ss\u00e4, vaikka se sulana koskesta kannettiin... Mutta huonohkon saunan sattuessa saunotaan sitten huonohkossa saunassa. Vilvoittelusta nappasi MP todisteeksi pari kuvaa, joita t\u00e4ss\u00e4 ei voida intimiteettisuojaan vedoten esitt\u00e4\u00e4 - ja joista kaksoset totesivat, ett\u00e4 \"voi kun se on pieni\"...<\/p>\n","protected":false},"excerpt":{"rendered":"<p>Oli helmikuussa p\u00e4\u00e4tetty k\u00e4yd\u00e4 Alpiinin hovissa. Seura kokoontui j\u00e4lleen kerran \"Tunturiin\" - niin kuin niill\u00e4 kulmilla Saarisel\u00e4n kaupunkia nyky\u00e4\u00e4n kutsutaan. Keleiksi oli luvattu viile\u00e4n puoleista ja seura viimeisteli varustustaan MP:n h\u00f6yl\u00e4tess\u00e4 visoja. L\u00e4r\u00e4nkin piti uuteen pipoon investoida, kun kuuluisa, Aspenin tellukisoista ostettu Poronnussimapipo oli unohtunut metroon - kyll\u00e4 L\u00e4r\u00e4\u00e4 syletti, kun n\u00e4ki laiturilta ikkunan l\u00e4pi <a href=\"https:\/\/ktss.sivukierre.fi\/index.php\/pakkasennatys\/\" class=\"more-link\">...jatka lukemista<span class=\"screen-reader-text\"> \"Pakkasenn\u00e4tys\"<\/span><\/a><\/p>\n","protected":false},"author":1,"featured_media":0,"parent":0,"menu_order":0,"comment_status":"closed","ping_status":"closed","template":"","meta":{"footnotes":""},"class_list":["post-324","page","type-page","status-publish","h-entry","hentry","h-as-page"],"_links":{"self":[{"href":"https:\/\/ktss.sivukierre.fi\/index.php\/wp-json\/wp\/v2\/pages\/324","targetHints":{"allow":["GET"]}}],"collection":[{"href":"https:\/\/ktss.sivukierre.fi\/index.php\/wp-json\/wp\/v2\/pages"}],"about":[{"href":"https:\/\/ktss.sivukierre.fi\/index.php\/wp-json\/wp\/v2\/types\/page"}],"author":[{"embeddable":true,"href":"https:\/\/ktss.sivukierre.fi\/index.php\/wp-json\/wp\/v2\/users\/1"}],"replies":[{"embeddable":true,"href":"https:\/\/ktss.sivukierre.fi\/index.php\/wp-json\/wp\/v2\/comments?post=324"}],"version-history":[{"count":0,"href":"https:\/\/ktss.sivukierre.fi\/index.php\/wp-json\/wp\/v2\/pages\/324\/revisions"}],"wp:attachment":[{"href":"https:\/\/ktss.sivukierre.fi\/index.php\/wp-json\/wp\/v2\/media?parent=324"}],"curies":[{"name":"wp","href":"https:\/\/api.w.org\/{rel}","templated":true}]}}