{"id":310,"date":"2017-02-14T13:15:30","date_gmt":"2017-02-14T11:15:30","guid":{"rendered":"https:\/\/ktss.sivukierre.fi\/?page_id=310"},"modified":"2017-02-14T19:34:28","modified_gmt":"2017-02-14T17:34:28","slug":"kutsu-nangujarvelle","status":"publish","type":"page","link":"https:\/\/ktss.sivukierre.fi\/index.php\/kutsu-nangujarvelle\/","title":{"rendered":"Kutsu Nanguj\u00e4rvelle"},"content":{"rendered":"<hr \/>\n<p>Kutsu Nanguj\u00e4rven pippaloihin oli jotensakin t\u00e4llainen:<\/p>\n<hr \/>\n<p>HALOO!!! Korvatunturin saunaseura y.v.r.y:ll\u00e4 on ilo kutsua Sinut\/Teid\u00e4t todistamaan ynn\u00e4 juhlistamaan perustajaj\u00e4senens\u00e4 L\u00e4r\u00e4n alias Rantapallon alias Rantsun alias Jylpyn alias Rillumarein alias Ruma-Rantsun (?) alias Jyrb\u00e4n (??) siirtymist\u00e4 seesteisille (?) kymmenille, joiden ansiosta kyseinen juhlakalu on t\u00e4stedes oikeutettu kommentoimaan ynn\u00e4 kritisoimaan nuorempien monilukuisten yst\u00e4viens\u00e4 (brothers\/sisters in highs, deeps, waters and forests) niin kuin my\u00f6s tunnustettujen sukulaistensa poukkoilua ja huuhailua kokemuksen syv\u00e4ll\u00e4 (1\/2?) rinta\u00e4\u00e4nell\u00e4 ilman ett\u00e4 h\u00e4nelle t\u00e4t\u00e4 teht\u00e4v\u00e4\u00e4 suorittaessaan olisi sallittua vastaan v\u00e4itt\u00e4\u00e4.<\/p>\n<p>Kyseinen siirtymisriitti suoritetaan perinteisin ja ikimuistoisin menoin silloin ja t\u00e4ll\u00f6in napapiirin paremmalla puolella Ivalon suunnassa noin tuhannen kilometrin p\u00e4\u00e4ss\u00e4 syrj\u00e4isest\u00e4 p\u00e4\u00e4kaupungista.<\/p>\n<p>(Sitten seurasi tietoja kulkuyhteyksist\u00e4 ja aikatauluista)<\/p>\n<p>Muonituksesta: Muonahuollosta tulee kunkin itse huolehtia: suosittelemme v\u00e4h\u00e4vetisi\u00e4 ja s\u00e4ilyvi\u00e4 retkisapuskoita. Seuraavan kaltaisella menyyll\u00e4 on pysytty hengiss\u00e4 pitk\u00e4hk\u00f6j\u00e4kin aikoja ilman keripukkia ja muita tarttuvia lastentauteja: j\u00e4lkiuunileip\u00e4\u00e4 (tai n\u00e4kk\u00e4ri\u00e4 muruista pit\u00e4ville), metukkaa, kuppihuumaa, Bl\u00e5 Bandin (y\u00e4k) retkimuonaa, rusinoita, p\u00e4hkyl\u00f6it\u00e4, kuivia hedelmi\u00e4, korppuja, mahottomasti valkosipulia, spagettia, mysli\u00e4, kaurapuuroa (y\u00e4k y\u00e4k), kahvia (mallia poro!), teet\u00e4, sikuria, paistokelpoista ravintorasvaa (ei siis vetist\u00e4 kevyth\u00f6hh\u00f6\u00e4), sulatejuustoa, suklaatia, pure tabletteja sek\u00e4 purukumia happohy\u00f6kk\u00e4ysten ja happamien sateiden varalle. Ynn\u00e4 muuta kunkin mieltymysten mukaan. Kalaa sy\u00f6d\u00e4\u00e4n mink\u00e4 kiinni saadaan; t\u00e4h\u00e4n ei silti pid\u00e4 pelk\u00e4st\u00e4\u00e4n turvata muiden kuin kuihdutuslaarin \u00e4\u00e4ress\u00e4 k\u00e4rsivien. J\u00e4rjest\u00e4v\u00e4 seura j\u00e4rjest\u00e4\u00e4 lihapuolella perjantai-illan p\u00e4\u00e4juhlaan riitt\u00e4v\u00e4n m\u00e4\u00e4r\u00e4n paikallista herkkuva maan tapaan valmistettuna. Raakana ei tarvitse kenenk\u00e4\u00e4n sy\u00f6d\u00e4 ellei v\u00e4ltt\u00e4m\u00e4tt\u00e4 halua; kypsennyskeinot tarjoaa j\u00e4rjest\u00e4v\u00e4 seura. Oluthuolto on j\u00e4rjest\u00e4v\u00e4n seuran vastuulla ja piikiss\u00e4 tiettyyn rajaan asti eli ensin juodaan talon kaljat, sitten omat. Alkkohoolihuolto on osallistujien oman aktiivisuuden varassa.<\/p>\n<p>Vaatetuksesta: Syksy on saamaisillaan noina aikoina, joten tukevapohjaiset ja vedenpit\u00e4v\u00e4t saappaat\/ulkoilmajalkineet ovat v\u00e4ltt\u00e4m\u00e4tt\u00f6m\u00e4t varasukkinensa. Tuiman tuulen pit\u00e4v\u00e4 takki mieluiten hupulla ja housut pit\u00e4\u00e4 olla matkassa my\u00f6s. L\u00e4mp\u00f6\u00e4 pit\u00e4v\u00e4\u00e4 r\u00e4tti\u00e4 tulee olla asennettavissa tuulensuojan ja ihokkaiden v\u00e4liin. Sadeviitta ja asu on v\u00e4ltt\u00e4m\u00e4t\u00f6n, jos mieli tekee kuleksia leirist\u00e4 kauemmaksi; paras yhdistelm\u00e4 on vedenpit\u00e4v\u00e4t irtolahkeet + viitta. Hanskat on kanssa hyv\u00e4 olla samaten kuin pipo. Muovia sun muuta t\u00e4yskeinokuitua tulee v\u00e4ltt\u00e4\u00e4; villa ja puuvilla aitona tai sekoituksen kera on kova sana.<\/p>\n<p>Varustuksesta ja sen siirtelyst\u00e4: Yhteisvarusteet kuten m\u00f6kki, sauna, teltat, kamiinat, ty\u00f6kalut, keittimet, polttoaineet jne ovat j\u00e4rjest\u00e4jien vastuulla; tarvitset siis vain henkil\u00f6kohtaiset kamppeet: ruokailuv\u00e4lineet, mahdolliset survival-v\u00e4lineet: puukko, puntari, liekinheitin, kompassi, sekstantti, taskumatti ja opaskoira (paras on karkeakarvainen keskikaljannoutaja - osaa taatusti takaisin), hykieniakamppeet (\u00e4l\u00e4 unohda asperiinia), kunnollinen makuupussi - vanur\u00e4tit voit lahjoittaa ker\u00e4ykseen k\u00f6yhille, makuualustan (umpisolumuovia, Etolasta metritavarana), rinkan\/repun (kassit sun muut k\u00e4sinyss\u00e4kt\u00e4 ovat ep\u00e4k\u00e4yt\u00e4nn\u00f6llisi\u00e4) ja mit\u00e4 ikin\u00e4 mieleesi muuta juolahtaa ja jaksat kantaa.<\/p>\n<p>Kantomatkaa leiriin on puolisen kilsaa ja siihenkin on k\u00e4ytett\u00e4viss\u00e4 kottik\u00e4rryt, joten \u00e4l\u00e4 anna sen est\u00e4\u00e4 t\u00e4ytel\u00e4isten kaljakorien mukaanottoa - ja lent\u00e4en saapuville tiedoksi, ett\u00e4 Ivalosta sit\u00e4 saa...<\/p>\n<p>Asumisesta: Tapahtumapaikalla on 3-4 hengen tupa olemassa tukikohtana ja pihapiiriin pystytet\u00e4\u00e4n teltta kamiina sis\u00e4ll\u00e4ns\u00e4. Pikkutelttoja on my\u00f6s muutamia. Sauna kuuluu kuvaan ilman muuta.<\/p>\n<p>Aktiviteeteista: Periaate on, ett\u00e4 kukin tekee mit\u00e4 osaa, uskaltaa tai keksii. Ainoat pakolliset kuviot ovat juhlakalun lahjominen jos ei raha\/tavaralahjuksin niin sitten laulamalla sek\u00e4 - tietenkin - saunominen. Muita, valinnaisia aineita ovat kalastaminen (verkot tarjoaa seura, muut vieheet pit\u00e4\u00e4 olla omasta takaa; niill\u00e4 kalastaminen on tosin laitonta tuohon aikaan). Melominen inkkarilla tai kajakilla. Hurraaminen. Kelinteko. Typenpoisto- ja estotanssien tanssiminen. Puolukoiden, mustikoiden, lakkojen ja sienien poiminta. L\u00e4himaastoon suuntautuvien tiedusteluretkien suorittaminen; it\u00e4\u00e4n jos l\u00e4htee nin pit\u00e4\u00e4 hieman kiivet\u00e4kin ja kamera kannattaa matkaan ottaa. Maastoheittolautasgolf; voittajalle on luvassa tolkuttomasti mainetta ja kunnia purkaa rata. Muiden, olosuhteisiin sopivien ajanviete- ja seurapelien pelaaminen (tikan ja suopungin heittoon toimittaa seura tarpeellisen v\u00e4lineist\u00f6n; muissa toivotaan osallistujien runstasta aktiivisuutta). Syksyisen Lapin t\u00f6llistely ja reipas, retkihenkinen ulkoilmael\u00e4m\u00e4 ylimalkaan, johon kuuluu edelliseten lis\u00e4ksi sapuskan tekoa, puiden pilkkomista, saunan l\u00e4mmityst\u00e4, asumusten virittely\u00e4, eksyneiden huhuilua, t\u00f6risemist\u00e4 sekalaisista aiheista, susien ja porojen kiinnijuoksua sek\u00e4 muuta pikku puuhastelua.<\/p>\n<p>Ilmoittautumisesta: Muun muassa seuraavia tietoja pyydettiin ilmoittautumisen yhteydess\u00e4: nimi, ik\u00e4, sosiaaliturvatunnus, paino, silmien v\u00e4ri, keng\u00e4n numero, avios\u00e4\u00e4ty, sukellustunnit, hyppyjen lukum\u00e4\u00e4r\u00e4, melontakokemus ja erityisesti Ivaloon tulo- ja l\u00e4ht\u00f6ajat. N\u00e4iden tietojen perusteella luvattiin j\u00e4rjest\u00e4\u00e4 kyyti Ivalosta ja laskea l\u00f6ylynsiedon korjauskerroin tasoituskilpailua varten.<\/p>\n<p>Kutsun allekirjoitti kunnioittavasti Korvatunturin Saunaseura y.v.r.y:n j\u00e4rjestelytoimikunnan puolesta Uimosen L\u00e4r\u00e4.<\/p>\n","protected":false},"excerpt":{"rendered":"<p>Kutsu Nanguj\u00e4rven pippaloihin oli jotensakin t\u00e4llainen: HALOO!!! Korvatunturin saunaseura y.v.r.y:ll\u00e4 on ilo kutsua Sinut\/Teid\u00e4t todistamaan ynn\u00e4 juhlistamaan perustajaj\u00e4senens\u00e4 L\u00e4r\u00e4n alias Rantapallon alias Rantsun alias Jylpyn alias Rillumarein alias Ruma-Rantsun (?) alias Jyrb\u00e4n (??) siirtymist\u00e4 seesteisille (?) kymmenille, joiden ansiosta kyseinen juhlakalu on t\u00e4stedes oikeutettu kommentoimaan ynn\u00e4 kritisoimaan nuorempien monilukuisten yst\u00e4viens\u00e4 (brothers\/sisters in highs, deeps, waters <a href=\"https:\/\/ktss.sivukierre.fi\/index.php\/kutsu-nangujarvelle\/\" class=\"more-link\">...jatka lukemista<span class=\"screen-reader-text\"> \"Kutsu Nanguj\u00e4rvelle\"<\/span><\/a><\/p>\n","protected":false},"author":1,"featured_media":0,"parent":0,"menu_order":0,"comment_status":"closed","ping_status":"closed","template":"","meta":{"footnotes":""},"class_list":["post-310","page","type-page","status-publish","h-entry","hentry","h-as-page"],"_links":{"self":[{"href":"https:\/\/ktss.sivukierre.fi\/index.php\/wp-json\/wp\/v2\/pages\/310","targetHints":{"allow":["GET"]}}],"collection":[{"href":"https:\/\/ktss.sivukierre.fi\/index.php\/wp-json\/wp\/v2\/pages"}],"about":[{"href":"https:\/\/ktss.sivukierre.fi\/index.php\/wp-json\/wp\/v2\/types\/page"}],"author":[{"embeddable":true,"href":"https:\/\/ktss.sivukierre.fi\/index.php\/wp-json\/wp\/v2\/users\/1"}],"replies":[{"embeddable":true,"href":"https:\/\/ktss.sivukierre.fi\/index.php\/wp-json\/wp\/v2\/comments?post=310"}],"version-history":[{"count":0,"href":"https:\/\/ktss.sivukierre.fi\/index.php\/wp-json\/wp\/v2\/pages\/310\/revisions"}],"wp:attachment":[{"href":"https:\/\/ktss.sivukierre.fi\/index.php\/wp-json\/wp\/v2\/media?parent=310"}],"curies":[{"name":"wp","href":"https:\/\/api.w.org\/{rel}","templated":true}]}}