{"id":307,"date":"2017-02-14T13:13:54","date_gmt":"2017-02-14T11:13:54","guid":{"rendered":"https:\/\/ktss.sivukierre.fi\/?page_id=307"},"modified":"2017-02-14T19:29:13","modified_gmt":"2017-02-14T17:29:13","slug":"nangujarven-pippalot","status":"publish","type":"page","link":"https:\/\/ktss.sivukierre.fi\/index.php\/nangujarven-pippalot\/","title":{"rendered":"Nanguj\u00e4rven pippalot"},"content":{"rendered":"<p>Oli tovin aikaa kulunut L\u00e4r\u00e4n ensimm\u00e4isest\u00e4 reissusta. Oli kulunut niin paljon, ett\u00e4 oli aika pit\u00e4\u00e4 py\u00f6reiden vuosien kekkerit ja p\u00e4\u00e4ttip\u00e4 L\u00e4r\u00e4 pit\u00e4\u00e4 ne napapiirin paremmalla puolen. Tarkoituksena oli kutsua paikalle kaikenlaista sekalaista seurakuntaa t\u00e4m\u00e4n ja tuon harrastuksen parista - sek\u00e4 tietenkin sukulaisia, mihink\u00e4s niist\u00e4 p\u00e4\u00e4see... Joukossa oli monta, jotka eiv\u00e4t olleet ikunansa Lapissa k\u00e4yneet mutta jotka olivat L\u00e4r\u00e4lt\u00e4 v\u00e4h\u00e4n v\u00e4li\u00e4 kinunneet johdatusta Lapin reissulle (lyhytt\u00e4 oppim\u00e4\u00e4r\u00e4\u00e4)... Niinp\u00e4 vastuullinen matkanj\u00e4rjest\u00e4j\u00e4 Korvatunturin saunaseura y.v.r.y p\u00e4\u00e4tti j\u00e4rjest\u00e4\u00e4 pippalot hyvin varustettuun m\u00f6kkitukikohtaan nojautuen, ettei kulttuurishokki koituisi kenellek\u00e4\u00e4n ylitsek\u00e4ym\u00e4tt\u00f6m\u00e4ksi - erityisesti saunomisriitti perinteisess\u00e4 telttasaunassa olisi voinut v\u00e4hemm\u00e4n saunoneita oudoksuttaa. Paikaksi valittiin Nanguj\u00e4rvi, joka oli riitt\u00e4v\u00e4n kaukana kaikesta, jottei juhlinnan m\u00e4iske ihmisten ilmoille kuuluisi.<\/p>\n<p><a href=\"\/index.php\/kutsu-nangujarvelle\/\" target=\"_blank\">Kutsut<\/a> l\u00e4htetettiin hyviss\u00e4 ajoin. L\u00e4r\u00e4, JP ja Eetu ottivat ennakkoa ja k\u00e4viv\u00e4t tutkimassa Sarmitunturit ennen varsinaista juhlatapahtumaa. Eip\u00e4h\u00e4n tarvitse toista kertaa k\u00e4yd\u00e4 - kyll\u00e4 on kamalan n\u00e4k\u00f6iseksi alueet parturoitu ja myll\u00e4tty. Varsinainen Mets\u00e4hullutuksen kis\u00e4llinn\u00e4yte! Mutta kyll\u00e4 niille seuduille viel\u00e4 kunnon mets\u00e4 kasvaa. Noin tuhannen vuotta seuraavan j\u00e4\u00e4kauden j\u00e4lkeen.<\/p>\n<p>Puolilta viikoin alkoivat ensimm\u00e4iset vieraat saapua juhlapaikalle. Ensimm\u00e4isin\u00e4 saapuivat l\u00e4hisukulaiset. Kaukosukulaisia ei ollut kutsuttukaan. Tulivat Jusanderus ja Lettu, tulivat Kartsa ja Ekkumelli, tuli James. Sai L\u00e4r\u00e4 lahjaksi muun muassa erinomaisen hienon retkiastiaston konjakin nauttimista varten: kaksi vuolukivest\u00e4 tehty\u00e4 kuppia, joista kumpikin painoi noin puolitoista kiloa. K\u00e4tev\u00e4\u00e4. V\u00e4litt\u00f6m\u00e4sti alkoi maastoheittolautasgolfturnaus. Ennustetaan, ett\u00e4 maastoheittolautasgolfista tulee yht\u00e4 suosittua kansan keskuudessa kuin perspallo konsanaan - pelivalmiuksien hinta ei nimitt\u00e4in p\u00e4\u00e4t\u00e4 huimaa vastoin kuin tavanomaisessa golfissa, joka on enempi semmosta herrojen hienostelua klubeineen ja valkoisine kenkineen. Maastoheittolautasgolfiin ei nimitt\u00e4in tarvita kuin heittolautanen (eri asia kuin keitti\u00f6olosuhteissa lentelev\u00e4t lautaset, joita ei voi heitt\u00e4\u00e4 kuin kerran), rulla tyvenpyyhint\u00e4paperia, kumisaappaat ja pala kaatamatonta suomalaismets\u00e4\u00e4. Eiv\u00e4tk\u00e4 kumisaappaatkaan ole aivan v\u00e4ltt\u00e4m\u00e4tt\u00f6m\u00e4t. Paperilla merkit\u00e4\u00e4n muutama kymmenen puuta tai muuta maastonkohtaa rei'iksi ja sitten pyrit\u00e4\u00e4n osumaan heittolautasella reikiin jatkaen uutta heittoa siit\u00e4, mihin edellinen p\u00e4\u00e4tyy. Radan v\u00e4himmill\u00e4 suorituksilla kiert\u00e4nyt on voittaja. Ratamestari voi el\u00e4v\u00f6itt\u00e4\u00e4 peli\u00e4 kummasti esim. sijoittamalla muutaman rei\u00e4n sopivasti rannan puihin, jolloin saadaan mielenkiintoisia jatkoheittoja metrin syvyisest\u00e4 vedest\u00e4. Tai reik\u00e4 tuuheassa puussa: oksalle j\u00e4\u00e4nyt l\u00e4hestymisheitto merkitsee kiipe\u00e4mist\u00e4.<\/p>\n<p>Viikonloppua ja juhlan huipennusta l\u00e4hestytt\u00e4ess\u00e4 saapui vieraiden p\u00e4\u00e4joukko, joka sis\u00e4lsi yht\u00e4 sun toista vihelt\u00e4j\u00e4\u00e4. Muun muassa Elukka, joka karjahteli mielell\u00e4\u00e4n eik\u00e4 kyll\u00e4stynyt lainkaan etsim\u00e4\u00e4n nen\u00e4 maassa kanervikkoon piilotettuja keppanapulloja. Saapui my\u00f6s Hepe, jonka laulusta sai juhlav\u00e4ki nauttia jos toisenkin kerran. Saapui my\u00f6s Sipelius. Tulivat my\u00f6skin Kaltsu ja Piltsu, jotka jaksoivat neuvotella kesken\u00e4\u00e4n tuntitolkulla niinkin laajoista aiheista kuin teltan pysytytys, p\u00e4iv\u00e4n vaatetus, ruokailuj\u00e4rjestys jne jne. Olivat my\u00f6s ainoita, jotka olivat valinneet lahjaksi laulamisen - hyv\u00e4n v\u00e4rssyn olivat riimitelletkin. Oli joukossa my\u00f6s kyyhkyl\u00e4ispari Kive ja Sirmakka, jotka sulautuivat luontevasti maisemaan nahkatakkeineen, niitteineen ja bootseineen. Ainoastaan porot ruukalsivat karkuun.<\/p>\n<p>Mukana olivat tietty saunaseuran kaikki kolme varsinaista j\u00e4sent\u00e4. Oli my\u00f6s MP:n nuorikko, joka kertoi savukalasta tarpeekseen saaneensa. Olivat my\u00f6s kaksoset, mutta sit\u00e4 ei juhlav\u00e4elle viel\u00e4 paljastettu. N\u00e4ink\u00f6h\u00e4n sit\u00e4 tiesi MP:k\u00e4\u00e4n? Nanguj\u00e4rven siikaa sy\u00f6tiin joka p\u00e4iv\u00e4 - siit\u00e4 piti MP huolen. Ainoan punalihaisen sai Eetu ja hyv\u00e4 oli, ettei kajakkia kumonnut t\u00e4pin\u00f6iss\u00e4\u00e4n, kun taimen kiinni nappasi...<\/p>\n<p>P\u00e4\u00e4juhlan avajaisj\u00e4rjestelyj\u00e4 varten vei JP L\u00e4r\u00e4n Ivaloon valmistautumaan sis\u00e4\u00e4ntulotapahtumaan. JP palasi juhlapaikalle ja meni muina miehin\u00e4 sytyttelem\u00e4\u00e4n nuotiota k\u00e4mp\u00e4n takana olevalle pikku suolle ja pyyteli juhlakansaa siirtym\u00e4\u00e4n my\u00f6s sinne. Kun lentokoneen \u00e4\u00e4ni alkoi kuulua, syyti JP nuotioon tuoreita havuja savun muodostuksen maksimoimiseksi. Hetken kuluttua n\u00e4kyi Cessna 1200 metrin korkeudessa. L\u00e4r\u00e4 kiipesi koneen ponttoonille. Nuotion savu erottautui erinomaisesti osoittaen tuulen suunnan. Peukalo pystyyn pilotille ja eikun menoksi - hups ! Kymmenisen sekuntia ehti L\u00e4r\u00e4 nauttia vapaasta pudotuksesta Nanguj\u00e4rven yl\u00e4puolella, kunnes korkeusmittarin neula l\u00e4hestyi punaista. K\u00e4si k\u00e4vi ja siniraitainen Sabren kupu pelmahti taivaalle.<\/p>\n<p>Alasp\u00e4in poraillessaan L\u00e4r\u00e4 kuuli alhaalta Hepen tiukkas\u00e4vyisen huudon: \"Tule heti alas sielt\u00e4!\" Olihan se tultava. L\u00e4r\u00e4 kaarsi vierasjoukon eteen ja polkaisi pehme\u00e4\u00e4 suota. Sitten seurasi sampanjan nauttimista ja iloista rupattelua suon laidassa. My\u00f6hemmin selvisi, ett\u00e4 samaisen suon laidassa ei aina ole iloisesti rupateltu, josta kieliv\u00e4t my\u00f6s maatuneet tolpat ja piikkilangan p\u00e4tk\u00e4t: paikalla oli kapinan aikaan saksalaisella t\u00e4sm\u00e4llisyydell\u00e4 toteutettu sotavankileiri, jossa ven\u00e4l\u00e4iset viettiv\u00e4t reipasta ulkoilmael\u00e4m\u00e4\u00e4 mets\u00e4ty\u00f6n merkeiss\u00e4. Nelj\u00e4st\u00e4 sadasta vangista j\u00e4i leiriin loppui\u00e4kseen toinen puoli. Mutta sit\u00e4h\u00e4n ei juhlakansa silloin tiennyt. Olisivatkohan L\u00e4r\u00e4n tuolloin 12-vuotias tyt\u00e4r ja pari vuotta vanhempi serkkunsa vangeista ja heid\u00e4n kohtalostaan tiet\u00e4ess\u00e4\u00e4n uskaltaneet kahdestaan m\u00f6kiss\u00e4 y\u00f6py\u00e4k\u00e4\u00e4n muiden ollessa y\u00f6retkell\u00e4 v\u00e4h\u00e4n kauempana...<\/p>\n<p>Eetu hoiteli videointihommat. Yleisin kuvakulma olikin kameran takaa sampanjapullolle ojentuva k\u00e4si ja nauhalla kuuluu \"kameramiehelle kans\". Oikeinhan se onkin. Viisitoistavuotiaalle.<\/p>\n<p>P\u00e4\u00e4juhlan seuraava vaihe oli rosvonpaistin maustaminen ja maahanpano. Sipelius ja Hepe toimivat maustemestareina t\u00f6kkien puukolla reiki\u00e4 poron per\u00e4\u00e4n ja ty\u00f6nt\u00e4en niihin kokonaisia valkosipulin kynsi\u00e4. Elukka piti viel\u00e4 kiitospuheen \"herra Porolle\". Paisti laskettiin juhlavin menoin kuoppaan, kuoppa t\u00e4ytettiin ja p\u00e4\u00e4lle sytytettiin nuotio. Valmistumista odotellessa aloitettiin operaatio pullojen tyhjennys. Niit\u00e4 riittikin. Puuvaja oli puolillaan kaljakoreja sun muita laulukirjoja. Maastoheittolautasgolfia pelattiin tietysti alinomaa.<\/p>\n<p>Ja tietysti saunottiin saunomasta p\u00e4\u00e4sty\u00e4kin. Elukka kunnostautui asiallisena, ohjeita noudattavana saunamajurina: kun h\u00e4n tuli t\u00e4yden puukuorman kanssa saunaan ja kysyi lauteilla olijoilta puiden oikeaa paikkaa, sanoi joku, ett\u00e4 heit\u00e4 siihen saaviin jos et muuta keksi! Ja Elukkahan heitti. Piripintaan vedell\u00e4 t\u00e4ytettyyn. Hepe puolestaan halusi n\u00e4hd\u00e4, miten kello palaa. Ja paloihan se Lolex.<\/p>\n<p>V\u00e4h\u00e4n v\u00e4li\u00e4 k\u00e4vi joku kohentelemassa paistinuotiota. Siin\u00e4 joku sitten jo nuuhki ilmaa, ett\u00e4 kyps\u00e4lt\u00e4 tuntuu - palanut liha haisee. Ai saakeli, paisti kaivettiin \u00e4kki\u00e4 yl\u00f6s. Oli k\u00e4ynyt vanhanaikaisesti: nuotion ja paistin v\u00e4liss\u00e4 oli liian v\u00e4h\u00e4n hiekkaa ja oli paisti yl\u00e4osastaan k\u00e4r\u00e4ht\u00e4nyt. Mutta olihan ihmisill\u00e4 puukot. Hiiltyneet osat kun veisteli pois, maistui j\u00e4ljelle j\u00e4\u00e4nyt ihan asialliselta herra Porolta. Siin\u00e4 sit\u00e4 nautittiin ja naposteltiin kirkkaita kossupaukkuja kyytipojaksi. Ja laulettiin. Varsinkin Sipelius ja JP, jotka lauloivat hyvin yhteen. Ja saman tien kahteen. Ja kolmeen. Ja eik\u00f6s mit\u00e4, koko y\u00f6nh\u00e4n he lauloivat. Kunnes JP p\u00e4\u00e4tti v\u00e4sy\u00e4 ja konttasi puuvajaan.<\/p>\n<p>Vaivaa olivat my\u00f6s vieraat n\u00e4hneet, sill\u00e4 ihan aidolla kermakakulla L\u00e4r\u00e4n yll\u00e4ttiv\u00e4t. Puheenhan L\u00e4r\u00e4 siin\u00e4 piti. Saattoi sit\u00e4 joku kuunnellakin, mutta yht\u00e4 kaikki, kerrankin L\u00e4r\u00e4ll\u00e4 oli mahdollisuus n\u00e4hd\u00e4 yhtaikaa niin monta hyv\u00e4\u00e4 yst\u00e4v\u00e4\u00e4, joiden kanssa oli tullut tehty\u00e4 yht\u00e4 sun toista. Osan kanssa jopa t\u00f6it\u00e4, mutta se yritettiin muilta visusti salata.<\/p>\n<p>Pienemm\u00e4ll\u00e4 v\u00e4ell\u00e4 tehtiin lopuksi y\u00f6retki. Mukana olivat L\u00e4r\u00e4 ja JP, Elukka ja Sipelius sek\u00e4 Kaltsu ja Piltsu. Kaltsu oli kuullut rakotulista ja halusi sellaisen ehdottomasti v\u00e4rk\u00e4t\u00e4. Oksaisesta, puoliksi maatuneesta kelonkappaleesta. Mit\u00e4s, komea viritelm\u00e4h\u00e4n se olikin. Muut istuskelivat tulilla. Ja tuhosivat viimeisi\u00e4 rommeja pois. Sek\u00e4 kuuntelivat L\u00e4r\u00e4n ja JP:n juttuja. N\u00e4m\u00e4 valehtelivat ja liioittelivat sen mink\u00e4 kerkesiv\u00e4t: milloin karhuista (joita kumpikin oli n\u00e4hnyt vain Korkeasaaressa, L\u00e4r\u00e4 tosin my\u00f6hemmin mets\u00e4ss\u00e4kin - onneksi auton lasin takaa silloin...), milloin ahmoista (niit\u00e4kin vain Korkeasaaressa), milloin k\u00e4sitt\u00e4m\u00e4tt\u00f6mist\u00e4 kilometrim\u00e4\u00e4rist\u00e4 (joita ehk\u00e4 oli unissa n\u00e4hty), milloin mahdottomista keleist\u00e4, milloin mahdottomista turisteista (joita HE eiv\u00e4t tietenk\u00e4\u00e4n olleet, Luoja paratkoon!), milloin mist\u00e4kin. Hyvin kerkesiv\u00e4t ja t\u00e4ydest\u00e4 meni.<\/p>\n","protected":false},"excerpt":{"rendered":"<p>Oli tovin aikaa kulunut L\u00e4r\u00e4n ensimm\u00e4isest\u00e4 reissusta. Oli kulunut niin paljon, ett\u00e4 oli aika pit\u00e4\u00e4 py\u00f6reiden vuosien kekkerit ja p\u00e4\u00e4ttip\u00e4 L\u00e4r\u00e4 pit\u00e4\u00e4 ne napapiirin paremmalla puolen. Tarkoituksena oli kutsua paikalle kaikenlaista sekalaista seurakuntaa t\u00e4m\u00e4n ja tuon harrastuksen parista - sek\u00e4 tietenkin sukulaisia, mihink\u00e4s niist\u00e4 p\u00e4\u00e4see... Joukossa oli monta, jotka eiv\u00e4t olleet ikunansa Lapissa k\u00e4yneet mutta <a href=\"https:\/\/ktss.sivukierre.fi\/index.php\/nangujarven-pippalot\/\" class=\"more-link\">...jatka lukemista<span class=\"screen-reader-text\"> \"Nanguj\u00e4rven pippalot\"<\/span><\/a><\/p>\n","protected":false},"author":1,"featured_media":0,"parent":0,"menu_order":0,"comment_status":"closed","ping_status":"closed","template":"","meta":{"footnotes":""},"class_list":["post-307","page","type-page","status-publish","h-entry","hentry","h-as-page"],"_links":{"self":[{"href":"https:\/\/ktss.sivukierre.fi\/index.php\/wp-json\/wp\/v2\/pages\/307","targetHints":{"allow":["GET"]}}],"collection":[{"href":"https:\/\/ktss.sivukierre.fi\/index.php\/wp-json\/wp\/v2\/pages"}],"about":[{"href":"https:\/\/ktss.sivukierre.fi\/index.php\/wp-json\/wp\/v2\/types\/page"}],"author":[{"embeddable":true,"href":"https:\/\/ktss.sivukierre.fi\/index.php\/wp-json\/wp\/v2\/users\/1"}],"replies":[{"embeddable":true,"href":"https:\/\/ktss.sivukierre.fi\/index.php\/wp-json\/wp\/v2\/comments?post=307"}],"version-history":[{"count":0,"href":"https:\/\/ktss.sivukierre.fi\/index.php\/wp-json\/wp\/v2\/pages\/307\/revisions"}],"wp:attachment":[{"href":"https:\/\/ktss.sivukierre.fi\/index.php\/wp-json\/wp\/v2\/media?parent=307"}],"curies":[{"name":"wp","href":"https:\/\/api.w.org\/{rel}","templated":true}]}}