{"id":301,"date":"2017-02-14T12:54:22","date_gmt":"2017-02-14T10:54:22","guid":{"rendered":"https:\/\/ktss.sivukierre.fi\/?page_id=301"},"modified":"2017-02-14T12:54:22","modified_gmt":"2017-02-14T10:54:22","slug":"luppo-matin-ripitys","status":"publish","type":"page","link":"https:\/\/ktss.sivukierre.fi\/index.php\/luppo-matin-ripitys\/","title":{"rendered":"Luppo-Matin ripitys"},"content":{"rendered":"<p>Kerran oli L\u00e4r\u00e4 taas tallaamassa Tuiskukurusta Suomulle, kun jotakuinkin Solustamasel\u00e4ll\u00e4 tuli vastaan Luppo-Matti, tomera UKK-puiston alkuaikoina vaikuttanut puistonvartija. Tunnetusti Matti katsoi karsaasti yksin\u00e4\u00e4n kulkijoita, joita h\u00e4n piti pelastustoimien kannalta riskiryhm\u00e4n\u00e4 - ja syyst\u00e4kin: oli varmaan omakohtaista oppia saanut etsitt\u00e4v\u00e4n roolista, kun oli kelkkansa sulaan ajanut ja siihen j\u00e4\u00e4nyt eik\u00e4 suksia tietenk\u00e4\u00e4n ollut matkaan sattunut...<\/p>\n<p>Yht\u00e4 kaikki, siin\u00e4 L\u00e4r\u00e4 ny\u00f6kytteli samat mielet, kun Matti kertoi ylim\u00e4\u00e4r\u00e4isist\u00e4 riskeist\u00e4, joita yksin kulkeva ottaa. Kyll\u00e4h\u00e4n L\u00e4r\u00e4 ihan oikeastikin samaa mielt\u00e4 oli ja on, mutta kun mieli teki reissuun eik\u00e4 noihin aikoihin oikein sopivaa kaveria ollut saatavilla - ei ollut viel\u00e4 Korvatunturin Saunaseuraa perustettu. Eik\u00e4 sit\u00e4 nyt ihan Suomen Ladun ohjatuille reissuille ilennyt l\u00e4hte\u00e4, maksavatkin viel\u00e4, mokomat...<\/p>\n<p>Saapui L\u00e4r\u00e4 sitten Suomulle, jossa oli jo joitakin matkalaisia ja sattumalta olivat kaikki yksin\u00e4\u00e4n kulkijoita. Illemmalla saapui viel\u00e4 yksi, v\u00e4h\u00e4n i\u00e4kk\u00e4\u00e4mpi kaveri. Oli t\u00e4m\u00e4kin Luppo-Matin kohdannut samoilla paikoin kuin L\u00e4r\u00e4. Kertoi suurin piirtein samasta ripityksest\u00e4, mutta lis\u00e4si kuuntelemisen olleen v\u00e4h\u00e4n hankalampaa, kun piti aivan paikallaan seist\u00e4 t\u00f6r\u00f6tt\u00e4\u00e4: askeltakaan ei tohtinut ottaa, sill\u00e4 silloin Luppo-Matti olisi huomannut kulkijan toista jalkaansa klenkkaavan. Sanoi ukko ja nosti puolireidest\u00e4 alkavan tekojalkansa k\u00e4mp\u00e4n p\u00f6yd\u00e4lle muiden h\u00e4mm\u00e4stelt\u00e4v\u00e4ksi.<\/p>\n","protected":false},"excerpt":{"rendered":"<p>Kerran oli L\u00e4r\u00e4 taas tallaamassa Tuiskukurusta Suomulle, kun jotakuinkin Solustamasel\u00e4ll\u00e4 tuli vastaan Luppo-Matti, tomera UKK-puiston alkuaikoina vaikuttanut puistonvartija. Tunnetusti Matti katsoi karsaasti yksin\u00e4\u00e4n kulkijoita, joita h\u00e4n piti pelastustoimien kannalta riskiryhm\u00e4n\u00e4 - ja syyst\u00e4kin: oli varmaan omakohtaista oppia saanut etsitt\u00e4v\u00e4n roolista, kun oli kelkkansa sulaan ajanut ja siihen j\u00e4\u00e4nyt eik\u00e4 suksia tietenk\u00e4\u00e4n ollut matkaan sattunut... Yht\u00e4 <a href=\"https:\/\/ktss.sivukierre.fi\/index.php\/luppo-matin-ripitys\/\" class=\"more-link\">...jatka lukemista<span class=\"screen-reader-text\"> \"Luppo-Matin ripitys\"<\/span><\/a><\/p>\n","protected":false},"author":1,"featured_media":0,"parent":0,"menu_order":0,"comment_status":"closed","ping_status":"closed","template":"","meta":{"footnotes":""},"class_list":["post-301","page","type-page","status-publish","h-entry","hentry","h-as-page"],"_links":{"self":[{"href":"https:\/\/ktss.sivukierre.fi\/index.php\/wp-json\/wp\/v2\/pages\/301","targetHints":{"allow":["GET"]}}],"collection":[{"href":"https:\/\/ktss.sivukierre.fi\/index.php\/wp-json\/wp\/v2\/pages"}],"about":[{"href":"https:\/\/ktss.sivukierre.fi\/index.php\/wp-json\/wp\/v2\/types\/page"}],"author":[{"embeddable":true,"href":"https:\/\/ktss.sivukierre.fi\/index.php\/wp-json\/wp\/v2\/users\/1"}],"replies":[{"embeddable":true,"href":"https:\/\/ktss.sivukierre.fi\/index.php\/wp-json\/wp\/v2\/comments?post=301"}],"version-history":[{"count":0,"href":"https:\/\/ktss.sivukierre.fi\/index.php\/wp-json\/wp\/v2\/pages\/301\/revisions"}],"wp:attachment":[{"href":"https:\/\/ktss.sivukierre.fi\/index.php\/wp-json\/wp\/v2\/media?parent=301"}],"curies":[{"name":"wp","href":"https:\/\/api.w.org\/{rel}","templated":true}]}}