{"id":30,"date":"2017-01-24T00:04:43","date_gmt":"2017-01-23T22:04:43","guid":{"rendered":"https:\/\/ktss.sivukierre.fi\/?page_id=30"},"modified":"2017-01-25T23:17:23","modified_gmt":"2017-01-25T21:17:23","slug":"kohtaus-peuraselassa","status":"publish","type":"page","link":"https:\/\/ktss.sivukierre.fi\/index.php\/kohtaus-peuraselassa\/","title":{"rendered":"Kohtaus Peurasel\u00e4ss\u00e4"},"content":{"rendered":"<p>Kulkipa 70-80 \u2013 luvuilla Saarisel\u00e4ll\u00e4 juttuja sinisiin ty\u00f6haalareihin sonnustautuneesta naisel\u00e4j\u00e4st\u00e4, joka oli tavallisen kova j\u00e4tk\u00e4 kulkemaan. K\u00e4mpp\u00e4kirjamerkinn\u00e4t h\u00e4n kuittasi kauniin s\u00e4\u00e4nn\u00f6llisell\u00e4, helposti tunnistettavalla k\u00e4sialallaan nimimerkill\u00e4 AK, Hirvel\u00e4st\u00e4. Olipa L\u00e4r\u00e4kin noita merkint\u00f6j\u00e4 vuosikausia lueskellut \u2013 ja kuunnellut iltapuhdetarinoita kauhistuttavasta, v\u00e4hint\u00e4\u00e4n 190-senttisest\u00e4 amatsoonien sukua olevasta k\u00e4mpp\u00e4hirmusta, joka ajoi isotkin miehet vaikka munasiltaan pakkaseen, jos eiv\u00e4t naisten saunavuorot ajallaan alkaneet\u2026<\/p>\n<p>Olipa L\u00e4r\u00e4 sitten iltana muutamana tulossa Iso-Ojan vartta alasp\u00e4in Peuraselk\u00e4\u00e4 kohti. Muorrasta oli p\u00e4iv\u00e4n retki alkanut ja jatkui Keskon puolimatkan krouvin kautta. Joku kokeneempi oli neuvonut reitin silt\u00e4 osin, mik\u00e4 ei ulkoilukartan idemm\u00e4lle lehdelle sattunut. Sataa tihuutti ja matka alkoi jo painaa. Mieless\u00e4\u00e4n L\u00e4r\u00e4 kertaili suullista ohjetta ja helpostihan Jaurun ylityspaikka l\u00f6ytyi sek\u00e4 etel\u00e4rannalta poroaita. Mutta k\u00e4mpp\u00e4\u00e4 ei n\u00e4kynyt miss\u00e4\u00e4n vaikka sen piti polulle n\u00e4ky\u00e4? Pime\u00e4 tiheni kaiken aikaa. No mit\u00e4s, L\u00e4r\u00e4 alkoi suorittaa etsint\u00e4toimenpiteit\u00e4: viisi minuuttia it\u00e4\u00e4n rantat\u00f6yr\u00e4\u00e4n polkua pitkin. Ei mit\u00e4\u00e4n. Takaisin aidalle ja toiset viisi minuuttia l\u00e4nteen. Ei viel\u00e4k\u00e4\u00e4n mit\u00e4\u00e4n, takaisin aidalle. Oli jo pime\u00e4\u00e4 eik\u00e4 m\u00f6kist\u00e4 ollut hajuakaan\u2026 tai ei sent\u00e4\u00e4n, tervaksen haju tuntui. Heikko tuuli tuli Jaurun suunnasta, eik\u00e4 joki aivan aidalle n\u00e4kynyt. Parikymment\u00e4 askelta aidalta rantaan p\u00e4in ja siin\u00e4h\u00e4n se m\u00f6kki k\u00f6n\u00f6tti!<\/p>\n<p>Helpottuneena, m\u00e4rk\u00e4n\u00e4 ja v\u00e4syneen\u00e4 L\u00e4r\u00e4 ty\u00f6ntyi pirttiin ja toivotteli hyv\u00e4tillat kolmelle laverilla istuvalle hahmolle. Siin\u00e4 kamiinan \u00e4\u00e4ress\u00e4 kuivatellessaan vastaili L\u00e4r\u00e4 harvakseltaan laverilta esitettyihin kysymyksiin.<\/p>\n<p>Yksi kyselij\u00f6iden \u00e4\u00e4nist\u00e4 vivahti alttoon ja tuntui kuuluvan naispuoliselle henkil\u00f6lle. L\u00e4hemmin vilkaistuaan L\u00e4r\u00e4 totesi \u00e4\u00e4nen omistajan kookkaaksi eik\u00e4 ollenkaan Heli-keijun oloiseksi el\u00e4j\u00e4ksi. Pitemmin miettim\u00e4tt\u00e4 L\u00e4r\u00e4 tokaisi, jotta jotta oliko \u00e4\u00e4nen omistaja AK Hirvel\u00e4st\u00e4? \u00c4\u00e4ni my\u00f6nsi olevansa ja ihmetteli samaan hengenvetoon, mist\u00e4 toinen sen tiesi. Nyt tulikin tiukka paikka \u2013 jos kysyj\u00e4 todella oli maineensa veroinen, ei totuutta ollut syyt\u00e4 sanoa. Mutta jotakin piti vastata. L\u00e4r\u00e4 tuijotteli apua etsien sinne t\u00e4nne puhisten nooh-totanoinnia, kunnes katse sattui kuivumassa oleviin vaatekappaleisiin: \u201dHaalareista arvasin!\u201d<\/p>\n<p>Ilta oli pelastettu ja haalareista p\u00e4\u00e4stiinkin rattoisan rupattelun alkuun, jossa muisteltiin erityisesti mieliinpainuneita kulkijapersoonallisuuksia \u2013 siin\u00e4 tuli k\u00e4sitelty\u00e4 niin Lea Lehtisen nahkainen motoristinhattu kuin Lonely Riderin ultrapitk\u00e4t talvireissut. AK osoittautui hyvin joviaaliksi ja syd\u00e4melliseksi ihmiseksi, mutta L\u00e4r\u00e4 j\u00e4i arvuuttelemaan, olisiko sittenkin tullut h\u00e4t\u00e4inen l\u00e4ht\u00f6 k\u00e4mp\u00e4st\u00e4, jos totuuden olisi sanoa paukauttanut\u2026<\/p>\n","protected":false},"excerpt":{"rendered":"<p>Kulkipa 70-80 \u2013 luvuilla Saarisel\u00e4ll\u00e4 juttuja sinisiin ty\u00f6haalareihin sonnustautuneesta naisel\u00e4j\u00e4st\u00e4, joka oli tavallisen kova j\u00e4tk\u00e4 kulkemaan. K\u00e4mpp\u00e4kirjamerkinn\u00e4t h\u00e4n kuittasi kauniin s\u00e4\u00e4nn\u00f6llisell\u00e4, helposti tunnistettavalla k\u00e4sialallaan nimimerkill\u00e4 AK, Hirvel\u00e4st\u00e4. Olipa L\u00e4r\u00e4kin noita merkint\u00f6j\u00e4 vuosikausia lueskellut \u2013 ja kuunnellut iltapuhdetarinoita kauhistuttavasta, v\u00e4hint\u00e4\u00e4n 190-senttisest\u00e4 amatsoonien sukua olevasta k\u00e4mpp\u00e4hirmusta, joka ajoi isotkin miehet vaikka munasiltaan pakkaseen, jos eiv\u00e4t naisten saunavuorot <a href=\"https:\/\/ktss.sivukierre.fi\/index.php\/kohtaus-peuraselassa\/\" class=\"more-link\">...jatka lukemista<span class=\"screen-reader-text\"> \"Kohtaus Peurasel\u00e4ss\u00e4\"<\/span><\/a><\/p>\n","protected":false},"author":1,"featured_media":0,"parent":0,"menu_order":0,"comment_status":"closed","ping_status":"closed","template":"","meta":{"footnotes":""},"class_list":["post-30","page","type-page","status-publish","h-entry","hentry","h-as-page"],"_links":{"self":[{"href":"https:\/\/ktss.sivukierre.fi\/index.php\/wp-json\/wp\/v2\/pages\/30","targetHints":{"allow":["GET"]}}],"collection":[{"href":"https:\/\/ktss.sivukierre.fi\/index.php\/wp-json\/wp\/v2\/pages"}],"about":[{"href":"https:\/\/ktss.sivukierre.fi\/index.php\/wp-json\/wp\/v2\/types\/page"}],"author":[{"embeddable":true,"href":"https:\/\/ktss.sivukierre.fi\/index.php\/wp-json\/wp\/v2\/users\/1"}],"replies":[{"embeddable":true,"href":"https:\/\/ktss.sivukierre.fi\/index.php\/wp-json\/wp\/v2\/comments?post=30"}],"version-history":[{"count":0,"href":"https:\/\/ktss.sivukierre.fi\/index.php\/wp-json\/wp\/v2\/pages\/30\/revisions"}],"wp:attachment":[{"href":"https:\/\/ktss.sivukierre.fi\/index.php\/wp-json\/wp\/v2\/media?parent=30"}],"curies":[{"name":"wp","href":"https:\/\/api.w.org\/{rel}","templated":true}]}}