{"id":292,"date":"2017-02-14T12:47:18","date_gmt":"2017-02-14T10:47:18","guid":{"rendered":"https:\/\/ktss.sivukierre.fi\/?page_id=292"},"modified":"2017-02-14T12:47:18","modified_gmt":"2017-02-14T10:47:18","slug":"iltakavely-kakslauttaselle","status":"publish","type":"page","link":"https:\/\/ktss.sivukierre.fi\/index.php\/iltakavely-kakslauttaselle\/","title":{"rendered":"Iltak\u00e4vely Kakslauttaselle"},"content":{"rendered":"<p>Olivat MP ja L\u00e4r\u00e4 l\u00e4hd\u00f6ss\u00e4 kerran hiihtelem\u00e4\u00e4n huhtikuussa. L\u00e4ht\u00f6paikka oli Kiilop\u00e4\u00e4, jonne linja-auto heid\u00e4t illan suussa tiputti. Sattui L\u00e4r\u00e4 tiet\u00e4m\u00e4\u00e4n, ett\u00e4 oli tuttu porukka samana p\u00e4iv\u00e4n\u00e4 saapunut Kakslauttasen varrelle my\u00f6skin hiihto mieless\u00e4. Laitettuaan varusteet kuntoon seuraavan aamun l\u00e4ht\u00f6\u00e4 varten, totesi L\u00e4r\u00e4 MP:lle l\u00e4htev\u00e4ns\u00e4 piipahtamaan Kakslauttasella tuttu(j)a moikkaamassa. Ja l\u00e4hti tallaamaan kuuden kilometrin p\u00e4tk\u00e4\u00e4 nelostien suuntaan mieli reippaana ja odottavaisena.<\/p>\n<p>Tunti siin\u00e4 vier\u00e4hti. Perill\u00e4 n\u00e4kyi porukka olevan sy\u00f6m\u00e4puuhissa. Monta tuttua naamaa siell\u00e4 oli ja heit\u00e4 L\u00e4r\u00e4 moikkaili. Olipa joukossa kuin olikin tuttu, jota varten L\u00e4r\u00e4 oikeasti oli matkaan l\u00e4htenyt. Kun tuli L\u00e4r\u00e4 esitelty\u00e4 yll\u00e4tt\u00e4en mukaan l\u00e4hteneelle aviomiehelle, alkoi h\u00e4n pian kahvisteltuaan valitella illan pimenemist\u00e4 ja aikaista aamuher\u00e4tyst\u00e4 sek\u00e4 l\u00e4hti tallaamaan takaisin Kiilop\u00e4\u00e4lle. MP v\u00e4h\u00e4n ihmetteli pikaista paluuta ja asian oikean tolan kuultuaan remahteli hyv\u00e4t naurut. Mutta olisi piru viek\u00f6\u00f6n voinut olla irvistelem\u00e4tt\u00e4 koko reissua...<\/p>\n","protected":false},"excerpt":{"rendered":"<p>Olivat MP ja L\u00e4r\u00e4 l\u00e4hd\u00f6ss\u00e4 kerran hiihtelem\u00e4\u00e4n huhtikuussa. L\u00e4ht\u00f6paikka oli Kiilop\u00e4\u00e4, jonne linja-auto heid\u00e4t illan suussa tiputti. Sattui L\u00e4r\u00e4 tiet\u00e4m\u00e4\u00e4n, ett\u00e4 oli tuttu porukka samana p\u00e4iv\u00e4n\u00e4 saapunut Kakslauttasen varrelle my\u00f6skin hiihto mieless\u00e4. Laitettuaan varusteet kuntoon seuraavan aamun l\u00e4ht\u00f6\u00e4 varten, totesi L\u00e4r\u00e4 MP:lle l\u00e4htev\u00e4ns\u00e4 piipahtamaan Kakslauttasella tuttu(j)a moikkaamassa. Ja l\u00e4hti tallaamaan kuuden kilometrin p\u00e4tk\u00e4\u00e4 nelostien suuntaan <a href=\"https:\/\/ktss.sivukierre.fi\/index.php\/iltakavely-kakslauttaselle\/\" class=\"more-link\">...jatka lukemista<span class=\"screen-reader-text\"> \"Iltak\u00e4vely Kakslauttaselle\"<\/span><\/a><\/p>\n","protected":false},"author":1,"featured_media":0,"parent":0,"menu_order":0,"comment_status":"closed","ping_status":"closed","template":"","meta":{"footnotes":""},"class_list":["post-292","page","type-page","status-publish","h-entry","hentry","h-as-page"],"_links":{"self":[{"href":"https:\/\/ktss.sivukierre.fi\/index.php\/wp-json\/wp\/v2\/pages\/292","targetHints":{"allow":["GET"]}}],"collection":[{"href":"https:\/\/ktss.sivukierre.fi\/index.php\/wp-json\/wp\/v2\/pages"}],"about":[{"href":"https:\/\/ktss.sivukierre.fi\/index.php\/wp-json\/wp\/v2\/types\/page"}],"author":[{"embeddable":true,"href":"https:\/\/ktss.sivukierre.fi\/index.php\/wp-json\/wp\/v2\/users\/1"}],"replies":[{"embeddable":true,"href":"https:\/\/ktss.sivukierre.fi\/index.php\/wp-json\/wp\/v2\/comments?post=292"}],"version-history":[{"count":0,"href":"https:\/\/ktss.sivukierre.fi\/index.php\/wp-json\/wp\/v2\/pages\/292\/revisions"}],"wp:attachment":[{"href":"https:\/\/ktss.sivukierre.fi\/index.php\/wp-json\/wp\/v2\/media?parent=292"}],"curies":[{"name":"wp","href":"https:\/\/api.w.org\/{rel}","templated":true}]}}