{"id":289,"date":"2017-02-14T12:43:25","date_gmt":"2017-02-14T10:43:25","guid":{"rendered":"https:\/\/ktss.sivukierre.fi\/?page_id=289"},"modified":"2017-02-14T12:43:25","modified_gmt":"2017-02-14T10:43:25","slug":"kalastusta-lokalla","status":"publish","type":"page","link":"https:\/\/ktss.sivukierre.fi\/index.php\/kalastusta-lokalla\/","title":{"rendered":"Kalastusta Lokalla"},"content":{"rendered":"<p>Kerran p\u00e4\u00e4ttiv\u00e4t MP ja L\u00e4r\u00e4 meloa Lokalta Juurisatkonsel\u00e4n luoteispuolelta alkaen yl\u00f6s Luiroa niin pitk\u00e4lle kuin vett\u00e4 riitt\u00e4\u00e4. Mit\u00e4s, reissu meni leppoisasti. Karapuljuun asti riitti vett\u00e4 ja jalan k\u00e4ykittiin Luiroj\u00e4rvell\u00e4 saunomassa ja k\u00e4\u00e4ntym\u00e4ss\u00e4. Takaisin tultiin hyviss\u00e4 ajoin ja majoituttiin viimeiseksi y\u00f6ksi vesillelaskupaikan l\u00e4heisyyteen. Polttopuuta oli pitkin poikin vaikka muille jakaa, ja niit\u00e4 siin\u00e4 yrittiv\u00e4t retkeilij\u00e4mme hiilidioksidiksi muuttaa. Oli L\u00e4r\u00e4n vaatimattoman rallinauha-auton viereen ilmestynyt keltainen Mersu traileri per\u00e4ss\u00e4\u00e4n. Paikalla olleella veneell\u00e4 oli siit\u00e4 n\u00e4k\u00f6j\u00e4\u00e4n jatkettu. Alasp\u00e4in, p\u00e4\u00e4tteliv\u00e4t intiaanimme, koska vastaan ei ket\u00e4\u00e4n ollut tullut.<\/p>\n<p>My\u00f6hemmin l\u00e4htiv\u00e4t pojat viel\u00e4 iltamelonnalle katsastamaan, josko naapuria n\u00e4kyisi. Hetkisen alavirtaan lipsuttelun j\u00e4lkeen havaitsi L\u00e4r\u00e4 ohuen narun, joka l\u00e4hti rantapenkan alta aivan vesirajasta ja jatkui pingottuneen oloisena kohtisuoraan virtaa vastaan. Ja kohta n\u00e4kyi toinenkin naru. Ja viel\u00e4 kolmas. Olipa siin\u00e4 joku ansoittanut virran verkoilla tehokkaasti - harva vaellussiika siit\u00e4 l\u00e4pi p\u00e4\u00e4sisi. Tuntui tehokalastukselta. Ja viel\u00e4 rauhoitusaikaan, syyskuun alkup\u00e4ivi\u00e4 kun elettiin...<\/p>\n<p>Parivaljakkomme jatkoi alasp\u00e4in ja kuinka ollakaan, joenmutkan takaa paljastui rannalta leiritulen loimotus ja venett\u00e4 n\u00e4kyi soudettavan rivakasti poisp\u00e4in leirist\u00e4 alavirtaan, kadoten joenmutkan taakse. Pian kuului moottorin surraus ja sama vene ajoi hitaasti takaisinp\u00e4in. Alukset kohtasivat juuri leirirannan kohdalla. Veneess\u00e4 oli kaksi miest\u00e4, joilla molemmilla oli intin v\u00e4riset maastoasut ja toisella per\u00e4ti napit kaulassa.<\/p>\n<p>Joella kehkeytyi mielenkiintoinen keskustelu. L\u00e4r\u00e4 siin\u00e4 ihasteli, ett\u00e4 on siin\u00e4 jollain komea leirivalkea. Niinp\u00e4 n\u00e4kyy, my\u00f6nteliv\u00e4t vieraat ja ihmetteliv\u00e4t my\u00f6s, kun leiri tyhj\u00e4lt\u00e4 tuntui vaikka nuotio noin loimotti. Jatkoi L\u00e4r\u00e4 pient\u00e4 piruiluaan, ett\u00e4 saattaa olla saman porukan verkot tuossa v\u00e4h\u00e4n yl\u00e4virtaan poikittain ja ett\u00e4 aika hankala oli niit\u00e4 huomata, heill\u00e4kin ihan sattumalta oli kanootti lipunut l\u00e4helt\u00e4 rantat\u00f6yr\u00e4st\u00e4 ja naru n\u00e4kyviin osunut. \"Niin varman\", my\u00f6nteliv\u00e4t miehet veneest\u00e4. Siin\u00e4 kun aikansa kierteliv\u00e4t ja kaartelivat, vakuuttuivat veneess\u00e4 olijat, ett\u00e4 kyll\u00e4 n\u00e4m\u00e4 melojat olivat ihan aitoja etel\u00e4n turistipellej\u00e4, jotka eiv\u00e4t pohjoisen asioista mit\u00e4\u00e4n ymm\u00e4rr\u00e4.<\/p>\n<p>Tohtivat sitten my\u00f6nt\u00e4\u00e4, ett\u00e4 heid\u00e4n leirins\u00e4h\u00e4n se on, ja ett\u00e4 \"v\u00e4h\u00e4n tultiin viikonlopuksi kalastelemaan\". Justiinsa olivat k\u00e4yneet per\u00e4moottoria kokeilemassa, kun oli p\u00e4ivemm\u00e4ll\u00e4 v\u00e4rkki lakkoillut. Pyysiv\u00e4t viel\u00e4 kyl\u00e4ilem\u00e4\u00e4n illemmalla. Aha ja vai niin, my\u00f6nteliv\u00e4t melojamme ja lupasivat illalla piipahtaa.<\/p>\n<p>Ja sitten piipahtivatkin. Sek\u00e4 h\u00e4mm\u00e4styiv\u00e4t leirinuotion kokoa, mutta kyll\u00e4h\u00e4n konepuukolla \u00e4kki\u00e4 tulipuut p\u00e4tkii. Ihmetteliv\u00e4t viel\u00e4 nelj\u00e4\u00e4 - viitt\u00e4 saavia ja muutamaa \u00e4mp\u00e4rillist\u00e4 suolaa - kalatehtaalta se pikemminkin vaikutti kuin viikonloppukalastelulta. Puolet saaveista oli jo t\u00e4ynn\u00e4 suolasiikaa. Esitteliv\u00e4t is\u00e4nn\u00e4t selitykseksi itsens\u00e4 valtionhallinnon edustajiksi Rovaniemelt\u00e4. Per\u00e4ti komppaukko oli sanojensa mukaan t\u00e4m\u00e4 nappikaulainen. Sanoivat, ett\u00e4 heill\u00e4 n\u00e4in ammattimiehin\u00e4 on muutama verkkomerkki mieheen ik\u00e4\u00e4n kuin luontoisetuna ja ett\u00e4 heille kalastelu on sallittua miss\u00e4 vaan toimialueellaan. \"Tottakai, tietysti\", my\u00f6nteliv\u00e4t L\u00e4r\u00e4 ja MP, mutta hiljaa mieless\u00e4\u00e4n ep\u00e4iliv\u00e4t lupien p\u00e4tevyytt\u00e4 rauhoitusaikana. Olivat kuitenkin viisaasti vaiti.<\/p>\n<p>Istuttiin siin\u00e4 iltaa ja loimusiikaa nautittiin muun muassa. Nautittiin miest\u00e4 v\u00e4kev\u00e4mp\u00e4\u00e4kin ja puhuttiin kaikenlaisista metsien miesten miehisist\u00e4 asioista. Melojapuolella kyll\u00e4 oltiin enemm\u00e4nkin kuulolla, olihan heill\u00e4 harrastelijoina kerrankin mahdollisuus kuunnella retkeily-, kalastus- ja mets\u00e4stysalan ammattimiehi\u00e4. Muuttomatkalla olevat hanhet innoittivat kalastajiamme sitten esittelem\u00e4\u00e4n pyssyj\u00e4kin, jollainen miehell\u00e4 pit\u00e4\u00e4 tietenkin olla aina matkassa. Asiaan kait kuului sekin, ett\u00e4 teltan lattialla lojuvan luodikon tulee olla ladattu, mink\u00e4 toinen sankareistamme osoitti tempaisemalla pyssyn poskelleen ja roiskauttamalla tuosta vaan, ilman latausliikkeit\u00e4, kuulan kohti et\u00e4\u00e4ntyvi\u00e4 hanhien \u00e4\u00e4ni\u00e4. Vaikka asemaltaan vanhempi jo ryhtyi toveriaan toppuuttelemaan, vet\u00e4ytyiv\u00e4t melojatoveruksemme kohteliaasti mutta ripe\u00e4sti omalle vaatimattomalle asennolleen yl\u00e4virran suuntaan...<\/p>\n<p>Aamusella pys\u00e4htyi toverustemme leirirantaan UKK-puistolle kuuluva alumiinivene ja puisto-organisaation edustaja k\u00e4vi lehtimiesvieraidensa kanssa aamukahvistelemassa. Ilmoja ihasteltiin. Kysyiv\u00e4t sitten, josko toveruksemme tiesiv\u00e4t jotain alavirran leirist\u00e4 ja leirin pit\u00e4jist\u00e4 - tyhj\u00e4lt\u00e4 kun oli leiri vaikuttanut, vaikka vene rannassa k\u00f6k\u00f6tti. Olivat my\u00f6s saavit panneet merkille. Eiv\u00e4t MP ja L\u00e4r\u00e4 osanneet kalastajista sanoa kun eiv\u00e4t olleet heit\u00e4 tavanneet, arvelivat vain, ett\u00e4 tuo Mersu tuossa saattaisi hyvinkin kalastajille kuulua ja traileria ehk\u00e4 tarvittiin saavien kuljetukseen...<\/p>\n<p>My\u00f6hemmin samana p\u00e4iv\u00e4n\u00e4 palauttivat kumppanit lainakanootin Sodankyl\u00e4ss\u00e4 paikalliselle er\u00e4poliisille, jolta sen olivat lainanneetkin. Viittasivat siin\u00e4 ohimennen havainneensa Luironsuussa Lokalla mahdollisesti muutamia kalastajia. Kanootin lainaaja arveli k\u00e4yv\u00e4ns\u00e4 tervehtim\u00e4ss\u00e4. Oli kuulemma k\u00e4ynytkin, mutta j\u00e4ljell\u00e4 olivat vain j\u00e4ljet.<\/p>\n<p>Seuraavana syksyn\u00e4, samoihin aikoihin, olivat samojen miesten kalastusorgiat toistuneet t\u00e4sm\u00e4lleen samassa paikassa. Juhlat olivat tosin loppuneet kesken, kun paikalle saapuneet poliisit eiv\u00e4t olleetkaan juhlatuulella. Suorastaan p\u00e4invastoin. Auton, veneen, verkot, trailerin, saavit ja varmaan suolatkin valtio siin\u00e4 h\u00f6t\u00e4k\u00e4ss\u00e4 itselleen sai, vaikka kuinka valtiota kalastajatkin olivat palvelleet. Eiv\u00e4t tosin palvelleet en\u00e4\u00e4 sen j\u00e4lkeen. Seidan kiitos.<\/p>\n","protected":false},"excerpt":{"rendered":"<p>Kerran p\u00e4\u00e4ttiv\u00e4t MP ja L\u00e4r\u00e4 meloa Lokalta Juurisatkonsel\u00e4n luoteispuolelta alkaen yl\u00f6s Luiroa niin pitk\u00e4lle kuin vett\u00e4 riitt\u00e4\u00e4. Mit\u00e4s, reissu meni leppoisasti. Karapuljuun asti riitti vett\u00e4 ja jalan k\u00e4ykittiin Luiroj\u00e4rvell\u00e4 saunomassa ja k\u00e4\u00e4ntym\u00e4ss\u00e4. Takaisin tultiin hyviss\u00e4 ajoin ja majoituttiin viimeiseksi y\u00f6ksi vesillelaskupaikan l\u00e4heisyyteen. Polttopuuta oli pitkin poikin vaikka muille jakaa, ja niit\u00e4 siin\u00e4 yrittiv\u00e4t retkeilij\u00e4mme hiilidioksidiksi <a href=\"https:\/\/ktss.sivukierre.fi\/index.php\/kalastusta-lokalla\/\" class=\"more-link\">...jatka lukemista<span class=\"screen-reader-text\"> \"Kalastusta Lokalla\"<\/span><\/a><\/p>\n","protected":false},"author":1,"featured_media":0,"parent":0,"menu_order":0,"comment_status":"closed","ping_status":"closed","template":"","meta":{"footnotes":""},"class_list":["post-289","page","type-page","status-publish","h-entry","hentry","h-as-page"],"_links":{"self":[{"href":"https:\/\/ktss.sivukierre.fi\/index.php\/wp-json\/wp\/v2\/pages\/289","targetHints":{"allow":["GET"]}}],"collection":[{"href":"https:\/\/ktss.sivukierre.fi\/index.php\/wp-json\/wp\/v2\/pages"}],"about":[{"href":"https:\/\/ktss.sivukierre.fi\/index.php\/wp-json\/wp\/v2\/types\/page"}],"author":[{"embeddable":true,"href":"https:\/\/ktss.sivukierre.fi\/index.php\/wp-json\/wp\/v2\/users\/1"}],"replies":[{"embeddable":true,"href":"https:\/\/ktss.sivukierre.fi\/index.php\/wp-json\/wp\/v2\/comments?post=289"}],"version-history":[{"count":0,"href":"https:\/\/ktss.sivukierre.fi\/index.php\/wp-json\/wp\/v2\/pages\/289\/revisions"}],"wp:attachment":[{"href":"https:\/\/ktss.sivukierre.fi\/index.php\/wp-json\/wp\/v2\/media?parent=289"}],"curies":[{"name":"wp","href":"https:\/\/api.w.org\/{rel}","templated":true}]}}