{"id":284,"date":"2017-02-14T12:29:30","date_gmt":"2017-02-14T10:29:30","guid":{"rendered":"https:\/\/ktss.sivukierre.fi\/?page_id=284"},"modified":"2017-02-14T12:29:30","modified_gmt":"2017-02-14T10:29:30","slug":"eras-jouluaatto","status":"publish","type":"page","link":"https:\/\/ktss.sivukierre.fi\/index.php\/eras-jouluaatto\/","title":{"rendered":"Er\u00e4s jouluaatto"},"content":{"rendered":"<p>Totesipa L\u00e4r\u00e4 90-luvun alussa monasti Lapissa kulkeneensa muttei Joulua mets\u00e4ss\u00e4 viel\u00e4 viett\u00e4neens\u00e4. Pitih\u00e4n s\u00edt\u00e4 sitten kokeilla. Kohteeksi L\u00e4r\u00e4 valitsi Tuiskukurun, joka k\u00e4mpp\u00e4 oli paitsi sopivan matkan p\u00e4\u00e4ss\u00e4, niin my\u00f6s sopivan syrj\u00e4inen ja ilman saunaa jotta muutamat mets\u00e4ss\u00e4 viihtyv\u00e4t joulunviett\u00e4j\u00e4t eiv\u00e4t todenn\u00e4k\u00f6isesti sinne eksyisi.<\/p>\n<p>Niinp\u00e4 aaton aattona pujottautui L\u00e4r\u00e4 Condorinsa kantoviilekkeisin, puki jalkoihinsa Er\u00e4-Karhut ja l\u00e4hti reissukaverinsa MP:n kateellisen katseen saattelemana pitkin Rumakurulle johtavaa valtav\u00e4yl\u00e4\u00e4. P\u00e4iv\u00e4n hiihdelty\u00e4\u00e4n l\u00f6ysi L\u00e4r\u00e4 itsens\u00e4 Rautulammelta, jossa ilta kului rattoisasti muutaman er\u00e4pojan kanssa turinoidessa.<\/p>\n<p>Uusi p\u00e4iv\u00e4 ei ollut viel\u00e4 likik\u00e4\u00e4n valjennut, kun L\u00e4r\u00e4 ty\u00f6ntyi Rautulammen viihtyis\u00e4st\u00e4 pikkutuvasta tyveneen Jouluaattoaamuun. Ilma tuntui olevan kirpe\u00e4 - ettei vain olisi per\u00e4ti ollut kylm\u00e4n sorttinen? Raututunturin harjanteen ylitys sujui ripe\u00e4sti, sill\u00e4 keli oli avotunturissa juuri sopivan kantava: uutta lunta oli kovemman pinnan p\u00e4\u00e4ll\u00e4 muutama sentti.<\/p>\n<p>Kun Hikiojan latvan ensimm\u00e4iset koivikot tulivat vastaan, alkoi meno pehmet\u00e4 niin kuin se vain voi keskitalvella tehd\u00e4, kun suojakelej\u00e4 ei ole ollut viel\u00e4 yht\u00e4\u00e4n. Varsin pehme\u00e4ksi se muuttui, kun L\u00e4r\u00e4 alitti havupuurajan. Vaikka Er\u00e4-Karhut ovat 7 cm leve\u00e4t ja 240 cm pitk\u00e4t, tuntui askel painuvan puolis\u00e4\u00e4reen ja v\u00e4lill\u00e4 v\u00e4h\u00e4n ylikin. Eik\u00e4 mink\u00e4\u00e4nlaista uraa n\u00e4kynyt miss\u00e4\u00e4n. V\u00e4h\u00e4n oli L\u00e4r\u00e4 el\u00e4tellyt toiveita, ett\u00e4 UKK-organisaatio olisi sattunut t\u00e4t\u00e4 reitti\u00e4 ajamaan ja kelkkauran j\u00e4tt\u00e4m\u00e4\u00e4n. Vanhakin ura olisi hyvin kelvannut. Mutta ei, ei mink\u00e4\u00e4nlaista. Matkanopeus v\u00e4heni v\u00e4ist\u00e4m\u00e4tt\u00e4 varsin pieneksi. Liev\u00e4sti alasp\u00e4in viett\u00e4v\u00e4 reitti helpotti sent\u00e4\u00e4n matkantekoa viel\u00e4 t\u00e4ss\u00e4 vaiheessa.<\/p>\n<p>Kun Suomun uurre oli edess\u00e4, oli aikaa kulunut jo kuudetta tuntia ja matka alkoi l\u00e4hennell\u00e4 vasta puoltav\u00e4li\u00e4, vaikkei kokonaismatka ollut 15:tt\u00e4 kilometri\u00e4 kummempi. Oli hyvinkin tauon paikka. Vaikka L\u00e4r\u00e4 oli askeltanut sen verran harvakseen, ett\u00e4 hiki ei ihmeemmin tullut pintaan, alkoi vilu hiipi\u00e4 heti haalarin alle. Se tauko j\u00e4ikin sitten lyhyehk\u00f6ksi. Muutaman aamulla valmiiksi tehdyn voileiv\u00e4n, rusinoiden, p\u00e4hkin\u00f6iden ja suklaan mutustelun j\u00e4lkeen oli pakko jatkaa. Suuntaa L\u00e4r\u00e4 harkitsi aimo tovin: omia j\u00e4lki\u00e4 takaisin p\u00e4\u00e4see Hikiojan latvoille, mutta pime\u00e4 on k\u00e4sill\u00e4 viimeisill\u00e4 kilometreill\u00e4 avotunturissa ennen Rautulampea. Pime\u00e4 on edess\u00e4 my\u00f6s alkuper\u00e4isess\u00e4 suunnassa, mutta siin\u00e4 vaiheessa ollaan Tuiskukurun pohjalla, josta ei sokeakaan eksyisi. Eik\u00e4 silloin L\u00e4r\u00e4k\u00e4\u00e4n. Siisp\u00e4 taaperrus jatkui alkuper\u00e4iseen suuntaan, kohti Tuiskukurun suuta.<\/p>\n<p>Nyt maasto nousi liev\u00e4sti ja eteneminen hidastui entisest\u00e4\u00e4n. Sen oli pakko hidastua: hikeen ei pit\u00e4isi itse\u00e4\u00e4n nyt hiiht\u00e4\u00e4, koska tuntui olevan hieman kylm\u00e4. Paikoissa muutamissa Tuiskujoki oli auki ja niist\u00e4 L\u00e4r\u00e4 ryypp\u00e4si. J\u00e4\u00e4kylm\u00e4\u00e4 vett\u00e4 ei sopinut solkenaan lomottaa, ja kun vett\u00e4 kupissa py\u00f6ritteli, otti se ja j\u00e4\u00e4tyi jo reunoista. Nyt taisikin olla ihan oikeasti kylm\u00e4. Suorastaan helevetin kylm\u00e4! Pakko oli taas hiiht\u00e4\u00e4, mutta hitaasti, hitaasti, tolkutti L\u00e4r\u00e4 itselleen: mieluummin pime\u00e4ss\u00e4 perille - eksymisen vaaraahan ei voinut kurussa olla - kuin hikoilla, v\u00e4sy\u00e4 ja kylmett\u00e4\u00e4 itsens\u00e4: hypotermia olisi suorastaan hengenvaarallista n\u00e4ill\u00e4 keleill\u00e4.<\/p>\n<p>Kellon tuntiviisari oli tehnyt enemm\u00e4n kuin t\u00e4yden kierroksen Rautulammelta l\u00e4hd\u00f6n j\u00e4lkeen, kun Tuiskukurun k\u00e4mp\u00e4n tuttu hahmo hiipi L\u00e4r\u00e4n n\u00e4k\u00f6piiriin. Viel\u00e4 viimeiset taaperrukset ja L\u00e4r\u00e4 l\u00f6ysi kuin l\u00f6ysikin itsens\u00e4 tulta virittelem\u00e4st\u00e4 k\u00e4mp\u00e4n kamiinaan. Siin\u00e4h\u00e4n se meni iso osa jouluaatosta hiihdelless\u00e4! L\u00e4r\u00e4 lausui mieless\u00e4\u00e4n runsaan kiitoksen edellisille k\u00e4vij\u00f6ille, jotka olivat tehneet kunnon kiehiset valmiiksi. Ei muuta kuin klapit ja kiehiset pes\u00e4\u00e4n ja tikun raapaisu, niin k\u00e4mpp\u00e4 alkoi l\u00e4mmet\u00e4.<\/p>\n<p>Kiehiset ja puut valmiina -huomaavaisuus alkaa olla harvinaista herkkua ja eritoten noin l\u00e4hell\u00e4 ns. sivistyst\u00e4. Silti parhaimmassa tapauksessa saattaa huomaavaisuus muuttua pelastukseksi viimeisill\u00e4 voimillaan k\u00e4mpp\u00e4\u00e4n raahautuvalle: kohmeiset k\u00e4det kykenev\u00e4t viel\u00e4 tikun raapaisemaan, mutta voimat eiv\u00e4t ehk\u00e4 riitt\u00e4isi en\u00e4\u00e4 puiden pilkkomiseen. Ja voihan olla, ett\u00e4 itsens\u00e4 aivan piippuun ajavien himohiiht\u00e4jien esiintymistodenn\u00e4k\u00f6isyys onkin suurempi l\u00e4hemp\u00e4n\u00e4 rintamaita kuin puiston per\u00e4ll\u00e4, vertaa vaikka tarinaan <a href=\"https:\/\/ktss.sivukierre.fi\/index.php\/turistin-tappokierros\/\" target=\"_blank\">Kiilop\u00e4\u00e4n Kierroksesta<\/a>...<\/p>\n<p>Niin tai n\u00e4in, L\u00e4r\u00e4 asettui taloksi ja ensi t\u00f6ikseen soitteli ilmoittautumisen kotiin j\u00e4\u00e4neelle reissukaverilleen. T\u00e4m\u00e4 oli ehtinyt hieman jo huolestua - jouluporot oli Saarisel\u00e4ll\u00e4 sy\u00f6ty ja pukkikin vieraillut. Pyysi L\u00e4r\u00e4 kaveriaan vilkaisemaan l\u00e4mp\u00f6mittariin: 35 pyk\u00e4l\u00e4\u00e4 oli alta nollan. Kun Saarisel\u00e4n hotellikyl\u00e4 on sen verran korkealla, voidaan vain arvuutella, mit\u00e4 olisi mittari Suomun laaksossa n\u00e4ytt\u00e4nyt...<\/p>\n","protected":false},"excerpt":{"rendered":"<p>Totesipa L\u00e4r\u00e4 90-luvun alussa monasti Lapissa kulkeneensa muttei Joulua mets\u00e4ss\u00e4 viel\u00e4 viett\u00e4neens\u00e4. Pitih\u00e4n s\u00edt\u00e4 sitten kokeilla. Kohteeksi L\u00e4r\u00e4 valitsi Tuiskukurun, joka k\u00e4mpp\u00e4 oli paitsi sopivan matkan p\u00e4\u00e4ss\u00e4, niin my\u00f6s sopivan syrj\u00e4inen ja ilman saunaa jotta muutamat mets\u00e4ss\u00e4 viihtyv\u00e4t joulunviett\u00e4j\u00e4t eiv\u00e4t todenn\u00e4k\u00f6isesti sinne eksyisi. Niinp\u00e4 aaton aattona pujottautui L\u00e4r\u00e4 Condorinsa kantoviilekkeisin, puki jalkoihinsa Er\u00e4-Karhut ja l\u00e4hti <a href=\"https:\/\/ktss.sivukierre.fi\/index.php\/eras-jouluaatto\/\" class=\"more-link\">...jatka lukemista<span class=\"screen-reader-text\"> \"Er\u00e4s jouluaatto\"<\/span><\/a><\/p>\n","protected":false},"author":1,"featured_media":0,"parent":0,"menu_order":0,"comment_status":"closed","ping_status":"closed","template":"","meta":{"footnotes":""},"class_list":["post-284","page","type-page","status-publish","h-entry","hentry","h-as-page"],"_links":{"self":[{"href":"https:\/\/ktss.sivukierre.fi\/index.php\/wp-json\/wp\/v2\/pages\/284","targetHints":{"allow":["GET"]}}],"collection":[{"href":"https:\/\/ktss.sivukierre.fi\/index.php\/wp-json\/wp\/v2\/pages"}],"about":[{"href":"https:\/\/ktss.sivukierre.fi\/index.php\/wp-json\/wp\/v2\/types\/page"}],"author":[{"embeddable":true,"href":"https:\/\/ktss.sivukierre.fi\/index.php\/wp-json\/wp\/v2\/users\/1"}],"replies":[{"embeddable":true,"href":"https:\/\/ktss.sivukierre.fi\/index.php\/wp-json\/wp\/v2\/comments?post=284"}],"version-history":[{"count":0,"href":"https:\/\/ktss.sivukierre.fi\/index.php\/wp-json\/wp\/v2\/pages\/284\/revisions"}],"wp:attachment":[{"href":"https:\/\/ktss.sivukierre.fi\/index.php\/wp-json\/wp\/v2\/media?parent=284"}],"curies":[{"name":"wp","href":"https:\/\/api.w.org\/{rel}","templated":true}]}}