{"id":281,"date":"2017-02-14T12:21:52","date_gmt":"2017-02-14T10:21:52","guid":{"rendered":"https:\/\/ktss.sivukierre.fi\/?page_id=281"},"modified":"2020-08-14T23:40:34","modified_gmt":"2020-08-14T20:40:34","slug":"nuoriso-urheilee","status":"publish","type":"page","link":"https:\/\/ktss.sivukierre.fi\/index.php\/nuoriso-urheilee\/","title":{"rendered":"Nuoriso urheilee"},"content":{"rendered":"<p>Laskeutuisipa L\u00e4r\u00e4 kerran Pirunportista Paratiisikurun reunoja kierrellen Hattup\u00e4iden yli Sarviojan k\u00e4mp\u00e4lle. Ja kiitteli suksien ter\u00e4sreunoja, hanki kun oli tunturissa kivikovaa. Tuumipa siin\u00e4, ett\u00e4 jos nyt kannantakainen nuljahtaisi irti eik\u00e4 karkuremmej\u00e4 olisi, saisi karanneelle sukselle todenn\u00e4k\u00f6iset lopulliset hyv\u00e4stit heitt\u00e4\u00e4...<\/p>\n<p>Sarviojalla yhytti L\u00e4r\u00e4 muutamia konkareita ellei per\u00e4ti kuuluisuuksia (joita ei kyll\u00e4k\u00e4\u00e4n tuntenut, mutta se on <a href=\"https:\/\/ktss.sivukierre.fi\/index.php\/tunteeko-kukaan-lonely-rideria\/\" target=\"_blank\" rel=\"noopener noreferrer\">eri juttu<\/a>) , joiden kanssa tuli muisteltua kaiken maailman kummallisia kulkijoita jotka tuntuivat kulkevan enemm\u00e4n tuurilla kuin taidolla.<\/p>\n<p>Ja eik\u00f6s, kuin tilauksesta hiihteli ilta-auringossa l\u00e4nnest\u00e4 p\u00e4in nelj\u00e4 alta parikymppist\u00e4 nuorta, jotka keitteliv\u00e4t tuvalla sapuskojansa ja p\u00e4\u00e4ttiv\u00e4t sitten, komean illan innoittamina, l\u00e4hte\u00e4 L\u00e4r\u00e4n p\u00e4iv\u00e4llist\u00e4 reitti\u00e4 toiseen suuntaan, Muorravaarakkaan. Kello oli siin\u00e4 22. Kovasti vanhemmat yritteliv\u00e4t toppuutella, olihan matkaa sent\u00e4\u00e4n parikymment\u00e4 kilometri\u00e4, josta puolet yl\u00f6sp\u00e4in. Perill\u00e4 olisivat ihannetapauksessakin noin kolmelta aamuy\u00f6st\u00e4. Ja todenn\u00e4k\u00f6isesti paljon my\u00f6hemmin, sill\u00e4 pime\u00e4 yll\u00e4tt\u00e4isi varmasti. Sit\u00e4 paitsi, kaikilla oli vain kevyet latusukset matalalla nahkamonolla ja tavallisella Y-k\u00e4rkisiteell\u00e4. Semmoisilla ei ter\u00e4srinteen kiipe\u00e4minen h\u00e4m\u00e4r\u00e4ss\u00e4 ja pime\u00e4ss\u00e4 herkkua olisi. Mutta ei, l\u00e4ht\u00f6\u00e4 tekiv\u00e4t ja l\u00e4htiv\u00e4t my\u00f6s.<\/p>\n<p>Sattui L\u00e4r\u00e4 tuijottelemaan tuvan ikkunasta l\u00e4nteen p\u00e4in ja mit\u00e4 hittoa - sinneh\u00e4n ne nuoret hiihteliv\u00e4t, 180 astetta siit\u00e4, mihin sanoivat l\u00e4htev\u00e4ns\u00e4. L\u00e4r\u00e4 rynt\u00e4si ulos ja suksi per\u00e4\u00e4n kysym\u00e4\u00e4n, olivatko suunnitelmat aivan ulko-ovella viel\u00e4 muuttuneet. Eih\u00e4n toki; v\u00e4h\u00e4n aikaa k\u00e4\u00e4nteliv\u00e4t karttojaan ja katselivat kompassejaan ja totesivat \"jonkin verran\" erehtyneens\u00e4 suunnasta. P\u00e4\u00e4siv\u00e4t sitten matkaan oikeaan suuntaan ja katosivat it\u00e4\u00e4n, jo aika h\u00e4m\u00e4r\u00e4\u00e4n mets\u00e4\u00e4n...<\/p>\n<p>Tuvalle j\u00e4\u00e4neet py\u00f6ritteliv\u00e4t p\u00e4\u00e4t\u00e4\u00e4n ja aprikoivat, josko nuorten etappi tulisi hyvin p\u00e4\u00e4ttym\u00e4\u00e4n. Sen verran oltiin tosissaan huolestuneita, ett\u00e4 tunnin p\u00e4\u00e4st\u00e4 l\u00e4hti L\u00e4r\u00e4 hiihtelem\u00e4\u00e4n p\u00e4iv\u00e4llist\u00e4 latuaan takaisin p\u00e4in, nuorison per\u00e4\u00e4n, varmistuakseen, ett\u00e4 ainakin neuvotulle parhaalle reitille osaisivat, Hattup\u00e4iden huippujen kautta, jolloin kiipe\u00e4minen olisi mahdollisimman loivaa eik\u00e4 tarvitsisi kivikovaa rinnett\u00e4 yl\u00f6s trampata jyrkimm\u00e4st\u00e4 kohdasta.<\/p>\n<p>Vaan niinp\u00e4 k\u00e4vi, ett\u00e4 Hattup\u00e4\u00e4n paljakan reunassa hiihteli nelj\u00e4 hahmoa vastaan. Nuorisosta yksi oli onnistunut ylemp\u00e4n\u00e4 rinteess\u00e4 nuljauttamaan mononsa irti siteest\u00e4 ja kuin ihmeen kaupalla karkaava suksi oli pys\u00e4htynyt muutaman kymmenen metrin p\u00e4\u00e4h\u00e4n, viel\u00e4 n\u00e4k\u00f6s\u00e4lle. Siit\u00e4 havahtuivat muistelemaan varoituksia ylemp\u00e4n\u00e4 olevasta jyrkemm\u00e4st\u00e4 osasta, jossa suksen irtoaminen merkitsisi y\u00f6n h\u00e4m\u00e4ryydess\u00e4 taatusti loppumatkan hiihtoa yhdell\u00e4 suksella. Tekiv\u00e4t p\u00e4\u00e4t\u00f6ksen palata sidett\u00e4 korjailemaan ja uutta vauhtia hakemaan aamun valoisana aikana. Ehk\u00e4p\u00e4 havaitsivat suunnistuksenkin olevan hieman hankalaa kuun ja t\u00e4htien valossa.<\/p>\n<p>Hiihteliv\u00e4t siin\u00e4 sitten porukassa takaisin ja k\u00e4mp\u00e4ll\u00e4 kyll\u00e4 saivat kuunnella kiltisti muiden motkotuksen. Lupaisvat seuraavalla keralla ottaa jo ter\u00e4sreunaisetkin mukaan.<\/p>\n","protected":false},"excerpt":{"rendered":"<p>Laskeutuisipa L\u00e4r\u00e4 kerran Pirunportista Paratiisikurun reunoja kierrellen Hattup\u00e4iden yli Sarviojan k\u00e4mp\u00e4lle. Ja kiitteli suksien ter\u00e4sreunoja, hanki kun oli tunturissa kivikovaa. Tuumipa siin\u00e4, ett\u00e4 jos nyt kannantakainen nuljahtaisi irti eik\u00e4 karkuremmej\u00e4 olisi, saisi karanneelle sukselle todenn\u00e4k\u00f6iset lopulliset hyv\u00e4stit heitt\u00e4\u00e4... Sarviojalla yhytti L\u00e4r\u00e4 muutamia konkareita ellei per\u00e4ti kuuluisuuksia (joita ei kyll\u00e4k\u00e4\u00e4n tuntenut, mutta se on eri juttu) <a href=\"https:\/\/ktss.sivukierre.fi\/index.php\/nuoriso-urheilee\/\" class=\"more-link\">...jatka lukemista<span class=\"screen-reader-text\"> \"Nuoriso urheilee\"<\/span><\/a><\/p>\n","protected":false},"author":1,"featured_media":0,"parent":0,"menu_order":0,"comment_status":"closed","ping_status":"closed","template":"","meta":{"footnotes":""},"class_list":["post-281","page","type-page","status-publish","h-entry","hentry","h-as-page"],"_links":{"self":[{"href":"https:\/\/ktss.sivukierre.fi\/index.php\/wp-json\/wp\/v2\/pages\/281","targetHints":{"allow":["GET"]}}],"collection":[{"href":"https:\/\/ktss.sivukierre.fi\/index.php\/wp-json\/wp\/v2\/pages"}],"about":[{"href":"https:\/\/ktss.sivukierre.fi\/index.php\/wp-json\/wp\/v2\/types\/page"}],"author":[{"embeddable":true,"href":"https:\/\/ktss.sivukierre.fi\/index.php\/wp-json\/wp\/v2\/users\/1"}],"replies":[{"embeddable":true,"href":"https:\/\/ktss.sivukierre.fi\/index.php\/wp-json\/wp\/v2\/comments?post=281"}],"version-history":[{"count":0,"href":"https:\/\/ktss.sivukierre.fi\/index.php\/wp-json\/wp\/v2\/pages\/281\/revisions"}],"wp:attachment":[{"href":"https:\/\/ktss.sivukierre.fi\/index.php\/wp-json\/wp\/v2\/media?parent=281"}],"curies":[{"name":"wp","href":"https:\/\/api.w.org\/{rel}","templated":true}]}}