{"id":275,"date":"2017-02-14T12:12:28","date_gmt":"2017-02-14T10:12:28","guid":{"rendered":"https:\/\/ktss.sivukierre.fi\/?page_id=275"},"modified":"2017-02-14T12:12:28","modified_gmt":"2017-02-14T10:12:28","slug":"putkirinkkaani-en-vaihda","status":"publish","type":"page","link":"https:\/\/ktss.sivukierre.fi\/index.php\/putkirinkkaani-en-vaihda\/","title":{"rendered":"Putkirinkkaani en vaihda"},"content":{"rendered":"<p>Elettiin sit\u00e4 aikaa, kun anatomic-rinkat tekiv\u00e4t tuloaan. L\u00e4r\u00e4 katseli moisia pussukoita v\u00e4h\u00e4n hitaasti, neh\u00e4n n\u00e4yttiv\u00e4t oikein l\u00e4mp\u00f6pattereilta - kyll\u00e4 ilman pit\u00e4\u00e4 kiert\u00e4\u00e4 sel\u00e4n ja kantotelineen v\u00e4list\u00e4. Ja kaiken maailman lantiovy\u00f6tkin olivat ep\u00e4ilytt\u00e4vi\u00e4. Paino korkealle ja tasapainoilemaan - se oli L\u00e4r\u00e4n mielest\u00e4 pelin henki, koska niin se oli ollut alusta alkaen. Reissukaverinsa MP seurasi aktiivisesti ajan merkkej\u00e4 ja yritti L\u00e4r\u00e4llekin vuosikausia perustella anatomic-rinkan erinomaisuutta erityisesti hiihtohommissa - turhaan.<\/p>\n<p>L\u00e4hdettiin sitten kerran kierrrokselle, jolla oli tarkoitus pongata kaikki yli viissataset Urkkipuiston huiput, joita ei kumpikaan viel\u00e4 ollut pongannut. Semmoisia l\u00f6ytyi kaikkiaan kymmenen. Ensimm\u00e4inen niist\u00e4 oli Ter\u00e4v\u00e4kivenp\u00e4\u00e4 ja sinnep\u00e4 vesselit suuntasivat Kiilop\u00e4\u00e4n retkeilykeskuksesta. MP:ll\u00e4 oli Carrimoren tuliter\u00e4 0-sarjan Condor testik\u00e4yt\u00f6ss\u00e4. Kuulemma suoraan Englannista varta vasten testattavaksi l\u00e4hetetty Lapin oloihin. L\u00e4r\u00e4 kantoi uskollisesti pikkuista Fj\u00e4llr\u00e4veni\u00e4 ja keskittyi tasapainoilemaan kieli keskell\u00e4 suuta. Kyll\u00e4 L\u00e4r\u00e4n t\u00e4ytyi my\u00f6nt\u00e4\u00e4, ett\u00e4 korkealla oleva painopiste eik\u00e4 lantiovy\u00f6t\u00e4 oli hieman kiikker\u00e4 yhdistelm\u00e4, mutta semmoistahan se on. MP kehua retosteli koko kiipe\u00e4misen ajan anatomicin etuja ja L\u00e4r\u00e4 v\u00e4h\u00e4tteli niit\u00e4 mink\u00e4 kerkesi...<\/p>\n<p>Ter\u00e4v\u00e4kiven p\u00e4\u00e4ll\u00e4 antoi L\u00e4r\u00e4 vihdoin periksi pitkin hampain: \"No, annas t\u00e4nne, niin min\u00e4 kokeilen sit\u00e4 sun hikipussukkaa\". Ennakko-odotukset olivat varsin matalalla - jos se v\u00e4h\u00e4n tukevampi on, niin toisaalta hiki lent\u00e4\u00e4 enemm\u00e4n.<\/p>\n<p>Vaan kyll\u00e4 maailmankuva muuttui \u00e4kisti, kun L\u00e4r\u00e4 l\u00e4hti Condor sel\u00e4ss\u00e4 luikuttelemaan alasp\u00e4in kohti Suomun latvoja. Eih\u00e4n t\u00e4m\u00e4 ole tottakaan, tuumiskeli L\u00e4r\u00e4 - miksei kukaan sanonut, ett\u00e4 anatomic on n\u00e4in hyv\u00e4! Hiiht\u00e4minenh\u00e4n sujui suorastaan lonkalta - jos moinen kielikuva t\u00e4ss\u00e4 sallitaan - ei tarvinnut tasapainoilla eik\u00e4 viileke pureutunut olkaan - olo oli melkein kuin ilman...<\/p>\n<p>Alkoi MP ehdotella normaalia marssij\u00e4rjestyst\u00e4 kukin omine rinkkoineen. Mutta L\u00e4r\u00e4 ei suostunutkaan ja syit\u00e4 alkoi l\u00f6yty\u00e4: Koska Condoria piti testata, pit\u00e4\u00e4 siit\u00e4 saada kokonaisvaltainen k\u00e4sitys eik\u00e4 semmoinen k\u00e4y h\u00e4tik\u00f6iden - rinkkaa on kannettava v\u00e4hint\u00e4\u00e4n p\u00e4iv\u00e4 ellei kaksikin per testaaja ja koska reppi sattui nyt olemaan L\u00e4r\u00e4n sel\u00e4ss\u00e4, niin olkoon toistaiseksi. Sit\u00e4 paitsi, itseh\u00e4n MP sit\u00e4 L\u00e4r\u00e4lle tyrkytti, mit\u00e4s se semmoinen on ett\u00e4 heti ruvetaan perumaan? Eik\u00e4 rinkka ollut edes MP:n, joten yht\u00e4 hyvin L\u00e4r\u00e4kin sit\u00e4 voi lopun reissua kantaa. Ja sit\u00e4 rataa sek\u00e4 niin edelleen...<\/p>\n<p>Tilanne k\u00e4rjistyi niin pitk\u00e4lle, ett\u00e4 MP:n piti ruveta uhkailemaan liev\u00e4\u00e4 t\u00f6rke\u00e4mm\u00e4ll\u00e4 v\u00e4kivallalla - rommiannoksen pienent\u00e4misell\u00e4 ja varakaljan salajuonnilla - ennen kuin Condor siirtyi taas MP:n harteille. Loppureissun L\u00e4r\u00e4 manaili, ett\u00e4 kaikenlaisia saamarin keikuttimia sit\u00e4 ihmisen pit\u00e4\u00e4kin kantaa.<\/p>\n<p>Lienee sanomattakin selv\u00e4\u00e4, ett\u00e4 seuraavalla reissulla oli L\u00e4r\u00e4nkin hareteilla ikioma, 85-litrainen Condor ja putkirinkkojen kantajat saivat L\u00e4r\u00e4lt\u00e4 l\u00e4hinn\u00e4 s\u00e4\u00e4livi\u00e4 katseita.<\/p>\n","protected":false},"excerpt":{"rendered":"<p>Elettiin sit\u00e4 aikaa, kun anatomic-rinkat tekiv\u00e4t tuloaan. L\u00e4r\u00e4 katseli moisia pussukoita v\u00e4h\u00e4n hitaasti, neh\u00e4n n\u00e4yttiv\u00e4t oikein l\u00e4mp\u00f6pattereilta - kyll\u00e4 ilman pit\u00e4\u00e4 kiert\u00e4\u00e4 sel\u00e4n ja kantotelineen v\u00e4list\u00e4. Ja kaiken maailman lantiovy\u00f6tkin olivat ep\u00e4ilytt\u00e4vi\u00e4. Paino korkealle ja tasapainoilemaan - se oli L\u00e4r\u00e4n mielest\u00e4 pelin henki, koska niin se oli ollut alusta alkaen. Reissukaverinsa MP seurasi aktiivisesti ajan <a href=\"https:\/\/ktss.sivukierre.fi\/index.php\/putkirinkkaani-en-vaihda\/\" class=\"more-link\">...jatka lukemista<span class=\"screen-reader-text\"> \"Putkirinkkaani en vaihda\"<\/span><\/a><\/p>\n","protected":false},"author":1,"featured_media":0,"parent":0,"menu_order":0,"comment_status":"closed","ping_status":"closed","template":"","meta":{"footnotes":""},"class_list":["post-275","page","type-page","status-publish","h-entry","hentry","h-as-page"],"_links":{"self":[{"href":"https:\/\/ktss.sivukierre.fi\/index.php\/wp-json\/wp\/v2\/pages\/275","targetHints":{"allow":["GET"]}}],"collection":[{"href":"https:\/\/ktss.sivukierre.fi\/index.php\/wp-json\/wp\/v2\/pages"}],"about":[{"href":"https:\/\/ktss.sivukierre.fi\/index.php\/wp-json\/wp\/v2\/types\/page"}],"author":[{"embeddable":true,"href":"https:\/\/ktss.sivukierre.fi\/index.php\/wp-json\/wp\/v2\/users\/1"}],"replies":[{"embeddable":true,"href":"https:\/\/ktss.sivukierre.fi\/index.php\/wp-json\/wp\/v2\/comments?post=275"}],"version-history":[{"count":0,"href":"https:\/\/ktss.sivukierre.fi\/index.php\/wp-json\/wp\/v2\/pages\/275\/revisions"}],"wp:attachment":[{"href":"https:\/\/ktss.sivukierre.fi\/index.php\/wp-json\/wp\/v2\/media?parent=275"}],"curies":[{"name":"wp","href":"https:\/\/api.w.org\/{rel}","templated":true}]}}