{"id":27,"date":"2017-01-23T23:56:04","date_gmt":"2017-01-23T21:56:04","guid":{"rendered":"https:\/\/ktss.sivukierre.fi\/?page_id=27"},"modified":"2017-02-17T13:49:27","modified_gmt":"2017-02-17T11:49:27","slug":"reissutarinoita","status":"publish","type":"page","link":"https:\/\/ktss.sivukierre.fi\/index.php\/reissutarinoita\/","title":{"rendered":"Reissutarinoita"},"content":{"rendered":"<p><a href=\"\/index.php\/kohtaus-peuraselassa\/\">Kohtaus Peurasel\u00e4ss\u00e4<\/a>\u00a0\/ <a href=\"\/index.php\/iltakavely-kessissa\/\">Iltak\u00e4vely Kessiss\u00e4<\/a> \/ <a href=\"\/index.php\/kulkijan-kaskyt-1\/\">Kulkijan k\u00e4skyt 1<\/a> \/ <a href=\"\/index.php\/korttipelia\/\">Korttipeli\u00e4<\/a> \/ <a href=\"\/index.php\/putkirinkkaani-en-vaihda\/\">Putkirinkkaani en vaihda...<\/a> \/ <a href=\"\/index.php\/tunteeko-kukaan-lonely-rideria\/\">Tunteeko kukaan Lonely Rideri\u00e4?<\/a> \/ <a href=\"\/index.php\/nuoriso-urheilee\/\">Nuoriso urheilee<\/a> \/ <a href=\"\/index.php\/eras-jouluaatto\/\">Er\u00e4s jouluaatto<\/a> \/ <a href=\"\/index.php\/kalastusta-lokalla\/\">Kalastusta Lokalla<\/a> \/ <a href=\"\/index.php\/turistin-tappokierros\/\">Turistin tappokierros<\/a> \/ <a href=\"\/index.php\/iltakavely-kakslauttaselle\/\">Iltak\u00e4vely Kakslauttaselle<\/a> \/ <a href=\"\/index.php\/ensimmainen-reissu-ylos\/\">Ensimm\u00e4inen reissu yl\u00f6s<\/a> \/ <a href=\"\/index.php\/luppo-matin-ripitys\/\">Luppo-Matin ripitys<\/a> \/ <a href=\"\/index.php\/seuran-synty\/\">Seuran synty<\/a> \/ <a href=\"\/index.php\/pamppaysta-peltilaavulla\/\">P\u00e4mpp\u00e4yst\u00e4 peltilaavulla<\/a> \/ <a href=\"\/index.php\/nangujarven-pippalot\/\">Nanguj\u00e4rven pippalot<\/a> \/ <a href=\"\/index.php\/partiolaisten-puuhuoltoa\/\">Partiolaisten puuhuoltoa<\/a> \/ <a href=\"\/index.php\/pyhiinvaellusmatka\/\">Pyhiinvaellusmatka<\/a> \/ <a href=\"https:\/\/ktss.sivukierre.fi\/index.php\/pikareissu-ivalojoella\/\">Pikareissu Ivalojoella<\/a> \/ <a href=\"https:\/\/ktss.sivukierre.fi\/index.php\/pakkasennatys\/\">Pakkasenn\u00e4tys<\/a> \/ <a href=\"\/index.php\/leiri-on-varastettu\/\">Leiri on varastettu<\/a> \/ <a href=\"https:\/\/ktss.sivukierre.fi\/index.php\/telemarkia-ja-poroa-aakenuksella\/\">Telemarkia ja poroa Aakenuksella<\/a> \/ <a href=\"\/index.php\/salaisia-hommia\/\">Salaisia hommia<\/a> \/ <a href=\"\/index.php\/timanttijuhla\/\">Timanttijuhla<\/a> \/ <a href=\"\/index.php\/kurmeeta-ja-kuninkaallisia-kotitunturilla\/\">Kurmeeta ja kuninkaallisia kotitunturilla<\/a> \/ <a href=\"\/index.php\/reitinvalintoja\/\">Reitinvalintoja<\/a> \/ <a href=\"https:\/\/ktss.sivukierre.fi\/index.php\/reitinvalintoja-osa-2\/\">Reitinvalintoja, osa II<\/a> \/ <a href=\"https:\/\/ktss.sivukierre.fi\/index.php\/kamojenrikkomareissu\/\">Kamojenrikkomareissu<\/a><\/p>\n<p><a href=\"\/index.php\/kokolattiamattojen-maassa\/\">Kokolattiamattojen Maassa<\/a><\/p>\n<p><a href=\"\/documents\/uuttaEUta.html\" target=\"_blank\">Anti-Hymer -matka (100v ja sillee...)<\/a><\/p>\n<p><a href=\"\/documents\/Camino_de_Santiago.pdf\" target=\"_blank\">Hiljaisen miehen matka<\/a><\/p>\n<p>&nbsp;<\/p>\n<p>&nbsp;<\/p>\n","protected":false},"excerpt":{"rendered":"<p>Kohtaus Peurasel\u00e4ss\u00e4\u00a0\/ Iltak\u00e4vely Kessiss\u00e4 \/ Kulkijan k\u00e4skyt 1 \/ Korttipeli\u00e4 \/ Putkirinkkaani en vaihda... \/ Tunteeko kukaan Lonely Rideri\u00e4? \/ Nuoriso urheilee \/ Er\u00e4s jouluaatto \/ Kalastusta Lokalla \/ Turistin tappokierros \/ Iltak\u00e4vely Kakslauttaselle \/ Ensimm\u00e4inen reissu yl\u00f6s \/ Luppo-Matin ripitys \/ Seuran synty \/ P\u00e4mpp\u00e4yst\u00e4 peltilaavulla \/ Nanguj\u00e4rven pippalot \/ Partiolaisten puuhuoltoa \/ Pyhiinvaellusmatka <a href=\"https:\/\/ktss.sivukierre.fi\/index.php\/reissutarinoita\/\" class=\"more-link\">...jatka lukemista<span class=\"screen-reader-text\"> \"Reissutarinoita\"<\/span><\/a><\/p>\n","protected":false},"author":1,"featured_media":0,"parent":0,"menu_order":0,"comment_status":"closed","ping_status":"closed","template":"","meta":{"footnotes":""},"class_list":["post-27","page","type-page","status-publish","h-entry","hentry","h-as-page"],"_links":{"self":[{"href":"https:\/\/ktss.sivukierre.fi\/index.php\/wp-json\/wp\/v2\/pages\/27","targetHints":{"allow":["GET"]}}],"collection":[{"href":"https:\/\/ktss.sivukierre.fi\/index.php\/wp-json\/wp\/v2\/pages"}],"about":[{"href":"https:\/\/ktss.sivukierre.fi\/index.php\/wp-json\/wp\/v2\/types\/page"}],"author":[{"embeddable":true,"href":"https:\/\/ktss.sivukierre.fi\/index.php\/wp-json\/wp\/v2\/users\/1"}],"replies":[{"embeddable":true,"href":"https:\/\/ktss.sivukierre.fi\/index.php\/wp-json\/wp\/v2\/comments?post=27"}],"version-history":[{"count":0,"href":"https:\/\/ktss.sivukierre.fi\/index.php\/wp-json\/wp\/v2\/pages\/27\/revisions"}],"wp:attachment":[{"href":"https:\/\/ktss.sivukierre.fi\/index.php\/wp-json\/wp\/v2\/media?parent=27"}],"curies":[{"name":"wp","href":"https:\/\/api.w.org\/{rel}","templated":true}]}}