{"id":266,"date":"2017-02-14T01:24:52","date_gmt":"2017-02-13T23:24:52","guid":{"rendered":"https:\/\/ktss.sivukierre.fi\/?page_id=266"},"modified":"2020-08-14T23:37:37","modified_gmt":"2020-08-14T20:37:37","slug":"seuran-synty","status":"publish","type":"page","link":"https:\/\/ktss.sivukierre.fi\/index.php\/seuran-synty\/","title":{"rendered":"Seuran synty"},"content":{"rendered":"<p>Aikaan ennen kuin JP Somaliaan l\u00e4hti, tekiv\u00e4t h\u00e4n ja L\u00e4r\u00e4 farwell-reissun Muotkatuntureille tutustumaan nykyiseen havupuurajaan. Aamuna muutamana kun piti l\u00e4htem\u00e4ns\u00e4 nnn:n k\u00e4mp\u00e4lt\u00e4 etenem\u00e4\u00e4n xxx:n suuntaan, j\u00e4iv\u00e4t siin\u00e4 ihmettelem\u00e4\u00e4n pihalla olevaa nokista kivikasaa, jossa n\u00e4ytti olevan jonkinlainen tulipes\u00e4 ja jonka p\u00e4\u00e4ll\u00e4 oli kummallinen h\u00e4kkyr\u00e4. Pianhan se selvisi: saunahan tuo on, saatana viek\u00f6\u00f6n! Kivet vain kuumiksi ja sitten jokin r\u00e4tti kehikon p\u00e4\u00e4lle...<\/p>\n<p>J\u00e4i ajatus it\u00e4m\u00e4\u00e4n. Sit\u00e4 siin\u00e4 kulkiessa kehiteltiin ja laskeskeltiin, olisiko jotain katetta jo nyt mukana. Olihan tuota, kaksi isoa sadeviittaa ja auton puolipeite. Niinp\u00e4 p\u00e4\u00e4tettiin edet\u00e4 havupuurajan alapuolelle ja etsi\u00e4 lampi, jonka rannalta l\u00f6ytyisi sopivan kokoisia kivenlimppuja kiukaaseen. Niinp\u00e4 l\u00f6ytyikin tarkoituksiin sopiva xxxxx. Vett\u00e4 siin\u00e4 tosin ei paljoa ollut, mutta v\u00e4h\u00e4t siit\u00e4 - kyll\u00e4 se ainakin l\u00f6ylyvedeksi riitt\u00e4isi.<\/p>\n<p>Tuumasta toimeen: JP alkoi muotoilla kiuasta ja L\u00e4r\u00e4 ryhtyi mielipuuhaansa eli halkojen hakkuuseen. Pian nuoleskeli tervastuli kivi\u00e4 ja poikamme viritteliv\u00e4t koivunriukukehikkoa kasan ylle. Sidetarpeina k\u00e4ytettiin viksi\u00e4lankaa (joka on sivumennen sanoen aivan v\u00e4ltt\u00e4m\u00e4t\u00f6n varuste muun muassa miss\u00e4 tahansa). Kolmen tunnin l\u00e4mmitt\u00e4misen j\u00e4lkeen arvioitiin kivien olevan kypsi\u00e4 ja kehikon p\u00e4\u00e4lle viriteltiin suojaviitat ja autonpeite. Sitten vain vikkel\u00e4sti kamppeet kankaalle ja ei kun SAUNAAN! Seinien tiiviydess\u00e4 oli toivomisen varaa, mutta kivikasassa riitti h\u00f6nk\u00e4\u00e4 pariin kunnon l\u00f6ylyttelyyn. V\u00e4lill\u00e4 virkist\u00e4ydyttiin lammella. Olisi siin\u00e4 somali ihmetellyt, kun kaksi valkoista nakupelle\u00e4 kiduttaa itse\u00e4\u00e4n h\u00f6yry\u00e4 pelmahtelevassa teltassa ja kastelee toisiaan m\u00e4tt\u00e4m\u00e4ll\u00e4 j\u00e4\u00e4kylm\u00e4\u00e4 vett\u00e4 toistensa niskaan Trangian kattilalla.<\/p>\n<p>N\u00e4in oli saanut alkunsa saunomistraditio omin k\u00e4sin tehdyss\u00e4 pikasaunassa napapiirin paremmalla puolella. Pyh\u00e4sti p\u00e4\u00e4tettiin, ett\u00e4 traditiota yll\u00e4pidet\u00e4\u00e4n aina mahdollisuuden tullen. Puuha tuntui sen verran hullulta, ett\u00e4 sille piti keksi\u00e4 jokin kattoj\u00e4rjest\u00f6 - yhdistysten luvatussa maassa kun ollaan. Nimeksi yhdistykselle valittiin kaksimielisesti (enemp\u00e4\u00e4 kun mieli\u00e4 ei ollut paikalla) Korvatunturin Saunaseura y.v.r.y ja p\u00e4\u00e4tettiin, ett\u00e4 joskus viel\u00e4 tehd\u00e4\u00e4n pyhiinvaellusmatka seuran nimikkotunturille. Mik\u00e4 sitten tehtiinkin, mutta se on jo toinen <a href=\"\/index.php\/pyhiinvaellusmatka\/\" target=\"_blank\" rel=\"noopener noreferrer\">tarina<\/a>...<\/p>\n<p>Niin mik\u00e4k\u00f6 y.v.r.y? \"Yh\u00e4 viel\u00e4 rekister\u00f6im\u00e4t\u00f6n yhdistys\" tietysti - ja sellaisena se pysyykin: eiv\u00e4th\u00e4n vapaamuuraritkaan ole patentti- ja rekisterihallitukseen itsest\u00e4\u00e4n kertoneet...<\/p>\n","protected":false},"excerpt":{"rendered":"<p>Aikaan ennen kuin JP Somaliaan l\u00e4hti, tekiv\u00e4t h\u00e4n ja L\u00e4r\u00e4 farwell-reissun Muotkatuntureille tutustumaan nykyiseen havupuurajaan. Aamuna muutamana kun piti l\u00e4htem\u00e4ns\u00e4 nnn:n k\u00e4mp\u00e4lt\u00e4 etenem\u00e4\u00e4n xxx:n suuntaan, j\u00e4iv\u00e4t siin\u00e4 ihmettelem\u00e4\u00e4n pihalla olevaa nokista kivikasaa, jossa n\u00e4ytti olevan jonkinlainen tulipes\u00e4 ja jonka p\u00e4\u00e4ll\u00e4 oli kummallinen h\u00e4kkyr\u00e4. Pianhan se selvisi: saunahan tuo on, saatana viek\u00f6\u00f6n! Kivet vain kuumiksi ja <a href=\"https:\/\/ktss.sivukierre.fi\/index.php\/seuran-synty\/\" class=\"more-link\">...jatka lukemista<span class=\"screen-reader-text\"> \"Seuran synty\"<\/span><\/a><\/p>\n","protected":false},"author":1,"featured_media":0,"parent":0,"menu_order":0,"comment_status":"closed","ping_status":"closed","template":"","meta":{"footnotes":""},"class_list":["post-266","page","type-page","status-publish","h-entry","hentry","h-as-page"],"_links":{"self":[{"href":"https:\/\/ktss.sivukierre.fi\/index.php\/wp-json\/wp\/v2\/pages\/266","targetHints":{"allow":["GET"]}}],"collection":[{"href":"https:\/\/ktss.sivukierre.fi\/index.php\/wp-json\/wp\/v2\/pages"}],"about":[{"href":"https:\/\/ktss.sivukierre.fi\/index.php\/wp-json\/wp\/v2\/types\/page"}],"author":[{"embeddable":true,"href":"https:\/\/ktss.sivukierre.fi\/index.php\/wp-json\/wp\/v2\/users\/1"}],"replies":[{"embeddable":true,"href":"https:\/\/ktss.sivukierre.fi\/index.php\/wp-json\/wp\/v2\/comments?post=266"}],"version-history":[{"count":0,"href":"https:\/\/ktss.sivukierre.fi\/index.php\/wp-json\/wp\/v2\/pages\/266\/revisions"}],"wp:attachment":[{"href":"https:\/\/ktss.sivukierre.fi\/index.php\/wp-json\/wp\/v2\/media?parent=266"}],"curies":[{"name":"wp","href":"https:\/\/api.w.org\/{rel}","templated":true}]}}