{"id":263,"date":"2017-02-14T01:20:29","date_gmt":"2017-02-13T23:20:29","guid":{"rendered":"https:\/\/ktss.sivukierre.fi\/?page_id=263"},"modified":"2017-02-14T01:38:30","modified_gmt":"2017-02-13T23:38:30","slug":"korttipelia","status":"publish","type":"page","link":"https:\/\/ktss.sivukierre.fi\/index.php\/korttipelia\/","title":{"rendered":"Korttipeli\u00e4"},"content":{"rendered":"<p>Olipa L\u00e4r\u00e4 kerran ollut rakkaan vaimonsa ja er\u00e4\u00e4n germaanipariskunnan kanssa kulkemassa merkitty\u00e4 reitti\u00e4 Padjelantan ja Stora Sj\u00f6falletin kansallispuistossa Ru\u00e5tsin puolella. Yhdess\u00e4 Sarekin puiston kanssa nuo kolme muodostavat Euroopan ehk\u00e4 t\u00e4rkeimm\u00e4n kansallispuistikon. Retkeily\u00e4 tukevat reitit ja rakennelmat on keskitetty nimenomaan kahteen ensin mainittuun puistoon ja Sarek on j\u00e4tetty k\u00e4yt\u00e4nn\u00f6llisesti katsoen ilman turistipalveluja. Sinne kulkevilta vaaditaan sen verran vaivautumista, varustautumista ja omatoimisuutta, ett\u00e4 ei ole ihme, ettei siell\u00e4 juuri turisteja k\u00e4y. K\u00e4vij\u00f6ist\u00e4kin useimmat ovat muita kuin ruotsalaisia.<\/p>\n<p>Sen verran j\u00e4i Sarekissa k\u00e4ym\u00e4tt\u00f6myys kaivelemaan, ett\u00e4 sinne oli l\u00e4hdett\u00e4v\u00e4 vasiten. Mukana oli kaksi kolmannesta Korvatunturin Saunaseurasta. Ei puuttunut kuin JP. (Tosin seuraa ei oltu tuolloin viel\u00e4 edes perustettu, mutta se on jo toinen <a href=\"https:\/\/ktss.sivukierre.fi\/index.php\/seuran-synty\/\" target=\"_blank\">tarina <\/a>.) Matka alkoi venekyydill\u00e4 Akkajauren yli ja jatkui Akkan l\u00e4nsipuolitse <a href=\"\/images\/Sarek1\/images\/JR_1985_000390023_0007_Ruotesvagge.jpg\" target=\"_blank\">Ruotesvaggeen<\/a>, jolloin oltiinkin jo Sarekissa.<\/p>\n<p>Ruotesvagge on luoteis-kaakko - suuntainen puuton laakso noin 800 - 900 metri\u00e4 merenpinnasta. Laakso muuttuu kaakompana kuuluisaksi Rapadaleniksi. Molemmin puolin kohosivat huikean jyrk\u00e4t tunturit. Koillisessa oli itse Sarek kymmenine l\u00e4hes 2000 metrisine huippuineen ja parhaimmat reilusti ylikin. Kyll\u00e4 kelpasi kulkea - oli tilaa hengitt\u00e4\u00e4, vaikka maisemat olivat hengityksen salvata. Onneksi oli kirkas keli ja mieto tuuli. Aluksi.<\/p>\n<p>Tavoitteena parivaljakollamme oli <a href=\"\/images\/Sarek1\/\/images\/JR_1985_000390030_0007_Loddepakte.jpg\" target=\"_blank\">L\u00e5ddepakte <\/a>, Rapadalenin ja Sarvesvaggenin yhtym\u00e4kohtaa vartioiva, 1537-metrinen tunturi, jonka etel\u00e4- ja l\u00e4nsirinteet putoavat pystysuorina l\u00e4hes kilometrin Rapadalenin pohjalle. Huipulta olisi voinut vaikka hyp\u00e4t\u00e4 laskuvarjolla. Toisen reissup\u00e4iv\u00e4n loppuessa oli retkue l\u00e4hes L\u00e5ddepakten juurella ja kohteen valloitus tapahtuisi kolmantena p\u00e4iv\u00e4n\u00e4.<\/p>\n<p>Kolmas p\u00e4iv\u00e4 valkeni - sik\u00e4li kun sit\u00e4 valkenemiseksi voi sanoa - m\u00e4rk\u00e4n\u00e4 ja hyvin sumuisena. Tai eih\u00e4n se mit\u00e4\u00e4n tavallista sumua ollut - olipahan pelkk\u00e4\u00e4 pilve\u00e4, jossa ilma liikkui rivakasti. Sanalla sanoen alkoi tuulla niin, ett\u00e4 teltan paikallaan pysymisen varmistaminen piti tehd\u00e4 \u00e4kki\u00e4 vaihtamalla Caravanin helmalenkkeihin huomattavasti isommat kivet. Vett\u00e4kin alkoi lent\u00e4\u00e4 vaakasuunnassa sen verran, ett\u00e4 teltta kutsui pikaisesti. Tuuli sen kuin yltyi. Parivaljakko totesi olevansa puuttomassa tunturissa, sile\u00e4ll\u00e4 harjanteella kunnon myr\u00e4k\u00e4n kourissa l\u00e4hes nollan\u00e4kyvyydess\u00e4 eik\u00e4 l\u00e4mp\u00f6tila ollut muutamaa astetta enemp\u00e4\u00e4. Kaikki, mik\u00e4 erotti parivaljakon suuresta kurjuudesta oli kaksi kerrosta ohutta telttakangasta. N\u00e4ink\u00f6h\u00e4n se kest\u00e4isi? Laatupelih\u00e4n <a href=\"\/images\/Sarek1\/images\/JR_1985_000390024_0007_CaravanRuotesvagge.jpg\" target=\"_blank\">teltta<\/a> oli ja varsin uusi, mutta kyll\u00e4 myrsky sen toisaalta koetukselle laittoi.<\/p>\n<p>Teltta tuntui kest\u00e4v\u00e4n ja mik\u00e4s siin\u00e4 sitten oli ollessa. Muun tekemisen puutteessa alkoivat kaverukset pelata korttia. Peliksi valittiin 500 (er\u00e4s Canastan muunnelma). Eip\u00e4 aikaakaan, kun yl\u00e4raja nostettiin 5.000:een. Illan lopussa se oli jo 10.000 ja myrsky sen kun jatkui - tuuli vonkui ja ulisi teltan naruissa. Illalla ei tuikkukynttil\u00e4ll\u00e4 toimivaa telttalyhty\u00e4 voinut oikein k\u00e4ytt\u00e4\u00e4, kun se heilui teltan harjanarussa niin, ett\u00e4 steariinit lenteliv\u00e4t sinne ja t\u00e4nne.<\/p>\n<p>Aamulla myrsky jatkui ja niin jatkui korttipelikin. Raja nostettiin jo 20.000:een. V\u00e4ltt\u00e4m\u00e4t\u00f6nt\u00e4 ulkona k\u00e4ynti\u00e4 yritettiin v\u00e4ltt\u00e4\u00e4 mahdollisimman pitk\u00e4\u00e4n, kunnes oli aivan pakko. Voisi sanoa, ett\u00e4 tuuletus pelasi hyvin - sinne meniv\u00e4t tuuleen sek\u00e4 isot ett\u00e4 pienet asiat kuten my\u00f6s tyvenpyyhint\u00e4paperit...<\/p>\n<p>Kolmantena aamuna myr\u00e4kk\u00e4 vihdoin hellitti. Poikamme totesivat pelanneensa korttia 48 tuntia putkeen, mit\u00e4 nyt v\u00e4lill\u00e4 v\u00e4h\u00e4n nukkuivat ja toimittelivat einehtimiseen ja sen prosessointiin liittyvi\u00e4 toimenpiteit\u00e4. Veden m\u00e4\u00e4r\u00e4 tunturissa oli \u00e4kisti kasvanut - joka puolella oli pikku puroja ja laakson pohjalla olevan joen pinta oli selv\u00e4sti noussut. Olipa teltanpaikka kerrankin valittu oikein pienen kumpareen p\u00e4\u00e4lt\u00e4.<\/p>\n<p>Partio aloitti L\u00e5ddepakten valloituksen v\u00e4litt\u00f6m\u00e4sti: kevyt p\u00e4iv\u00e4retken kantamus mukaan ja kiipe\u00e4m\u00e4\u00e4n. L\u00e4hes kilometri\u00e4 korkeammalla ja tunteja my\u00f6hemmin voivat retkel\u00e4iset vain todeta, ett\u00e4 kyll\u00e4 kannatti. <a href=\"\/images\/Sarek1\/images\/JR_1985_000390041_0007_Loddepakte.jpg\" target=\"_blank\">Rapadalen<\/a> oli huikaiseva n\u00e4ky kilometrin korkeudesta. Hirvet olivat appeella aivan poikien alapuolella Pielloriepjauren rannalla tyystin tiet\u00e4m\u00e4tt\u00f6min\u00e4 oudoista tarkkailijoista. Laakso jatkui taivaanrantaan asti, jossa Tjakkelin kummallinen, kulmikas hahmo seisoi ik\u00e4\u00e4n kuin laakson suun vartijana. Joki kiemurteli pohjalla tuhansin kiemuroin muutellen alituiseen muotoaan siirtelem\u00e4ll\u00e4 pehme\u00e4\u00e4 hiekkaa dyynist\u00e4 toiseen. Hiekka, tiivis pajukko, kiemurteleva joki ja lampare toisensa j\u00e4lkeen tekev\u00e4t Rapadalenin pohjan ihmiselle kulkukelvottomaksi sulan maan aikaan. Seidan kiitos. Kelpaa siell\u00e4 hirven rauhassa asustella ja vitelikossa einehti\u00e4.<\/p>\n","protected":false},"excerpt":{"rendered":"<p>Olipa L\u00e4r\u00e4 kerran ollut rakkaan vaimonsa ja er\u00e4\u00e4n germaanipariskunnan kanssa kulkemassa merkitty\u00e4 reitti\u00e4 Padjelantan ja Stora Sj\u00f6falletin kansallispuistossa Ru\u00e5tsin puolella. Yhdess\u00e4 Sarekin puiston kanssa nuo kolme muodostavat Euroopan ehk\u00e4 t\u00e4rkeimm\u00e4n kansallispuistikon. Retkeily\u00e4 tukevat reitit ja rakennelmat on keskitetty nimenomaan kahteen ensin mainittuun puistoon ja Sarek on j\u00e4tetty k\u00e4yt\u00e4nn\u00f6llisesti katsoen ilman turistipalveluja. Sinne kulkevilta vaaditaan sen <a href=\"https:\/\/ktss.sivukierre.fi\/index.php\/korttipelia\/\" class=\"more-link\">...jatka lukemista<span class=\"screen-reader-text\"> \"Korttipeli\u00e4\"<\/span><\/a><\/p>\n","protected":false},"author":1,"featured_media":0,"parent":0,"menu_order":0,"comment_status":"closed","ping_status":"closed","template":"","meta":{"footnotes":""},"class_list":["post-263","page","type-page","status-publish","h-entry","hentry","h-as-page"],"_links":{"self":[{"href":"https:\/\/ktss.sivukierre.fi\/index.php\/wp-json\/wp\/v2\/pages\/263","targetHints":{"allow":["GET"]}}],"collection":[{"href":"https:\/\/ktss.sivukierre.fi\/index.php\/wp-json\/wp\/v2\/pages"}],"about":[{"href":"https:\/\/ktss.sivukierre.fi\/index.php\/wp-json\/wp\/v2\/types\/page"}],"author":[{"embeddable":true,"href":"https:\/\/ktss.sivukierre.fi\/index.php\/wp-json\/wp\/v2\/users\/1"}],"replies":[{"embeddable":true,"href":"https:\/\/ktss.sivukierre.fi\/index.php\/wp-json\/wp\/v2\/comments?post=263"}],"version-history":[{"count":0,"href":"https:\/\/ktss.sivukierre.fi\/index.php\/wp-json\/wp\/v2\/pages\/263\/revisions"}],"wp:attachment":[{"href":"https:\/\/ktss.sivukierre.fi\/index.php\/wp-json\/wp\/v2\/media?parent=263"}],"curies":[{"name":"wp","href":"https:\/\/api.w.org\/{rel}","templated":true}]}}