{"id":258,"date":"2017-02-14T01:05:08","date_gmt":"2017-02-13T23:05:08","guid":{"rendered":"https:\/\/ktss.sivukierre.fi\/?page_id=258"},"modified":"2017-02-14T01:05:08","modified_gmt":"2017-02-13T23:05:08","slug":"turistin-tappokierros","status":"publish","type":"page","link":"https:\/\/ktss.sivukierre.fi\/index.php\/turistin-tappokierros\/","title":{"rendered":"Turistin tappokierros"},"content":{"rendered":"<p>Sattuipa L\u00e4r\u00e4 keittelem\u00e4\u00e4n rommiteet\u00e4 Suomun k\u00e4mp\u00e4ll\u00e4 illan h\u00e4m\u00e4rtyess\u00e4 huhtikuussa joskus siihen aikaan, kun Kiilop\u00e4\u00e4n uusi k\u00e4mpp\u00e4 oli vasta seuraavana vuonna palava. Teehetki keskeytyi, kun sis\u00e4\u00e4n t\u00f6rm\u00e4si oranssiin Suomen Ladun latuneuvojan anorakkiin pukeutunut laihank\u00e4lpe\u00e4, lommoposkinen tosihiiht\u00e4j\u00e4. Askeleensa oli kepe\u00e4 ja olo jotensakin levottoman tuntuinen. Alkoipa pianaikaa muitakin tosihiiht\u00e4ji\u00e4 ty\u00f6nty\u00e4 trikoissaan sis\u00e4\u00e4n yksi toisensa j\u00e4lkeen - parta huurussa joka toisella. Yhdeks\u00e4n henke\u00e4 kaikkiaan tuntui olevan reissussa. Siin\u00e4 pikaisesti suklaatankoa huuhtelivat alas \u00f6kl\u00f6nvihre\u00e4ll\u00e4 kuntojuomalla. Kilometrej\u00e4\u00e4n ja matkanopeuttaan siin\u00e4 \u00e4\u00e4neen laskeskelivat.<\/p>\n<p>Oranssitakkinen opas tuntui erityisesti olevan tohkeissaan - kuului uusi enn\u00e4tys olevan tulollansa ja hoputteli muita pit\u00e4m\u00e4\u00e4n kiirett\u00e4 juomiensa kanssa. Rinkkakansa alkoi jo kysell\u00e4 meiningin per\u00e4\u00e4n - kovasti tuntui oudolta tuommoinen kiire n\u00e4inkin kaukana koneladuista. Selvisih\u00e4n se: kyse oli Kiilop\u00e4\u00e4n Kierroksesta, kymmenen huipun valloittamisesta yhden vuorokauden aikana vapaasti kokoonpannulla joukkueella. Kuka tunsi kuntonsa kovaksi, voi ilmoittautua vet\u00e4j\u00e4n per\u00e4ss\u00e4 hiiht\u00e4m\u00e4\u00e4n. Kuntoa moisessa todella tarvittiinkin: 100 kilometri\u00e4, josta suurin osa ilman konelatua ja iso osa avotunturissa. Varusteina mahdollisimman kevyet latusukset, ilman ter\u00e4sreunoja tietenkin... Kantamuksina vy\u00f6laukut ja pikkureput, joihin h\u00e4th\u00e4t\u00e4\u00e4 p\u00e4iv\u00e4n ev\u00e4iden ja urheilujuoman lis\u00e4ksi ehk\u00e4 villapusero mahtui.<\/p>\n<p>H\u00e4t\u00e4isimm\u00e4t jo kokoilivat kamppeitaan, kun k\u00e4mp\u00e4n ovi viel\u00e4 k\u00e4vi ja sis\u00e4\u00e4n puikahti noin 35-vuotias naishiiht\u00e4j\u00e4, kierroksen per\u00e4npit\u00e4j\u00e4. H\u00e4n liikkui j\u00e4yk\u00e4sti ja hitaanoloisesti eik\u00e4 kummemmin yhtynyt vet\u00e4j\u00e4n intoon uudesta, tulossa olevasta enn\u00e4tyksest\u00e4. Alkoi siin\u00e4 hitaasti sekoitella urheilujuomaansa ja vet\u00e4ytyi sit\u00e4 alalaverille maistelemaan. L\u00e4r\u00e4 tarkkaili naista syrj\u00e4silmin. T\u00e4st\u00e4 huokui selv\u00e4sti suuri uupumus. Nainen maisteli juomaansa varovasti ja nielaisi sitten reilun kulauksen - ja y\u00f6kk\u00e4si sen saman tien takaisin.<\/p>\n<p>T\u00e4ss\u00e4 vaiheessa L\u00e4r\u00e4 puuttui puheeseen ja sanoi, ett\u00e4 muut pinkokoot enn\u00e4tyksens\u00e4 per\u00e4\u00e4n mink\u00e4 mieliv\u00e4t, mutta viimeksi tullut j\u00e4\u00e4 k\u00e4mp\u00e4lle. T\u00e4st\u00e4h\u00e4n vet\u00e4j\u00e4 riemastui: mik\u00e4 L\u00e4r\u00e4 tai kukaan muukaan ulkopuolinen oli heid\u00e4n liikuntaharrastukseensa puuttumaan? Oltiinkos sit\u00e4 jotain l\u00e4\u00e4k\u00e4reit\u00e4 vai? L\u00e4r\u00e4 yritti perustella ehdotustaan hiiht\u00e4j\u00e4n ilmiselv\u00e4ll\u00e4 uupumuksella, jonka toteamiseen ei tarvita l\u00e4\u00e4k\u00e4rinpapereita, pelkk\u00e4 maalaisj\u00e4rki riitt\u00e4\u00e4. T\u00e4h\u00e4n vet\u00e4j\u00e4 tokaisi, ett\u00e4 ei kun keitet\u00e4\u00e4n oikein vahvat kahvit, niin kyll\u00e4 uupumus sill\u00e4 l\u00e4htee! Voi herran pieksut, tuumi L\u00e4r\u00e4 ja alkoi jo l\u00e4mmet\u00e4 muun rinkkakansan antaessa sivustatukea: jos noin v\u00e4syneelle annetaan tuhti annos kofeiinia ja pakotetaan viel\u00e4 kelloa vastaan 15 kilometrin hiihtoon josta ensimm\u00e4iset seitsem\u00e4n yl\u00e4m\u00e4keen tunturin laelle, on enemm\u00e4n kuin todenn\u00e4k\u00f6ist\u00e4, ettei hiiht\u00e4j\u00e4 omin jaloin perille tule!<\/p>\n<p>Kiistelyn kohde itse mutisi jaksavansa, mutta mutinasta puuttui tykk\u00e4n\u00e4\u00e4n ponsi. Kyll\u00e4 h\u00e4n hyvinkin tilansa tunsi, mutta suunnistustaidottomana ja ilman y\u00f6pymis- tai juuri muitakaan varusteita h\u00e4n ei oikein voisi porukasta j\u00e4tt\u00e4yty\u00e4. T\u00e4h\u00e4n todettiin, ett\u00e4 rinkkaturisteilta kyll\u00e4 liikenee lainavarusteita ja opastus takaisin Kiilop\u00e4\u00e4lle.<\/p>\n<p>Vet\u00e4j\u00e4 koki j\u00e4\u00e4v\u00e4ns\u00e4 v\u00e4hemmist\u00f6\u00f6n, kun eiv\u00e4t muut himohiiht\u00e4j\u00e4t h\u00e4nt\u00e4 juuri tukeneet - eiv\u00e4t tosin tukeneet rinkkapuolueen mielipiteit\u00e4k\u00e4\u00e4n. V\u00e4h\u00e4n oli henki se, ett\u00e4 kukin hiiht\u00e4k\u00f6\u00f6n omillaan ja miksi ilmoittautua reissuun jos ei reissua kest\u00e4! Sovittiin sitten, ett\u00e4 v\u00e4synyt j\u00e4\u00e4 k\u00e4mp\u00e4lle ja vet\u00e4j\u00e4 soittaa Kiilop\u00e4\u00e4lt\u00e4 tuvan puhelimeen - tuolloin ne viel\u00e4 toimivat talvellakin - kysy\u00e4kseen, josko kelkkanoutoa tarvittaisiin. Ja niin pelmahti himohiiht\u00e4j\u00e4joukko tiehens\u00e4.<\/p>\n<p>V\u00e4synyt sitten vaatetettiin, juotettiin (sy\u00f6m\u00e4\u00e4n h\u00e4n ei kyennyt muruakaan) ja peiteltiin lainauntuviin nukkumaan. Uni tuli varmaan ennen kuin p\u00e4\u00e4 aluseen kosketti. Niin oli unensa syv\u00e4\u00e4 ja liikkumatonta, ett\u00e4 aina v\u00e4lill\u00e4 piti l\u00e4helt\u00e4 tarkistaa elonmerkit. Siin\u00e4 sitten muut istuksivat, nauttivat rommitotia ja h\u00e4mm\u00e4steliv\u00e4t vet\u00e4j\u00e4n k\u00e4sitt\u00e4m\u00e4t\u00f6nt\u00e4 typeryytt\u00e4. Sek\u00e4 odottelivat Kiilop\u00e4\u00e4lt\u00e4 tarkistussoittoa, jota ei koskaan tullut.<\/p>\n<p>P\u00e4\u00e4ttip\u00e4 L\u00e4r\u00e4 silloin, ettei asiaa j\u00e4tet\u00e4 t\u00e4h\u00e4n - semminkin, kun se v\u00e4h\u00e4 mit\u00e4 v\u00e4synyt reissun kulusta jaksoi kertoa, oli l\u00e4hinn\u00e4 p\u00f6yristytt\u00e4v\u00e4\u00e4: keli oli ollut hieno ja alku oli sujunut suorastaan lent\u00e4m\u00e4ll\u00e4 aina Tuiskukuruun asti. Siell\u00e4 piti joukon lev\u00e4t\u00e4 kunnolla etuk\u00e4teen laaditun suunnitelman mukaan kuutisen tuntia, mutta olipa vet\u00e4j\u00e4 havainnut uuden enn\u00e4tyksen mahdollisuuden (siit\u00e4 siis ilmeisesti kilpailtiin joka kerta!) ja saanut porukankin innostumaan - ainakin osittain. Kertoja itse ei puolesta \u00e4\u00e4nest\u00e4nyt, mutta ei ilennyt vastaankaan sanoa porukanpetturuuden pelossa. Niinp\u00e4 Tuiskusta oli l\u00e4hdetty pikapikaa ja Tuiskun - Suomun v\u00e4li oli tultu tukka putkella. Pienet lepotauot oli pidetty vain sen t\u00e4hden, ettei jono venyisi liiaksi ja liike jatkui heti, kun h\u00e4nt\u00e4p\u00e4\u00e4 - siis v\u00e4synyt vieraamme - k\u00e4rjen saavutti. Siten h\u00e4n ei ollut saanut v\u00e4lill\u00e4 Tuisku-Suomu hetkenk\u00e4\u00e4n lepoa! Turpaansa olisi vet\u00e4j\u00e4 jo tuostakin hyv\u00e4st\u00e4 ansainnut...<\/p>\n<p>Nelj\u00e4ntoista tunnin unen j\u00e4lkeen vieraamme her\u00e4si, s\u00f6i aamiaisen ja kertoi samalla v\u00e4h\u00e4n taustastaan, josta l\u00f6ytyi runsaasti pitki\u00e4 kuntotapahtumia. Erityisesti moninkertainen Finlandia-hiihdon kilpasarjaan osallistuminen oli antanut uskoa siihen, ett\u00e4 kyll\u00e4h\u00e4n 100 km menee siin\u00e4 kuin 75:kin varsinkin kun aikaa on ruhtinaallisesti enemm\u00e4n. Lapissa h\u00e4n ei tosin ollut hiiht\u00e4nyt kuin t\u00e4m\u00e4n ensimm\u00e4isen reissun yhteydess\u00e4 muutamia p\u00e4ivi\u00e4 Saarisel\u00e4n upeilla koneladuilla, joilla kilometrej\u00e4 syntyy kuin itsest\u00e4\u00e4n. H\u00e4n oli sitten innostunut Kiilop\u00e4\u00e4n Kierroksesta lomaviikon kruunaukseksi. R\u00f6ykkyinen ja tuulinen avotunturi, pitk\u00e4t yl\u00e4m\u00e4et, kovalla hangella hiihto, vauhti, pitk\u00e4t huoltov\u00e4lit, lepotaukojen puute ja ennen kaikkea vet\u00e4j\u00e4n k\u00e4sitt\u00e4m\u00e4t\u00f6n v\u00e4\u00e4rinarviointi ja asennevammaisuus oli sitten yll\u00e4tt\u00e4nyt tyystin ja imenyt mehut viimeist\u00e4 pisaraa my\u00f6ten.<\/p>\n<p>Hiihteliv\u00e4t sitten opastettava ja v\u00e4liaikaisoppaat Suomun vartta pikkuhiljaa yl\u00f6sp\u00e4in. Niin sisukas oli opastettava kuitenkin, ett\u00e4 Ter\u00e4v\u00e4nkivenp\u00e4\u00e4 oli v\u00e4ltt\u00e4m\u00e4tt\u00e4 huiputettava jotta kymmenen tulisi t\u00e4yteen - sittenkin, vaikka lihakset olivat niin kipein\u00e4, ett\u00e4 alas oli tultava sivuttain luisuttelemalla; laskukyyry\u00e4 eiv\u00e4t jalat sallineet.<\/p>\n<p>Heti Kiilop\u00e4\u00e4lle saavuttuaan yritti L\u00e4r\u00e4 yhytt\u00e4\u00e4 opas-tampion \"neuvotteluun\", mutta oli kuulemma ehtinyt jo paikalta poistua - ehk\u00e4 onnekseen; viel\u00e4kin L\u00e4r\u00e4ll\u00e4 kiehahtaa, kun omahyv\u00e4isen vet\u00e4j\u00e4n naamaa muistelee. Mit\u00e4\u00e4n ei ollut Suomun episodista kertonut vet\u00e4j\u00e4kavereilleen, mutta uudella enn\u00e4tyksell\u00e4 toki oli elvistellyt. L\u00e4r\u00e4 kyll\u00e4 kertoi - ja suureen \u00e4\u00e4neen. Kaikille, jotka jaksoivat kuunnella. Erityisesti reissukaverilleen MP:lle, koska t\u00e4ll\u00e4 oli my\u00f6s latuoppaan oranssinen anorakki ja tunsi l\u00e4hell\u00e4 Suomen Ladun johtoa olevia ihmisi\u00e4.<\/p>\n<p>Vaikutti puhuminen sitten eli ei, mutta kun palaneen p\u00e4\u00e4rakennuksen tilalle uusi samanlainen pyk\u00e4ttiin, oli kahvilan sein\u00e4ll\u00e4 koreillut, Kiilop\u00e4\u00e4n Kierrosta symboloiva, kymmenen tunturin yli kulkeva k\u00f6ysilenkki vaihtunut puiseen reliefiin UKK-puistosta. Eik\u00e4 Kiilop\u00e4\u00e4n Kierroksesta ole sen koommin kuultu. Seidan kiitos.<\/p>\n","protected":false},"excerpt":{"rendered":"<p>Sattuipa L\u00e4r\u00e4 keittelem\u00e4\u00e4n rommiteet\u00e4 Suomun k\u00e4mp\u00e4ll\u00e4 illan h\u00e4m\u00e4rtyess\u00e4 huhtikuussa joskus siihen aikaan, kun Kiilop\u00e4\u00e4n uusi k\u00e4mpp\u00e4 oli vasta seuraavana vuonna palava. Teehetki keskeytyi, kun sis\u00e4\u00e4n t\u00f6rm\u00e4si oranssiin Suomen Ladun latuneuvojan anorakkiin pukeutunut laihank\u00e4lpe\u00e4, lommoposkinen tosihiiht\u00e4j\u00e4. Askeleensa oli kepe\u00e4 ja olo jotensakin levottoman tuntuinen. Alkoipa pianaikaa muitakin tosihiiht\u00e4ji\u00e4 ty\u00f6nty\u00e4 trikoissaan sis\u00e4\u00e4n yksi toisensa j\u00e4lkeen - parta <a href=\"https:\/\/ktss.sivukierre.fi\/index.php\/turistin-tappokierros\/\" class=\"more-link\">...jatka lukemista<span class=\"screen-reader-text\"> \"Turistin tappokierros\"<\/span><\/a><\/p>\n","protected":false},"author":1,"featured_media":0,"parent":0,"menu_order":0,"comment_status":"closed","ping_status":"closed","template":"","meta":{"footnotes":""},"class_list":["post-258","page","type-page","status-publish","h-entry","hentry","h-as-page"],"_links":{"self":[{"href":"https:\/\/ktss.sivukierre.fi\/index.php\/wp-json\/wp\/v2\/pages\/258","targetHints":{"allow":["GET"]}}],"collection":[{"href":"https:\/\/ktss.sivukierre.fi\/index.php\/wp-json\/wp\/v2\/pages"}],"about":[{"href":"https:\/\/ktss.sivukierre.fi\/index.php\/wp-json\/wp\/v2\/types\/page"}],"author":[{"embeddable":true,"href":"https:\/\/ktss.sivukierre.fi\/index.php\/wp-json\/wp\/v2\/users\/1"}],"replies":[{"embeddable":true,"href":"https:\/\/ktss.sivukierre.fi\/index.php\/wp-json\/wp\/v2\/comments?post=258"}],"version-history":[{"count":0,"href":"https:\/\/ktss.sivukierre.fi\/index.php\/wp-json\/wp\/v2\/pages\/258\/revisions"}],"wp:attachment":[{"href":"https:\/\/ktss.sivukierre.fi\/index.php\/wp-json\/wp\/v2\/media?parent=258"}],"curies":[{"name":"wp","href":"https:\/\/api.w.org\/{rel}","templated":true}]}}