{"id":153,"date":"2017-01-29T00:09:04","date_gmt":"2017-01-28T22:09:04","guid":{"rendered":"https:\/\/ktss.sivukierre.fi\/?page_id=153"},"modified":"2017-01-29T00:09:04","modified_gmt":"2017-01-28T22:09:04","slug":"kokolattiamattojen-maassa","status":"publish","type":"page","link":"https:\/\/ktss.sivukierre.fi\/index.php\/kokolattiamattojen-maassa\/","title":{"rendered":"Kokolattiamattojen Maassa"},"content":{"rendered":"<p>(Julkaistu alunperin George W Bush tyh...mm\u00e4n aikaan, pian 9\/11 - tapahtumien j\u00e4lkeen)<\/p>\n<p>Kokolattiamatto tuntuu ihan mukavalta paljaan jalan alla kylpyhuonetoiminnoissa. Mutta p\u00f6lyallergisen henkil\u00f6n nen\u00e4ss\u00e4 se ei en\u00e4\u00e4 niin mukavalta tunnukaan. Meill\u00e4kin huonohko hajuaisti lopetti kokonaan toimintansa heti Kokolattiamattojen Maan er\u00e4\u00e4n lentoaseman tuloportilla ja alkoi palautua vasta Helsinki-Vantaan tuloaulan j\u00e4lkeisess\u00e4 pikkupakkasessa. Siin\u00e4 v\u00e4liss\u00e4 turpa oli tukossa parisen viikkoa.<\/p>\n<p>Kokolattiamattojen Maassa kuluu taatusti valtavasti hilloa l\u00e4\u00e4k\u00e4riss\u00e4k\u00e4ynteihin, joissa todetaan p\u00f6lyallergia ja lis\u00e4\u00e4 hilloa hupenee jatkuvaan allergial\u00e4\u00e4kitykseen. Molemmista iso osa turhaan, jos hoidettaisiin syyt\u00e4 eik\u00e4 seurauksia. Mutta ei: siin\u00e4 maassa ihmismajoitukseen tai -oleskeluun tarkoitettu rakennus varustetaan kokolattiamatolla. Erityisesti t\u00e4m\u00e4 koskee makuutiloja. Aina.<\/p>\n<p>Samanlainen seuraustenhoitaminen syiden sijasta n\u00e4kyy Roskaruuan Maassa sy\u00f6misess\u00e4. McDonalds ei turhaan ole (ainakin ty\u00f6llist\u00e4mismieless\u00e4) maailman suurin yritys ja kun mukaan lasketaan kaiken maailman kfc:t, burgerkingit, wendy'sit, whattaburgerit jne, lienee kyseess\u00e4 Roskaruuan Maan suurin elinkeinohaara. Sy\u00f6m\u00e4kulttuurin seurauksia sitten yritet\u00e4\u00e4n paikkailla mit\u00e4 mielikuvituksellisimmilla pikalaihdutustuotteilla ja -menetelmill\u00e4. Kuluttajien kannalta turhaa mutta varmaankin yh\u00e4 kannattavampaa bisnest\u00e4 sekin.<\/p>\n<p>Jotensakin kuvaavaa koko sy\u00f6m\u00e4touhulle oli er\u00e4\u00e4n k\u00e4pykyl\u00e4n Ruby Thursday -niminen sy\u00f6tt\u00f6l\u00e4, joka poikkesi hampurilaispaikoista edukseen hyv\u00e4ll\u00e4 aamiaisbuffetilla. Siin\u00e4 oli vihannesta ja kasvista moneen l\u00e4ht\u00f6\u00f6n. Mutta miten ollakaan, vaikka tupaan mahtui satakunta sy\u00f6m\u00e4vierasta kerrallaan, olivat kasvisten tarjoiluastiat arviolta litran kippoja. Sis\u00e4ll\u00f6t pysyiv\u00e4t l\u00e4hes koskemattomina - mit\u00e4 me nyt muutaman semmoisen tyhjensimme - muistaaksemme broccolin ja paprikan. Grilli- ja m\u00f6ss\u00f6tarjottimet kyll\u00e4 olivat n. neli\u00f6metrin kukin eik\u00e4 tarjottava j\u00e4\u00e4hty\u00e4 kerennyt. Siin\u00e4 meni kylke\u00e4, munaa, pekonia, kanaa, possua, sipsi\u00e4, ranskiksia, hajaruskeaa (\"hashbrown\") sun muuta \u00f6ljyss\u00e4 ja rasvassa paistettua m\u00e4tt\u00f6\u00e4 sek\u00e4 marmelaadipinnoitettua vaaleaa paahtoleip\u00e4\u00e4, pikkuleip\u00e4\u00e4, donitsia ja muffinsia alas kolajuoman huuhtelemana. Siis aamiaiseksi. Samaa paskaa sitten hampurilaisten t\u00e4ydent\u00e4m\u00e4n\u00e4 lounaaksi, p\u00e4iv\u00e4lliseksi, iltapalaksi jne.<\/p>\n<p>Jos kuka lihavia ihmisi\u00e4 luulee luonnossa n\u00e4hneens\u00e4 muttei ole Kevyenliikenteenv\u00e4yl\u00e4tt\u00f6m\u00e4ss\u00e4 Maassa k\u00e4ynyt, ei ole n\u00e4hnyt mit\u00e4\u00e4n. Edellisest\u00e4 k\u00e4ynnist\u00e4 kerkesi meill\u00e4 l\u00e4hes kymmenen vuotta kulua ja perseet olivat t\u00e4ll\u00e4 v\u00e4lin levinneet n. 27% sek\u00e4 niiden lukum\u00e4\u00e4r\u00e4 oli lis\u00e4\u00e4ntynyt 43%. Miss\u00e4p\u00e4 se muussa n\u00e4kyisi kuin ihmisten sairastavuudessa. Siell\u00e4 koululaisten aikuisi\u00e4n diabetes ja syd\u00e4ntaudit ovat nyky\u00e4\u00e4n aivan arkip\u00e4iv\u00e4\u00e4.<\/p>\n<p>Levi\u00e4minen n\u00e4kyy my\u00f6s katukuvassa muutenkin kuin levein\u00e4 persein\u00e4. Joka ikisess\u00e4 kauppakeskuksessa ja supermarketissa on ostosk\u00e4rryjen lis\u00e4ksi runsaasti py\u00f6r\u00e4tuoleja ja ostoskorillisia s\u00e4hk\u00f6mopoja jalankannattamattomien k\u00e4ytt\u00f6\u00f6n ja jokaiseen yleiseen rakennukseen p\u00e4\u00e4see varmasti py\u00f6r\u00e4tuolilla. Hissit ja yleisten tilojen k\u00e4ym\u00e4l\u00e4t ovat suuria. Sin\u00e4ns\u00e4 loistava juttu niillekin, jotka ovat vammaisia muistakin kuin itse aiheutetuista syist\u00e4, vaikkei n\u00e4it\u00e4 ymp\u00e4rist\u00f6n rakentamisessa todellakaan ole ajateltu - edustavathan he ostokyvyn k\u00e4rp\u00e4ssarjaa verrattuna autoileviin \"tavallisiin\" kuluttajiin, jotka viel\u00e4 kykenev\u00e4t sent\u00e4\u00e4n automaattivaihteisen henkil\u00f6auton kahta poljinta operoimaan.<\/p>\n<p>Isosta massasta - sananmukaisesti - syntyy my\u00f6s \u00e4\u00e4ri-ilmi\u00f6it\u00e4, joilla Televisiomainoksin Ohjatun Kulutuksen Maassa sitten m\u00e4ss\u00e4ill\u00e4\u00e4n. Isoperseiden Maassa on tavallinen porno televisiossa kielletty\u00e4 (fiktiivinen tappaminen toki ei) ja niinp\u00e4 se on korvattu kovalla sosiaalipornolla. Emme voi olla kertomatta pahinta: vaimo oli sy\u00f6tt\u00e4nyt miest\u00e4\u00e4n seitsem\u00e4n (siis seitsem\u00e4n!) vuotta vuoteeseen, koska henkil\u00f6 ei kyennyt en\u00e4\u00e4 painoltaan k\u00e4velem\u00e4\u00e4n. Ja kun yhdest\u00e4 p\u00e4\u00e4st\u00e4 m\u00f6ss\u00f6\u00e4 sis\u00e4\u00e4n ty\u00f6nnet\u00e4\u00e4n, toisesta p\u00e4\u00e4st\u00e4 on sen pakko poistua niilt\u00e4 osin, joka ei hiilihydraatteina rasvakudokseen sitoudu. Senkin vaimo tietysti hoiteli, vaikkei sit\u00e4 erityisesti mainittu saati n\u00e4ytetty - seh\u00e4n olisi liipannut jo liian l\u00e4helt\u00e4 tavallista pervopornoa. Apua ymm\u00e4rsi naishenkil\u00f6 hakea vasta, kun mieshenkil\u00f6 ei kyennyt en\u00e4\u00e4 edes k\u00e4\u00e4ntym\u00e4\u00e4n vuoteessaan ja makuuhaavat alkoivat liiaksi vaivata. Elopainokin huiteli jo yli 325 kilon! Henkil\u00f6n hoitolaitokseen siirtoa ja hoitolaitoksessa makaamista sitten kuvattiin siten, ett\u00e4 genitaalit eiv\u00e4t ihan n\u00e4kyneet. Muuten jokseenkin ep\u00e4m\u00e4\u00e4r\u00e4inen ja poimuista rasvattu massa esiteltiin l\u00e4hikuvin paljaana eri kulmista. Ihmiseksi vuoren arvasi p\u00e4\u00e4st\u00e4. V\u00e4lill\u00e4 vaimo ja sisar (molemmat n. 150-kiloisia) kertoivat tippa linssiss\u00e4 tuntojaan ja yrittiv\u00e4t salakuljettaa miesraukalle sipsej\u00e4... L\u00e4\u00e4k\u00e4ri esitteli hienoa hoitolaitostaan tonniluokan nostureineen ja kuljettimineen. Huonoja ennusteita unohtamatta.<\/p>\n<p>Moinen tirkistely sin\u00e4ns\u00e4 - ilman sen kummempaa taustoittamista, yleistyst\u00e4 tahi johtop\u00e4\u00e4t\u00f6ksi\u00e4 - oli jo etovaa, mutta homman ytimen paljastivat runsaat, n. 7 minuutin v\u00e4lein toistetut mainoskatkot. Arvannette mainostetut tuotteet ja ohjelman (mainitsemattomat) sponsorit: laihdutusl\u00e4\u00e4kkeit\u00e4, -valmisteita, -vinksottimia ja -oppaita kaikki tyynni. Valitut Palat -maisista henkil\u00f6kohtaisista selviytymiskertomuksista poiketen henkil\u00f6 ohjelman lopuksi kuoli, kuten k\u00e4sikirjoitukseen tietysti sopikin. Y\u00f6k.<\/p>\n<p>Kevyenliikenteenv\u00e4lyl\u00e4tt\u00f6m\u00e4ss\u00e4 Maassa tietysti yksityisautoillaan. Joukkoliikenteeksi siell\u00e4 lasketaan valtatien seitsem\u00e4st\u00e4 kaistasta suuntaansa vasemmanpuoleisin, jolla saa ruuhka-aikana ajaa vain, jos autossa on kaksi tai useampia matkustajia! Isoissa kaupungeissa on toki muutama bussi, mutta niill\u00e4 ajavat vain k\u00f6yh\u00e4t, joilla ei ole varaa mink\u00e4\u00e4nlaiseen autonkotteroon. N\u00e4ist\u00e4 98,7% on tummaihoisia ja iso osa suljettu vankilaan seuraavassa luvussa mainituista syist\u00e4.<\/p>\n<p>Leveidenteiden Maassa on kuluttajat pakotettu py\u00f6ritt\u00e4m\u00e4\u00e4n elinkeinoel\u00e4m\u00e4n autonpy\u00f6ri\u00e4 seuraavalla pirullisella tavalla:<\/p>\n<ol>\n<li>On pakko k\u00e4ytt\u00e4\u00e4 henkil\u00f6autoa, kun mill\u00e4\u00e4n muulla v\u00e4lineell\u00e4 tai jalan ei voi liikkua v\u00e4lj\u00e4sti hajautettujen palvelujen \u00e4\u00e4reen. Leveidenteiden Maa on nimitt\u00e4in iso - sinne mahtuu hajauttamaan. Kuluttajan on ostettava siis auto.<\/li>\n<li>Koska autoja on paljon ja liikenne kasvaa koko ajan, on rakennettava lis\u00e4\u00e4 teit\u00e4 ja parkkipaikkoja. T\u00e4m\u00e4 toiminto rahoitetaan p\u00e4\u00e4osin julkisin (kuluttajilta ker\u00e4tyin vero-) varoin.<\/li>\n<li>Auton k\u00e4ytt\u00f6 vaatii bensiini\u00e4, jota kuluttaja siis hankkii city-maasturinsa tai lava-pickupinsa horittavaksi. Rapiat kahdella r\u00e4nkyl\u00e4ll\u00e4 per gallona. Keskikulutus lienee siell\u00e4 15-20 litraa sadalla, ja on taas kasvamaan p\u00e4in.<\/li>\n<li>Autoilla ajetaan aamiaiseksi, lounaaksi ja p\u00e4iv\u00e4lliseksi johonkin roskaruokapaikkaan ja illalla menn\u00e4\u00e4n ostarille shoppailemaan.<\/li>\n<li>Kun on sy\u00f6ty itsens\u00e4 t\u00e4rvi\u00f6lle ja sairaaksi, menn\u00e4\u00e4n autolla joko l\u00e4\u00e4k\u00e4riin tai apteekkiin (drive-in -tyyppiseen, tietenkin) sy\u00f6misper\u00e4isten vaivojen helpottamiseksi.<\/li>\n<li>Illalla saadaan televisiosta 73 kanavan t\u00e4ydelt\u00e4 maksimissaan 10 minuutin v\u00e4lein v\u00e4himmill\u00e4\u00e4n 10 minuutin kerta-annoksina suoria kaupallisia vaikutteita, jotka tukevat edell\u00e4 esitetty\u00e4 mallia eiv\u00e4tk\u00e4 vaihtoehtoja esittele. Kaupallisten tiedotteiden v\u00e4liss\u00e4 tulee joko sosiaalipornoa, poliisisarjoja tai valmiiksi naurettua, joissa kaikissa esiintyy ellei p\u00e4\u00e4- niin merkitt\u00e4v\u00e4ss\u00e4 sivuosassa auto ja sill\u00e4 ajaminen. P\u00e4\u00e4osassa auto on, kun se esitt\u00e4\u00e4 poliisisarjassa takaa-ajoa. Uutiset t\u00e4ydent\u00e4v\u00e4t poliisisarjoja esittelem\u00e4ll\u00e4 oikeita rikoksia yksitellen, ja vain niit\u00e4 (*). Isojenk\u00e4siaseiden Maassa poliisitoimesta 94% suoritetaan ajamalla autoa. Loppu kuluu k\u00e4sirautojen kytkemiseen huonosti k\u00e4ytt\u00e4ytyvien kuluttajien ranteisiin ja kytkettyjen ohjaamiseen oikeudenistunnon kautta vankilaan uudelleenkoulutettaviksi.<\/li>\n<li>74. kanavalta tulee suoraa l\u00e4hetyst\u00e4 oikeudenk\u00e4ynneist\u00e4, kuulusteluista tai paikallisen kunnanvaltuuston istunnosta. T\u00e4m\u00e4 on ainoa ei-kaupallinen kanava. T\u00e4t\u00e4 kanavaa ei kukaan katso.<\/li>\n<\/ol>\n<p>Pirulliseksi t\u00e4m\u00e4n tekee se, ett\u00e4 Asianajajien Luvatussa Maassa julkinen valta pyrkii kaikin tavoin edesauttamaan kohtien 1. ja 2. voimassapysymist\u00e4 ja vahvistumista - se on nimitt\u00e4in helpoin tapa pit\u00e4\u00e4 talousel\u00e4m\u00e4n py\u00f6r\u00e4t - sananmukaisesti - py\u00f6rim\u00e4ss\u00e4. Kuluttajat pyrkiv\u00e4t tietenkin kaikin tavoin l\u00e4htem\u00e4\u00e4n kohdasta 1, koska vaihtoehtoja ei ole. Joillekin se merkitsee, ett\u00e4 auton hankintaan puuttuvat hillot pit\u00e4\u00e4 hankkia lainvastaisin keinoin. T\u00e4t\u00e4 varten Seitsenkertaisen Vankim\u00e4\u00e4r\u00e4n Maassa on vankilat valjastettu hairahtuneiden kuluttajien uudelleenkoulutusyksik\u00f6iksi siten, ett\u00e4 koulutettavat eiv\u00e4t seuraavalla kerralla j\u00e4\u00e4 niin helposti kiinni ja voivat t\u00e4ten t\u00e4ysipainoisesti osallistua kuluttamiseen.<\/p>\n<p>Kerran Leveidenteiden Maassa er\u00e4s Euroopassa vieraillut ja sielt\u00e4 sopimattomia ideoita saanut edustuslaitoksen j\u00e4sen ihmetteli julkisuudessa, miksei Leveidenteiden Maan etel\u00e4isimm\u00e4n osavaltion it\u00e4rannikon monikymmenmiljoonaisen, tihe\u00e4n nauhakaupunkiketjun v\u00e4list\u00e4 runkoliikennett\u00e4 hoideta huippumoderneilla ja tihe\u00e4sti liikenn\u00f6ivill\u00e4 luotijunilla? Sen sijaan ett\u00e4 n\u00e4iden v\u00e4list\u00e4 valtatiet\u00e4 levennet\u00e4\u00e4n kaista kaistalta jotta kaikki kuluttajat mahtuisivat sinne autoineen nytk\u00e4htelem\u00e4\u00e4n ruuhkassa eteenp\u00e4in. On sanomattakin selv\u00e4\u00e4, ett\u00e4 t\u00e4llainen edustaja suljettiin uudelleenkoulutuskeskukseen Lobattavienedustajien Maan \u00f6ljy- ja autoteollisuuden lobbareiden suosituksesta. Ei pid\u00e4 ihmetell\u00e4, ett\u00e4 mainitun rannikon rautatiell\u00e4 kolkuttelee edelleenkin vain 60-luvun dieselvetoisia tavarajunia, jotka l\u00e4hinn\u00e4 kuljettavat maa-ainesta valtatien levennys- ja siltaty\u00f6maille.<\/p>\n<p>Tolkuttomantuhlauksen Maa ei anna mit\u00e4\u00e4n toivoa globaalin ilmastomuutoksen est\u00e4miseksi tai edes hidastamiseksi. Maan ehk\u00e4 tyhmin presidentti veettoaa kaikenmaailman kiotonsopimukset turvalleen vedoten kuluttaja-\u00e4\u00e4nest\u00e4jiin, jotka eiv\u00e4t tule koskaan hyv\u00e4ksym\u00e4\u00e4n kohdan 1 muuttamista. Todellisuudessa muuttamista ei hyv\u00e4ksy maan \u00f6ljyteollisuus, jolle presidentti on vannonut todellisen uskollisuudenvalansa kuitatessaan t\u00e4lt\u00e4 vaaliavustuksensa. Koska Tolkuttomantuhlauksen Maa sattuu lis\u00e4ksi olemaan viihdeteollisuutensa ansiosta jonkinlainen ihannemallimaa muun muassa j\u00e4ttim\u00e4isille Vinosilmien Maan ja Gurujen Maan kehittyville talouksille ja tuleville kuluttajille, maalaa se viel\u00e4 synkemm\u00e4n kuvan tulevasta kehityksest\u00e4. Meid\u00e4n vankkumaton k\u00e4sitys on, ett\u00e4 maailman kaikki \u00f6ljy tuprutellaan joka tapauksessa taivaalle seuraavan 50-100 vuoden kuluessa. Fuusiovoima ei ehdi vedynvalmistukseen kaikkien moottoriteill\u00e4 ja megapolien ruuhkissa nytk\u00e4htelevien tarpeisiin ja muut vaihtoehdot ovat viherpiipert\u00e4mist\u00e4, ydinvoimaa my\u00f6ten, uraanin saatavuuden takia. Kun \u00f6ljy loppuu, aletaan kaivaa hiilt\u00e4 tosissaan. Elleiv\u00e4t sitten v\u00e4henev\u00e4n \u00f6ljyn ja puhtaan veden takia k\u00e4ydyt suursodat sit\u00e4 ennen palauta kaikkea inhimillist\u00e4 kaivamista takaisin juurimukuloiden k\u00e4sin kaiveluun kilpaa simpanssien kanssa ter\u00e4v\u00e4kyntisi\u00e4 lihansy\u00f6ji\u00e4 v\u00e4ltellen.<\/p>\n<p>Tolkuttomantuhlauksen Maa on my\u00f6skin tuhlausperinteidens\u00e4 vanki. Maailman vesist\u00f6jen kannalta ehk\u00e4 katastrofaalisin keksint\u00f6, vesiklosetti, ei ole muuttunut tuossa maassa sataan vuoteen miksik\u00e4\u00e4n. Siell\u00e4 edelleen kakitaan laveaan \u00e4mp\u00e4ritilavuuteen, komeasti roiskutellen. Posliinissa jopa lukee \"American Standard\". P\u00f6ntt\u00f6 huuhdellaan noin sadalla litralla kerrallaan. Sama n\u00e4in-on-aina-tehty -meininki koskee muutakin kylpyhuonekalustusta: k\u00e4sisuihkuja tai bideit\u00e4 ei edelleenk\u00e4\u00e4n ole, on vain korkealta sein\u00e4st\u00e4 sojottava j\u00e4ykk\u00e4 suihkuputki. Huuhtele siin\u00e4 sitten istuntoroiskeet k\u00e4tev\u00e4sti...<\/p>\n<p>Tolkuton energiantuhlaus koskee my\u00f6s rakentamista. Esimerkiksi kelpaa mik\u00e4 hyv\u00e4ns\u00e4 ketjuyritys, joka pusaa standardikokoisia ja -n\u00e4k\u00f6isi\u00e4 liiketilojaan kautta maan. Toimialasta riippumatta. Meill\u00e4 oli mahdollisuus vertailla \"6\"-merkkisen motelliketjun tarjontaa sek\u00e4 tropiikin ett\u00e4 vuoriston oloissa. Molemmissa rakenneratkaisut olivat tismalleen samat: ei eristeit\u00e4 ulkoseiniss\u00e4 (kantillaan oleva kevyttiili), yksinkertaiset lasit, ei tiivisteit\u00e4, yksinkertaisen ulko-oven alla 3 cm rako, l\u00e4mmittimen\u00e4 r\u00e4misev\u00e4 ilmastointilaite. Sopii hienosti hellekeleille kuin my\u00f6s 25 asteen pakkasille, kunhan vain tukkii ovenraon pyyhkeill\u00e4... Sanomattakin on selv\u00e4\u00e4, ett\u00e4 paremmin varustetuissa omakotitaloissa takka ja piippu rakennetaan edelleenkin ulokkeeksi ulkosein\u00e4\u00e4n, jotta suurin osa kivimassaan sitoutuvasta l\u00e4mm\u00f6st\u00e4 vapautuu suoraan ulkoilman harakoille. Sill\u00e4 n\u00e4in on tehty aina ja n\u00e4in tehd\u00e4\u00e4n vastakin. Aamen.<\/p>\n<p>Kaksinaismoralismin Luvatussa Maassa suojellaan televisionkatsojaa kaikin tavoin tuhmilta jutuilta. Suoritimme ensimm\u00e4isen ja viimeisen yrityksen katsoa oikeaa elokuvaa televisiosta. Emme en\u00e4\u00e4 toiste yritt\u00e4neet, sill\u00e4 filmin ja kaupallisten tiedotteiden rytmitys 10 min \/ 10 min -suhteessa nosti mittarin korkealle. Tappiin se l\u00f6i, kun rap-kulttuuria kuvaavasta elokuvasta oli vaiennettu jokainen pimppa- ja kakkasana. Kuvitelkaa, rap-elokuvan \u00e4\u00e4niraidasta korvattu jokainen fuck- ja shit-sana yht\u00e4 pitk\u00e4ll\u00e4 tauolla! Kyseiseet sanat tosin sattuvat olemaan ehk\u00e4 keskeisimpi\u00e4 rap-runouden rytmitt\u00e4j\u00e4n\u00e4. Kuvitelkaa, rap-henkil\u00f6 lausuu esim. mutha...er; what the ... you are doing, go ... yourself, ... happens, jne jne. Siin\u00e4 kyll\u00e4 viestin mets\u00e4 ei en\u00e4\u00e4 n\u00e4y kaadetuilta puilta! Sama koskee tositv:t\u00e4, jossa poliisi ottaa kiinni huonosti k\u00e4ytt\u00e4ytyvi\u00e4 kuluttajia kameroiden edess\u00e4 ja kyseiset kuluttajat pyrkiv\u00e4t v\u00e4h\u00e4ttelem\u00e4\u00e4n poliisitointa lausumalla usein ja voimakkaasti kyseisi\u00e4 sanoja. Niiss\u00e4 sanat on ylimaalattu kime\u00e4ll\u00e4 piip-\u00e4\u00e4nell\u00e4, jottei katsoja vahingossakaan saisi kuulla kyseisi\u00e4 sanoja eik\u00e4 t\u00e4ten menett\u00e4isi mielenrauhaansa ja y\u00f6uniaan. Turvallista on, turvallista. Fiktiivist\u00e4 tappamista ja murhaamista saa kyll\u00e4 esitell\u00e4 mielin m\u00e4\u00e4rin ja oikeintositv:ss\u00e4 ojasta nostettuja puolim\u00e4d\u00e4ntyneit\u00e4 ruumiita. Semmoinenhan on vain herttaista, eik\u00e4 se voi kenenk\u00e4\u00e4n mielenrauhaa j\u00e4rkytt\u00e4\u00e4. Lastenkaan.<\/p>\n<p>(*) Television uutisia t\u00e4ydensi v\u00e4list\u00e4 my\u00f6s Kaikkeintyhmimm\u00e4npresidentin Maan presidentin sotasuoritusten kehuminen L\u00e4hi-Id\u00e4ss\u00e4 ja kotimaassa, jossa kuulemma siin\u00e4kin on koko ajan k\u00e4ynniss\u00e4 kauhea sota tota kamalaa terrorismia vastaan. Jonka varjolla saa esimerkiksi ihmisi\u00e4 luvatta kuunnella ja kuvata miss\u00e4 ja milloin vain ja vankeja kiduttaa, kunhan kidutetaan ulkomailla. Yht\u00e4\u00e4n terroristia, terroritekoa tai sen j\u00e4lki\u00e4 emme n\u00e4hneet, joten sodan on pakko olla menestyksek\u00e4st\u00e4. Ja t\u00e4ss\u00e4 toki tunnemme murhetta Entisten Kaksoistornien Maan kauheista tapahtumista syksyll\u00e4 2001.<\/p>\n<p>Ep\u00e4yst\u00e4v\u00e4llisten Viranomaisten Maassa saimme erityisesti lentoasemilla tuta olevamme vahvasti kotoisin sielt\u00e4 vitun my\u00f6t\u00e4tunnottomasta ja pelkurimaisesta Euroopasta, joka ei l\u00e4htenyt pahojen poikien savuavia aseita riisumaan yhdess\u00e4 Maailmatyhmimm\u00e4npresidentin Maan presidentin rinnalla. Savuavia aseita ei tosin l\u00f6ytynyt, mutta vietiinp\u00e4h\u00e4n sinne etsinn\u00e4n yhteydess\u00e4 kunnon demokratian malli: kansanosat toisiaan vastaan ja kaikki miehitt\u00e4j\u00e4\u00e4 vastaan. Hyv\u00e4 siit\u00e4 tulee. Sis\u00e4llissodan kautta.<\/p>\n<p>Ep\u00e4yst\u00e4v\u00e4llisten Viranomaisten Maan sis\u00e4\u00e4ntulonhidastamisviranomaiset hidastivat maahan sis\u00e4\u00e4ntuloa varsin tahallaan ja seisottivat useita satoja ihmisi\u00e4 tunnin-pari ylim\u00e4\u00e4r\u00e4ist\u00e4 eritt\u00e4inhitaidenliikkeiden tiskin edess\u00e4, jonka takana kyseiset viranomaiset liikkuivat kuin laiskiaiset. Passin k\u00e4teen otto tiskilt\u00e4, selaaminen, kuvan vertaaminen, sormenj\u00e4lkien otto - kaikki k\u00e4vi kuin 1\/4-nopeuteen hidastetussa elokuvassa, ja saatana aivan varmasti tarkoituksellisesti! Nuo latinoper\u00e4iset pikkunilkit vetkuttelivat ty\u00f6ns\u00e4 \u00e4\u00e4ress\u00e4 ja osoittivat Suurta Valtaa: sanokaapa yksikin poikkipuolinen sana tai n\u00e4ytt\u00e4k\u00e4\u00e4 ilme, niin maahantulonne ainakin hidastuu merkitt\u00e4v\u00e4sti tarkemmissa viranomaistutkimuksissa tai tyss\u00e4\u00e4 siihen paikkaan!<\/p>\n<p>Mutta pikku murheista viis: Maailmanparhaimmanpalvelun Maassa palvelu pelasi niin kauan kun p\u00e4t\u00e4kk\u00e4\u00e4 riitti. Onneksi ei ihan loppunut kesken, joten matka Kokolattiamattojen Maahan oli oikein rentouttava ja antoisa: rannat olivat tyhji\u00e4, ilma oli kaunis, n\u00e4ht\u00e4vyydet mielenkiintoisia, liikkuminen oli helppoa, liikennekulttuuri k\u00e4sitt\u00e4m\u00e4tt\u00f6m\u00e4n hyv\u00e4, tuliaiset halpoja (Leviksen 501- ja 505-farkut alta puoleen hintaan meik\u00e4l\u00e4isiin verraten), ihmiset yst\u00e4v\u00e4llisi\u00e4 (viranomaisia ei lasketa) ja meininki rentoa. Kalja tosin oli surkeaa (tavallinen Bud) tai viel\u00e4 surkeampaa (Bud Light). Semmoinen reissu se.<\/p>\n","protected":false},"excerpt":{"rendered":"<p>(Julkaistu alunperin George W Bush tyh...mm\u00e4n aikaan, pian 9\/11 - tapahtumien j\u00e4lkeen) Kokolattiamatto tuntuu ihan mukavalta paljaan jalan alla kylpyhuonetoiminnoissa. Mutta p\u00f6lyallergisen henkil\u00f6n nen\u00e4ss\u00e4 se ei en\u00e4\u00e4 niin mukavalta tunnukaan. Meill\u00e4kin huonohko hajuaisti lopetti kokonaan toimintansa heti Kokolattiamattojen Maan er\u00e4\u00e4n lentoaseman tuloportilla ja alkoi palautua vasta Helsinki-Vantaan tuloaulan j\u00e4lkeisess\u00e4 pikkupakkasessa. Siin\u00e4 v\u00e4liss\u00e4 turpa oli tukossa <a href=\"https:\/\/ktss.sivukierre.fi\/index.php\/kokolattiamattojen-maassa\/\" class=\"more-link\">...jatka lukemista<span class=\"screen-reader-text\"> \"Kokolattiamattojen Maassa\"<\/span><\/a><\/p>\n","protected":false},"author":1,"featured_media":0,"parent":0,"menu_order":0,"comment_status":"closed","ping_status":"closed","template":"","meta":{"footnotes":""},"class_list":["post-153","page","type-page","status-publish","h-entry","hentry","h-as-page"],"_links":{"self":[{"href":"https:\/\/ktss.sivukierre.fi\/index.php\/wp-json\/wp\/v2\/pages\/153","targetHints":{"allow":["GET"]}}],"collection":[{"href":"https:\/\/ktss.sivukierre.fi\/index.php\/wp-json\/wp\/v2\/pages"}],"about":[{"href":"https:\/\/ktss.sivukierre.fi\/index.php\/wp-json\/wp\/v2\/types\/page"}],"author":[{"embeddable":true,"href":"https:\/\/ktss.sivukierre.fi\/index.php\/wp-json\/wp\/v2\/users\/1"}],"replies":[{"embeddable":true,"href":"https:\/\/ktss.sivukierre.fi\/index.php\/wp-json\/wp\/v2\/comments?post=153"}],"version-history":[{"count":0,"href":"https:\/\/ktss.sivukierre.fi\/index.php\/wp-json\/wp\/v2\/pages\/153\/revisions"}],"wp:attachment":[{"href":"https:\/\/ktss.sivukierre.fi\/index.php\/wp-json\/wp\/v2\/media?parent=153"}],"curies":[{"name":"wp","href":"https:\/\/api.w.org\/{rel}","templated":true}]}}